{"id":540,"date":"2020-02-26T14:10:50","date_gmt":"2020-02-26T14:10:50","guid":{"rendered":"https:\/\/kalajaretkeily.fi\/fi\/?page_id=540"},"modified":"2023-08-15T12:52:38","modified_gmt":"2023-08-15T12:52:38","slug":"faq-usein-kysytyt-kysymykset","status":"publish","type":"page","link":"https:\/\/kalajaretkeily.fi\/fi\/faq-usein-kysytyt-kysymykset\/","title":{"rendered":"FAQ &#8211; UKK &#8211; Usein Kysyttyj\u00e4 kysymyksi\u00e4"},"content":{"rendered":"\n<h2 class=\"wp-block-heading\">Olen vuokrannut kaluston etuk\u00e4teen, mutta s\u00e4\u00e4tiedotus lupaa kovaa tuulta tai jatkuvaa rankkasadetta?<\/h2>\n\n\n\n<p>Ei huolta.  S\u00e4\u00e4turvan  ansiosta voit vaihtaa vuokrauksen ajankohdan ilman lis\u00e4kustannuksia.  Lue lis\u00e4\u00e4:  <strong><a rel=\"noreferrer noopener\" aria-label=\"VAIHTOTURVA (avautuu uudessa v\u00e4lilehdess\u00e4)\" href=\"https:\/\/kalajaretkeily.fi\/fi\/vaihtoturva\/\" target=\"_blank\">S\u00e4\u00e4turva.<\/a><\/strong><\/p>\n\n\n\n<h2 class=\"wp-block-heading\">Haluaisin l\u00e4hte\u00e4 melomaan aikaisemmin tai palata my\u00f6hemmin, mutta nettikaupassa vuokrausajat ovat vakioita?<\/h2>\n\n\n\n<p>Nettikaupassa varaukset tehd\u00e4\u00e4n aina vuorokauden jaksoissa, varausjakso alkaa klo 14:00 ja p\u00e4\u00e4ttyy seuraavana p\u00e4iv\u00e4n\u00e4 klo 13:30.  Jos haluat l\u00e4hte\u00e4 aikaisemmin tai palata my\u00f6hemmin niin aina kannattaa soittaa minulle, puh 040 5268562\/Vesa. Jos kaluston varaustilanne sallii, niin voin muuttaa varauksen alku- tai loppu aikaa.<\/p>\n\n\n\n<h2 class=\"wp-block-heading\">Valitsenko kajakin vai kanootin?<\/h2>\n\n\n\n<h3 class=\"wp-block-heading\">Kanootti eli avokanootti tai inkkari. <\/h3>\n\n\n\n<p>Rakkaalla lapsella on monta nime\u00e4!<br>Kanootissa on yhten\u00e4inen iso avotila, jossa melojat istuvat penkeill\u00e4 ja melovat yksilapaisella melalla.<br>Hyv\u00e4 puolia ovat reilut pakkaustilat ja iso kantavuus, kyytiinmenon helppous vaikka olisi hiukan kankeampijalkainenkin ja istuminen penkill\u00e4 ylemp\u00e4n\u00e4 kuin kajakissa, mik\u00e4 saattaa sopia paremmin jos on ongelmia sel\u00e4n tai jalkojen kanssa.  Kanoottiin voit my\u00f6s ottaa mukaan vaikka koiran tai henkil\u00f6n, joka ei melo ollenkaan.<br>Heikkouksia ovat hitaus, vaikeus hallita voimakkaassa tuulessa ja tavaroiden kastuminen kaatuessa tai sateessa. <br><\/p>\n\n\n\n<h3 class=\"wp-block-heading\"><strong>Kajakki<\/strong><\/h3>\n\n\n\n<p>On kannellinen ja istuinaukollinen, ja siin\u00e4 istutaan kuppimallisella istuimella vesirajan tuntumassa.  Sit\u00e4 melotaan k\u00e4ytt\u00e4en kaksilapaista kajakkimelaa.\u00a0Istuinaukko on peitett\u00e4viss\u00e4 aukkopeitteell\u00e4, jonka teht\u00e4v\u00e4n\u00e4 on est\u00e4\u00e4 roiskeveden tulo kajakkiin ja t\u00e4ten lis\u00e4t\u00e4 turvallisuutta. Kajakissa tavarat pakataan keulassa ja per\u00e4ss\u00e4 sijaitseviin luukullisiin tiloihin.<br>Hyvi\u00e4 puolia ovat nopeus, melomisen keveys ja varsinkin tuntuma siit\u00e4, ett\u00e4 ollaan todella l\u00e4hell\u00e4 vett\u00e4. Tavarat ovat my\u00f6s suojassa sateelta luukkujen alla. (eiv\u00e4t kastu sateessa tai karkaa jos k\u00e4y vahinko ja kaatuu). Kajakki on my\u00f6s turvallinen tuulessa (aukkopeite ja luukut est\u00e4v\u00e4t roiskeveden p\u00e4\u00e4syn kajakkiin sis\u00e4lle).<br>Heikkoja puolia: istuma-aukkoon meno ja istuminen jalat samassa tasossa kuin takamus saattaa olla haastavaa jos jalkojen tai sel\u00e4n kanssa on ongelmia. Tavaroiden pakkaaminen vaatii harkintaa ja esim. teltan joutuukin usein pakkaamaan osissa.   <br><br>Lis\u00e4\u00e4 hy\u00f6dyllist\u00e4 melontatietoja l\u00f6yd\u00e4t vaikka t\u00e4st\u00e4 linkist\u00e4, joka vie <strong><a aria-label=\"WELHONPES\u00c4N OHJESIVULLE. (avautuu uudessa v\u00e4lilehdess\u00e4)\" href=\"https:\/\/www.welhonpesa.fi\/s\/Ohjeita\" target=\"_blank\" rel=\"noreferrer noopener\">Welhonpes\u00e4n ohjesivulle.<\/a><\/strong><\/p>\n\n\n\n<h2 class=\"wp-block-heading\">Miten valitsen minulle sopivan kajakin?<\/h2>\n\n\n\n<p>Kaikki kajakkiyksikk\u00f6mme ovat Perceptionin valmistamia tukevia, mutta nopeita  Essence kajakkiyksik\u00f6it\u00e4.  Ainoa ero niiden v\u00e4lill\u00e4 on  melojan pituus ja paino suositus.<\/p>\n\n\n\n<h3 class=\"wp-block-heading\">Essence 16 kajakki <\/h3>\n\n\n\n<p>soveltuu pienille ja keskikokoisille melojille.  Jos melojan paino tavaroineen on alle 60 kg, niin lis\u00e4painot helpottavat kajakin hallintaa tuulisella s\u00e4\u00e4ll\u00e4.   Essence 16:sta  kantavuus  on reilut 100 kg, mutta pitk\u00e4jalkaisella yli 180 cm pitk\u00e4ll\u00e4 melojalla saattaa loppua jalkatilan pituus kesken ja heille suosittelemme kookkaampaa Essence 17 kajakkia.<\/p>\n\n\n\n<h3 class=\"wp-block-heading\">Essence 17 kajakki <\/h3>\n\n\n\n<p>soveltuu keskikokoisille tai kookkaille melojille.  Jos melojan paino tavaroineen j\u00e4\u00e4 alle 80 kg, niin suosittelemme  k\u00e4ytt\u00e4m\u00e4\u00e4n lis\u00e4painoja, jotta kajakki on helpommin hallittavissa tuulisella s\u00e4\u00e4ll\u00e4.  Essence 17 on my\u00f6s hyv\u00e4 valita, pidemmille retkille, koska sen pakkaustilat  ovat suuremmat kuin hiukan pienemm\u00e4ss\u00e4 Essence 16 mallissa.<\/p>\n\n\n\n<h3 class=\"wp-block-heading\">Star Duo kajakkikaksikko <\/h3>\n\n\n\n<p>soveletuu pienille ja keskikokoisille melojille. Pitk\u00e4jalkaisella yli 180 cm pitk\u00e4ll\u00e4 melojalla jalkatukien s\u00e4\u00e4t\u00f6vara saattaa loppua kesken.  Jos melojien kokoero on suuri, niin kevyempi meloja kannattaa sijoittaa keulapaikalle. Kajakkikaksikko on my\u00f6s hyv\u00e4 valinta lasten kanssa melovalle, jolloin lapsi meloo keulapaikalta tai silloin jos toinen meloja on kokemattomampi. <\/p>\n\n\n\n<h2 class=\"wp-block-heading\">Miten valitsen minulle sopivan kanootin?<\/h2>\n\n\n\n<p>Kaikki kanoottimme ovat rungoltan samanlaisia tukevia ja luotettavia Winkkari 175 kanootteja, ainoa ero niiden v\u00e4lill\u00e4 on penkkien lukum\u00e4\u00e4r\u00e4. Kaksi ja kolme paikkaisia kanootteja pystyy my\u00f6s melomaan kahdestaan. Pienehk\u00f6 lapsi voi tarvittaessa istua kaksipaikkaisessa kanootissa penkkien v\u00e4liss\u00e4 tynnyrin tai repun p\u00e4\u00e4ll\u00e4.<\/p>\n\n\n\n<h2 class=\"wp-block-heading\">Miten saan kajakin kulkemaan suoraan my\u00f6s tuulessa?<\/h2>\n\n\n\n<p>Kajakeissa on rakenteellinen ominaisuus, ett\u00e4 ne pyrkiv\u00e4t k\u00e4\u00e4ntym\u00e4\u00e4n tuulta kohden. Se johtuu siit\u00e4, ett\u00e4 kajakin keula on veden alla kapeampi kuin per\u00e4.  Keula muodostaa k\u00f6lin, joka &#8221;tarttuu&#8221; tiukemmin veteen kuin litte\u00e4 ja kantava per\u00e4. Sivutuulessa keula pysyy paikoillaan ja tuuli siirt\u00e4\u00e4 per\u00e4\u00e4 sivuttain, jolloin per\u00e4 pyrkii liukumaan poisp\u00e4in tuulesta ja keula k\u00e4\u00e4ntyy tuulta kohden.<br><strong>Kajakkiyksik\u00f6iss\u00e4<\/strong> on s\u00e4\u00e4t\u00f6ev\u00e4, jonka korkeutta s\u00e4\u00e4dell\u00e4\u00e4n vasemmalla puolella olevalla liukus\u00e4\u00e4timell\u00e4. Jos kajakki pyrkii vastatuuleen melottaessa k\u00e4\u00e4ntym\u00e4\u00e4n tuulta kohden, niin  laske ev\u00e4\u00e4 alemmaksi.  Jos kajakki k\u00e4\u00e4ntyy tuulesta poisp\u00e4in niin nosta ev\u00e4\u00e4 ylemm\u00e4ksi.  Ev\u00e4n vaikutusta kannattaa kokeilla eri korkeuksilla ja hakea sopiva ev\u00e4n korkeus.<br>S\u00e4\u00e4t\u00f6ev\u00e4n vaikutus perustuu siihen, ett\u00e4 se muodostaa kajakin per\u00e4\u00e4n k\u00f6lin, joka est\u00e4\u00e4 per\u00e4\u00e4 liukumasta sivuttain tuulessa. <br><strong>Kajakkikaksikoissa<\/strong> on per\u00e4sin, jota takameloja ohjaa varpaillaan ja sill\u00e4 saadaan sama vaikutus kuin s\u00e4\u00e4t\u00f6ev\u00e4ll\u00e4. Lis\u00e4ksi se helpottaa pitk\u00e4n kaksikon ohjailua tyynell\u00e4kin s\u00e4\u00e4ll\u00e4.<\/p>\n\n\n\n<h2 class=\"wp-block-heading\">Miten k\u00e4yt\u00e4n kajakkikaksikon per\u00e4sint\u00e4?<\/h2>\n\n\n\n<p>Kaksikkokajakissa on takana per\u00e4sin, joka auttaa menem\u00e4\u00e4n suoraan tuulessa ja helpottaa kajakin ohjaamista.  Sit\u00e4 voi my\u00f6s meloa ilman per\u00e4simen k\u00e4ytt\u00f6\u00e4.<br>Per\u00e4sin nostetaan yl\u00f6s ja lasketaan veteen vasemmalla puolella olevasta narusta, jonka s\u00e4\u00e4dint\u00e4 puristetaan ja siirret\u00e4\u00e4n eteen tai taaksip\u00e4in. <br>Per\u00e4sin on aina nostettava yl\u00f6s rantautuessa tai matalaan veteen saapuessa!<br>Takameloja k\u00e4ytt\u00e4\u00e4 per\u00e4sint\u00e4 varpaillaan.  Jalkatuen yl\u00e4puolella on toinen erillinen ohjauspoljin, jota painamalla per\u00e4sin k\u00e4\u00e4ntyy.  Vasemmalla k\u00e4\u00e4ntyess\u00e4 painetaan vasemman jalan varpailla jalkatuen yl\u00e4puolella olevaa s\u00e4\u00e4dint\u00e4 ja oikealle k\u00e4\u00e4ntyess\u00e4 vastaavasti oikean jalan varpailla.   Sen takia takameloja k\u00e4ytt\u00e4\u00e4 notkeapohjaisia kenki\u00e4 tai meloo paljasjaloin.<\/p>\n\n\n\n<h2 class=\"wp-block-heading\">Miten s\u00e4\u00e4d\u00e4n per\u00e4simen minulle sopivaksi?<\/h2>\n\n\n\n<p>Takamelojan jalkatuista l\u00e4htee ohjausnarut taaksep\u00e4in per\u00e4simen molemmille puolille.  Ennen vesille menoa s\u00e4\u00e4d\u00e4 jalkatuet oikealle et\u00e4isyydelle.  Jalkatukien et\u00e4isyys muuttaa my\u00f6s ohjausnarujen pituutta ja sen takia my\u00f6s ohjauspolkimien asentoa.  Jos jalkatuen yl\u00e4puolella oleva ohjauspoljin on liian l\u00e4hell\u00e4 sinua (nilkka joutuu liian jyrkk\u00e4\u00e4n kulmaan) niin pidenn\u00e4 naruja ja jos se on liian kaukana (et ylet\u00e4 varpailla painamaan ohjauspoljinta) niin lyhenn\u00e4 naruja.  S\u00e4\u00e4d\u00e4 molempia naruja, jotta per\u00e4sin on keskell\u00e4 kun ohjaupolkimet ovat samassa asennossa.  <br>Ohjausnarua s\u00e4\u00e4det\u00e4\u00e4n avaamalla kajakin per\u00e4ss\u00e4, per\u00e4simen luona oleva solmu ja solmimalla se uudelleen oikeaan pituuteen.<br>S\u00e4\u00e4t\u00f6 on helpointa tehd\u00e4 kajakin ollessa maalla ja takamelojan istuessa paikallaan jalat jalkatuilla, jolloin toinen henkil\u00e4 s\u00e4\u00e4t\u00e4\u00e4 narujen pituudet per\u00e4simen vierest\u00e4.  <\/p>\n\n\n\n<h2 class=\"wp-block-heading\">Miten saan kanootin kulkemaan suoraan my\u00f6s tuulessa?<\/h2>\n\n\n\n<p>Vastatuuleen melottaessa siirret\u00e4\u00e4n painoa eteen, my\u00f6t\u00e4tuulen melottaessa taakse.  Painosiirron voi tehd\u00e4 joko siirt\u00e4m\u00e4ll\u00e4 tavaroita tai melojia kanootin pituussuunnassa.<br>Sivutuuleen melottaessa kanootti pyrkii k\u00e4\u00e4nt\u00e4m\u00e4\u00e4n joko tuulta kohden tai siit\u00e4 poisp\u00e4in ja sit\u00e4 hallitaan siirt\u00e4m\u00e4ll\u00e4 painopistett\u00e4 kanootin pituussuunnassa:<br>Kanootin k\u00e4\u00e4ntyminen tuulta kohden johtuu siit\u00e4, ett\u00e4 keula &#8221;tarttuu&#8221; tiukemmin veteen kuin per\u00e4 ja per\u00e4 liukuu sivuttain tuulessa.  Kanootti menee suorempaan, kun siirr\u00e4t painopistett\u00e4 per\u00e4\u00e4n p\u00e4in, jolloin per\u00e4 uppoaa syvemm\u00e4lle ja keula nousee.<br>Kanootin k\u00e4\u00e4ntyminen tuulesta poisp\u00e4in johtuu siit\u00e4, ett\u00e4 per\u00e4 &#8221;tarttuu&#8221; tiukemmin# veteen kuin keula ja keula liukuu sivuttain tuulessa. Kanootti menee suorempaan, kun siirr\u00e4t painopistett\u00e4 keulaan p\u00e4in. <\/p>\n\n\n\n<h2 class=\"wp-block-heading\">Mukaan l\u00e4htee pienikokoinen lapsi <\/h2>\n\n\n\n<p>Yli 40 kg painoiset lapset, jotka osaavat uida voivat k\u00e4ytt\u00e4\u00e4 normaalia l\u00e4pp\u00e4liivi\u00e4 joita on melavajassa.<br>Alle 40 kg painaville lapsille on muutamia lasten melontaliivej\u00e4 ja pelastusliivej\u00e4 &#8211; soita etuk\u00e4teen ja varmista ett\u00e4 ne ovat vapaana.  <br>Kaksikkokajakin keulapaikalla p\u00e4rj\u00e4\u00e4 kouluik\u00e4inen lapsi, sit\u00e4 nuorempien kanssa suosittelen vuokraamaan kanootin tai soutuveneen. <\/p>\n\n\n\n<h2 class=\"wp-block-heading\">Haluaisin ottaa koiran mukaan vesille<\/h2>\n\n\n\n<p>Jos haluat ottaa koiran mukaan, niin suosittelen vuokraamaan kanootin tai soutuveneen ja ottamaan koiralle omat kelluntaliivit mukaan.  Kalajaretkeilyll\u00e4 ei ole vuokrattavana koirien kelluntaliivej\u00e4.<\/p>\n\n\n\n<h2 class=\"wp-block-heading\">Haluaisin vesille, mutta en osaa uida<\/h2>\n\n\n\n<p>Kajakkeja ja kanootteja ei saa turvallisuussyist\u00e4 vuokrata uimataidottomille henkil\u00f6ille.  Heille suosittelen soutuveneen vuokraamista ja pelastusliivin k\u00e4ytt\u00f6\u00e4. Melavajassa on muutamia aikuisten ja lasten pelastusliivej\u00e4 &#8211; soita etuk\u00e4teen ja varmista ett\u00e4 en ovat vapaana. <\/p>\n\n\n\n<h2 class=\"wp-block-heading\">Voinko meloa miss\u00e4 vain kansallispuiston alueella ja voinko rantautua kaikkialle?<\/h2>\n\n\n\n<p>Vesialueet eiv\u00e4t kuulu Etel\u00e4-Konneveden kansallispuistoon ja niill\u00e4 voi liikkua vapaasti <strong><a aria-label=\"JOKAMIEHENOIKEUKSIEN (avautuu uudessa v\u00e4lilehdess\u00e4)\" href=\"https:\/\/www.luontoon.fi\/jokamiehenoikeudet\" target=\"_blank\" rel=\"noreferrer noopener\">Jokaisenoikeuksien<\/a><\/strong> nojalla.  Kansallispuiston sis\u00e4ll\u00e4 on kuitenkin kes\u00e4m\u00f6kkej\u00e4 ja kohteliaisiin  tapoihin kuuluu kuitenkin ett\u00e4 meloja tai soutaja ei mene liian l\u00e4helle toisten saunarantoja.  Yleens\u00e4 suositellaan ett\u00e4 meloja ei mene 50 m l\u00e4hemm\u00e4ksi laitureita.<br>Kansallispuistoon kuulumattomilla alueilla voit rantautua siell\u00e4 miss\u00e4 ei ole kes\u00e4m\u00f6kkej\u00e4 tai taloja l\u00e4hell\u00e4.<br>Kansallispuiston sis\u00e4ll\u00e4 voit rantautua kaikkialla muualla, paitsi pienill\u00e4 luodoilla ja saarilla 15.04. &#8211; 31.07. v\u00e4lisen\u00e4 aikana.  Lue lis\u00e4\u00e4: <a aria-label=\"OHJEET JA S\u00c4\u00c4NN\u00d6T ETEL\u00c4-KONNEVESI (avautuu uudessa v\u00e4lilehdess\u00e4)\" href=\"https:\/\/www.luontoon.fi\/etela-konnevesi\/ohjeetjasaannot\" target=\"_blank\" rel=\"noreferrer noopener\"><strong>Ohjeet ja s\u00e4\u00e4nn\u00f6t Etel\u00e4-Konnevesi<\/strong><\/a><br>Suosittelemme kuitenkin vahvasti, ett\u00e4 k\u00e4yt\u00e4t rakennettuja taukopaikkoja, n\u00e4in v\u00e4lt\u00e4mme luonnon kulumista ja aiheutamme puiston el\u00e4imist\u00f6lle mahdollisimman v\u00e4h\u00e4n haittaa.<\/p>\n","protected":false},"excerpt":{"rendered":"<p>Olen vuokrannut kaluston etuk\u00e4teen, mutta s\u00e4\u00e4tiedotus lupaa kovaa tuulta tai jatkuvaa rankkasadetta? Ei huolta. S\u00e4\u00e4turvan ansiosta voit vaihtaa vuokrauksen ajankohdan ilman lis\u00e4kustannuksia. Lue lis\u00e4\u00e4: S\u00e4\u00e4turva. Haluaisin l\u00e4hte\u00e4 melomaan aikaisemmin tai palata my\u00f6hemmin, mutta nettikaupassa vuokrausajat ovat vakioita? Nettikaupassa varaukset tehd\u00e4\u00e4n aina vuorokauden jaksoissa, varausjakso alkaa klo 14:00 ja p\u00e4\u00e4ttyy seuraavana p\u00e4iv\u00e4n\u00e4 klo 13:30. Jos haluat [&hellip;]<\/p>\n","protected":false},"author":1,"featured_media":0,"parent":0,"menu_order":0,"comment_status":"closed","ping_status":"closed","template":"","meta":{"footnotes":""},"class_list":["post-540","page","type-page","status-publish","hentry"],"yoast_head":"<!-- This site is optimized with the Yoast SEO plugin v27.2 - https:\/\/yoast.com\/product\/yoast-seo-wordpress\/ -->\n<title>FAQ &#8211; UKK &#8211; Usein Kysyttyj\u00e4 kysymyksi\u00e4 - KalajaRetkeily<\/title>\n<meta name=\"robots\" content=\"index, follow, max-snippet:-1, max-image-preview:large, max-video-preview:-1\" \/>\n<link rel=\"canonical\" href=\"https:\/\/kalajaretkeily.fi\/fi\/faq-usein-kysytyt-kysymykset\/\" \/>\n<meta property=\"og:locale\" content=\"fi_FI\" \/>\n<meta property=\"og:type\" content=\"article\" \/>\n<meta property=\"og:title\" content=\"FAQ &#8211; UKK &#8211; Usein Kysyttyj\u00e4 kysymyksi\u00e4 - KalajaRetkeily\" \/>\n<meta property=\"og:description\" content=\"Olen vuokrannut kaluston etuk\u00e4teen, mutta s\u00e4\u00e4tiedotus lupaa kovaa tuulta tai jatkuvaa rankkasadetta? Ei huolta. S\u00e4\u00e4turvan ansiosta voit vaihtaa vuokrauksen ajankohdan ilman lis\u00e4kustannuksia. Lue lis\u00e4\u00e4: S\u00e4\u00e4turva. Haluaisin l\u00e4hte\u00e4 melomaan aikaisemmin tai palata my\u00f6hemmin, mutta nettikaupassa vuokrausajat ovat vakioita? Nettikaupassa varaukset tehd\u00e4\u00e4n aina vuorokauden jaksoissa, varausjakso alkaa klo 14:00 ja p\u00e4\u00e4ttyy seuraavana p\u00e4iv\u00e4n\u00e4 klo 13:30. Jos haluat [&hellip;]\" \/>\n<meta property=\"og:url\" content=\"https:\/\/kalajaretkeily.fi\/fi\/faq-usein-kysytyt-kysymykset\/\" \/>\n<meta property=\"og:site_name\" content=\"KalajaRetkeily\" \/>\n<meta property=\"article:modified_time\" content=\"2023-08-15T12:52:38+00:00\" \/>\n<meta name=\"twitter:card\" content=\"summary_large_image\" \/>\n<meta name=\"twitter:label1\" content=\"Arvioitu lukuaika\" \/>\n\t<meta name=\"twitter:data1\" content=\"7 minuuttia\" \/>\n<script type=\"application\/ld+json\" class=\"yoast-schema-graph\">{\"@context\":\"https:\/\/schema.org\",\"@graph\":[{\"@type\":\"WebPage\",\"@id\":\"https:\/\/kalajaretkeily.fi\/fi\/faq-usein-kysytyt-kysymykset\/\",\"url\":\"https:\/\/kalajaretkeily.fi\/fi\/faq-usein-kysytyt-kysymykset\/\",\"name\":\"FAQ &#8211; UKK &#8211; Usein Kysyttyj\u00e4 kysymyksi\u00e4 - KalajaRetkeily\",\"isPartOf\":{\"@id\":\"https:\/\/kalajaretkeily.fi\/fi\/#website\"},\"datePublished\":\"2020-02-26T14:10:50+00:00\",\"dateModified\":\"2023-08-15T12:52:38+00:00\",\"breadcrumb\":{\"@id\":\"https:\/\/kalajaretkeily.fi\/fi\/faq-usein-kysytyt-kysymykset\/#breadcrumb\"},\"inLanguage\":\"fi\",\"potentialAction\":[{\"@type\":\"ReadAction\",\"target\":[\"https:\/\/kalajaretkeily.fi\/fi\/faq-usein-kysytyt-kysymykset\/\"]}]},{\"@type\":\"BreadcrumbList\",\"@id\":\"https:\/\/kalajaretkeily.fi\/fi\/faq-usein-kysytyt-kysymykset\/#breadcrumb\",\"itemListElement\":[{\"@type\":\"ListItem\",\"position\":1,\"name\":\"Etusivu\",\"item\":\"https:\/\/kalajaretkeily.fi\/fi\/\"},{\"@type\":\"ListItem\",\"position\":2,\"name\":\"FAQ &#8211; UKK &#8211; Usein Kysyttyj\u00e4 kysymyksi\u00e4\"}]},{\"@type\":\"WebSite\",\"@id\":\"https:\/\/kalajaretkeily.fi\/fi\/#website\",\"url\":\"https:\/\/kalajaretkeily.fi\/fi\/\",\"name\":\"KalajaRetkeily\",\"description\":\"Kajakin vuokraus\",\"publisher\":{\"@id\":\"https:\/\/kalajaretkeily.fi\/fi\/#organization\"},\"potentialAction\":[{\"@type\":\"SearchAction\",\"target\":{\"@type\":\"EntryPoint\",\"urlTemplate\":\"https:\/\/kalajaretkeily.fi\/fi\/?s={search_term_string}\"},\"query-input\":{\"@type\":\"PropertyValueSpecification\",\"valueRequired\":true,\"valueName\":\"search_term_string\"}}],\"inLanguage\":\"fi\"},{\"@type\":\"Organization\",\"@id\":\"https:\/\/kalajaretkeily.fi\/fi\/#organization\",\"name\":\"KalajaRetkeily\",\"url\":\"https:\/\/kalajaretkeily.fi\/fi\/\",\"logo\":{\"@type\":\"ImageObject\",\"inLanguage\":\"fi\",\"@id\":\"https:\/\/kalajaretkeily.fi\/fi\/#\/schema\/logo\/image\/\",\"url\":\"https:\/\/kalajaretkeily.fi\/fi\/wp-content\/uploads\/2019\/05\/cropped-kalajalogo-1.png\",\"contentUrl\":\"https:\/\/kalajaretkeily.fi\/fi\/wp-content\/uploads\/2019\/05\/cropped-kalajalogo-1.png\",\"width\":241,\"height\":50,\"caption\":\"KalajaRetkeily\"},\"image\":{\"@id\":\"https:\/\/kalajaretkeily.fi\/fi\/#\/schema\/logo\/image\/\"}}]}<\/script>\n<!-- \/ Yoast SEO plugin. -->","yoast_head_json":{"title":"FAQ &#8211; UKK &#8211; Usein Kysyttyj\u00e4 kysymyksi\u00e4 - KalajaRetkeily","robots":{"index":"index","follow":"follow","max-snippet":"max-snippet:-1","max-image-preview":"max-image-preview:large","max-video-preview":"max-video-preview:-1"},"canonical":"https:\/\/kalajaretkeily.fi\/fi\/faq-usein-kysytyt-kysymykset\/","og_locale":"fi_FI","og_type":"article","og_title":"FAQ &#8211; UKK &#8211; Usein Kysyttyj\u00e4 kysymyksi\u00e4 - KalajaRetkeily","og_description":"Olen vuokrannut kaluston etuk\u00e4teen, mutta s\u00e4\u00e4tiedotus lupaa kovaa tuulta tai jatkuvaa rankkasadetta? Ei huolta. S\u00e4\u00e4turvan ansiosta voit vaihtaa vuokrauksen ajankohdan ilman lis\u00e4kustannuksia. Lue lis\u00e4\u00e4: S\u00e4\u00e4turva. Haluaisin l\u00e4hte\u00e4 melomaan aikaisemmin tai palata my\u00f6hemmin, mutta nettikaupassa vuokrausajat ovat vakioita? Nettikaupassa varaukset tehd\u00e4\u00e4n aina vuorokauden jaksoissa, varausjakso alkaa klo 14:00 ja p\u00e4\u00e4ttyy seuraavana p\u00e4iv\u00e4n\u00e4 klo 13:30. Jos haluat [&hellip;]","og_url":"https:\/\/kalajaretkeily.fi\/fi\/faq-usein-kysytyt-kysymykset\/","og_site_name":"KalajaRetkeily","article_modified_time":"2023-08-15T12:52:38+00:00","twitter_card":"summary_large_image","twitter_misc":{"Arvioitu lukuaika":"7 minuuttia"},"schema":{"@context":"https:\/\/schema.org","@graph":[{"@type":"WebPage","@id":"https:\/\/kalajaretkeily.fi\/fi\/faq-usein-kysytyt-kysymykset\/","url":"https:\/\/kalajaretkeily.fi\/fi\/faq-usein-kysytyt-kysymykset\/","name":"FAQ &#8211; UKK &#8211; Usein Kysyttyj\u00e4 kysymyksi\u00e4 - KalajaRetkeily","isPartOf":{"@id":"https:\/\/kalajaretkeily.fi\/fi\/#website"},"datePublished":"2020-02-26T14:10:50+00:00","dateModified":"2023-08-15T12:52:38+00:00","breadcrumb":{"@id":"https:\/\/kalajaretkeily.fi\/fi\/faq-usein-kysytyt-kysymykset\/#breadcrumb"},"inLanguage":"fi","potentialAction":[{"@type":"ReadAction","target":["https:\/\/kalajaretkeily.fi\/fi\/faq-usein-kysytyt-kysymykset\/"]}]},{"@type":"BreadcrumbList","@id":"https:\/\/kalajaretkeily.fi\/fi\/faq-usein-kysytyt-kysymykset\/#breadcrumb","itemListElement":[{"@type":"ListItem","position":1,"name":"Etusivu","item":"https:\/\/kalajaretkeily.fi\/fi\/"},{"@type":"ListItem","position":2,"name":"FAQ &#8211; UKK &#8211; Usein Kysyttyj\u00e4 kysymyksi\u00e4"}]},{"@type":"WebSite","@id":"https:\/\/kalajaretkeily.fi\/fi\/#website","url":"https:\/\/kalajaretkeily.fi\/fi\/","name":"KalajaRetkeily","description":"Kajakin vuokraus","publisher":{"@id":"https:\/\/kalajaretkeily.fi\/fi\/#organization"},"potentialAction":[{"@type":"SearchAction","target":{"@type":"EntryPoint","urlTemplate":"https:\/\/kalajaretkeily.fi\/fi\/?s={search_term_string}"},"query-input":{"@type":"PropertyValueSpecification","valueRequired":true,"valueName":"search_term_string"}}],"inLanguage":"fi"},{"@type":"Organization","@id":"https:\/\/kalajaretkeily.fi\/fi\/#organization","name":"KalajaRetkeily","url":"https:\/\/kalajaretkeily.fi\/fi\/","logo":{"@type":"ImageObject","inLanguage":"fi","@id":"https:\/\/kalajaretkeily.fi\/fi\/#\/schema\/logo\/image\/","url":"https:\/\/kalajaretkeily.fi\/fi\/wp-content\/uploads\/2019\/05\/cropped-kalajalogo-1.png","contentUrl":"https:\/\/kalajaretkeily.fi\/fi\/wp-content\/uploads\/2019\/05\/cropped-kalajalogo-1.png","width":241,"height":50,"caption":"KalajaRetkeily"},"image":{"@id":"https:\/\/kalajaretkeily.fi\/fi\/#\/schema\/logo\/image\/"}}]}},"_links":{"self":[{"href":"https:\/\/kalajaretkeily.fi\/fi\/wp-json\/wp\/v2\/pages\/540","targetHints":{"allow":["GET"]}}],"collection":[{"href":"https:\/\/kalajaretkeily.fi\/fi\/wp-json\/wp\/v2\/pages"}],"about":[{"href":"https:\/\/kalajaretkeily.fi\/fi\/wp-json\/wp\/v2\/types\/page"}],"author":[{"embeddable":true,"href":"https:\/\/kalajaretkeily.fi\/fi\/wp-json\/wp\/v2\/users\/1"}],"replies":[{"embeddable":true,"href":"https:\/\/kalajaretkeily.fi\/fi\/wp-json\/wp\/v2\/comments?post=540"}],"version-history":[{"count":0,"href":"https:\/\/kalajaretkeily.fi\/fi\/wp-json\/wp\/v2\/pages\/540\/revisions"}],"wp:attachment":[{"href":"https:\/\/kalajaretkeily.fi\/fi\/wp-json\/wp\/v2\/media?parent=540"}],"curies":[{"name":"wp","href":"https:\/\/api.w.org\/{rel}","templated":true}]}}