{"id":4685,"date":"2023-09-13T08:23:33","date_gmt":"2023-09-13T08:23:33","guid":{"rendered":"https:\/\/kalajaretkeily.fi\/fi\/?page_id=4685"},"modified":"2025-06-23T22:21:04","modified_gmt":"2025-06-23T19:21:04","slug":"kajakit-riitteella-etela-konneveden-kansallispuisto-4-5-11-2023","status":"publish","type":"page","link":"https:\/\/kalajaretkeily.fi\/fi\/kajakit-riitteella-etela-konneveden-kansallispuisto-4-5-11-2023\/","title":{"rendered":"Kajakit riitteell\u00e4 Etel\u00e4-Konneveden kansallispuisto"},"content":{"rendered":"\n<figure class=\"wp-block-image size-large\"><img fetchpriority=\"high\" decoding=\"async\" width=\"1024\" height=\"576\" src=\"https:\/\/kalajaretkeily.fi\/fi\/wp-content\/uploads\/2022\/10\/20220507_221311-scaled-e1669147120999-1024x576.jpg\" alt=\"\" class=\"wp-image-3267\" srcset=\"https:\/\/kalajaretkeily.fi\/fi\/wp-content\/uploads\/2022\/10\/20220507_221311-scaled-e1669147120999-1024x576.jpg 1024w, https:\/\/kalajaretkeily.fi\/fi\/wp-content\/uploads\/2022\/10\/20220507_221311-scaled-e1669147120999-300x169.jpg 300w, https:\/\/kalajaretkeily.fi\/fi\/wp-content\/uploads\/2022\/10\/20220507_221311-scaled-e1669147120999-768x432.jpg 768w, https:\/\/kalajaretkeily.fi\/fi\/wp-content\/uploads\/2022\/10\/20220507_221311-scaled-e1669147120999-1536x864.jpg 1536w, https:\/\/kalajaretkeily.fi\/fi\/wp-content\/uploads\/2022\/10\/20220507_221311-scaled-e1669147120999-2048x1152.jpg 2048w, https:\/\/kalajaretkeily.fi\/fi\/wp-content\/uploads\/2022\/10\/20220507_221311-scaled-e1669147120999-24x14.jpg 24w, https:\/\/kalajaretkeily.fi\/fi\/wp-content\/uploads\/2022\/10\/20220507_221311-scaled-e1669147120999-36x20.jpg 36w, https:\/\/kalajaretkeily.fi\/fi\/wp-content\/uploads\/2022\/10\/20220507_221311-scaled-e1669147120999-48x27.jpg 48w\" sizes=\"(max-width: 1024px) 100vw, 1024px\" \/><\/figure>\n\n\n\n<p><strong>T\u00e4m\u00e4 kaksip\u00e4iv\u00e4inen el\u00e4mys sopii melojille, jotka haluavat harjoitella h\u00e4m\u00e4r\u00e4ss\u00e4 ja pime\u00e4ss\u00e4 suunnistamista kajakista k\u00e4sin, melotaan kylm\u00e4n veden aikaan ja aamuisin rannat voi olla jo j\u00e4\u00e4ss\u00e4. Ruskan rippeit\u00e4 voi n\u00e4hd\u00e4 viel\u00e4 puissa ja luonnossa sek\u00e4 aistia kuinka luonto valmistautuu tulevaan talveen. Retki on tarkoitettu sinulle, joka haluat meloa kylm\u00e4n veden aikaan turvallisesti ohjattuna, harjoitella hieman suunnistamista sek\u00e4 nauttia viel\u00e4 t\u00e4m\u00e4n vuoden viimeisist\u00e4 melontavesist\u00e4. Melonta toteutetaan vakailla ja laadukkailla retkikajakki yksik\u00f6ill\u00e4, joihin saat ennen retke\u00e4 tarvittavan opastuksen. Illan kruunaa tunnelmallinen syksyinen ilta nuotion \u00e4\u00e4rell\u00e4 sek\u00e4 rantasaunan l\u00f6ylyt kynttil\u00e4nvalossa rentouttavat melojat y\u00f6puulle.<\/strong><\/p>\n\n\n\n<h2 class=\"wp-block-heading\">Ohjelma<\/h2>\n\n\n\n<p>Tapaaminen 4.11.2023 klo 11.00 Hanhitaipaleen kalasatamassa KalajaRetkeilyn melontavajan luona ja loppuu 5.11.2023 noin kello 14:00. Tutustumme hieman toisiimme, melontakalustoon ja pakkaamme varusteet kajakkeihin.<\/p>\n\n\n\n<figure class=\"wp-block-image size-large\"><img decoding=\"async\" width=\"1080\" height=\"607\" src=\"https:\/\/kalajaretkeily.fi\/fi\/wp-content\/uploads\/2023\/09\/Majaniemen-mokki-Etela-Konneveden-kansallispuistossa-edited.jpg\" alt=\"Majaniemen m\u00f6kki Etel\u00e4-Konnevedell\u00e4 toimii tukikohtana melontavaelluksella\" class=\"wp-image-4692\" srcset=\"https:\/\/kalajaretkeily.fi\/fi\/wp-content\/uploads\/2023\/09\/Majaniemen-mokki-Etela-Konneveden-kansallispuistossa-edited.jpg 1080w, https:\/\/kalajaretkeily.fi\/fi\/wp-content\/uploads\/2023\/09\/Majaniemen-mokki-Etela-Konneveden-kansallispuistossa-edited-300x169.jpg 300w, https:\/\/kalajaretkeily.fi\/fi\/wp-content\/uploads\/2023\/09\/Majaniemen-mokki-Etela-Konneveden-kansallispuistossa-edited-1024x576.jpg 1024w, https:\/\/kalajaretkeily.fi\/fi\/wp-content\/uploads\/2023\/09\/Majaniemen-mokki-Etela-Konneveden-kansallispuistossa-edited-768x432.jpg 768w, https:\/\/kalajaretkeily.fi\/fi\/wp-content\/uploads\/2023\/09\/Majaniemen-mokki-Etela-Konneveden-kansallispuistossa-edited-24x13.jpg 24w, https:\/\/kalajaretkeily.fi\/fi\/wp-content\/uploads\/2023\/09\/Majaniemen-mokki-Etela-Konneveden-kansallispuistossa-edited-36x20.jpg 36w, https:\/\/kalajaretkeily.fi\/fi\/wp-content\/uploads\/2023\/09\/Majaniemen-mokki-Etela-Konneveden-kansallispuistossa-edited-48x27.jpg 48w\" sizes=\"(max-width: 1080px) 100vw, 1080px\" \/><\/figure>\n\n\n\n<h2 class=\"wp-block-heading\">Majoittuminen\/ Leiriytyminen<\/h2>\n\n\n\n<p>Majaniemen m\u00f6kill\u00e4 voi y\u00f6py\u00e4, joko tuvassa ( kaksi kerross\u00e4nky\u00e4 patjoilla, miss\u00e4 ylh\u00e4\u00e4ll\u00e4 ja alhaalla 4 nukkumapaikkaa), omassa teltassa tai riippumatossa. Mik\u00e4li kaipaat my\u00f6s omaa rauhaa, niin suosittelemme telttaa tai riippumattoa. Kysy tarvittaessa riippumattoa lainaan.<\/p>\n\n\n\n<figure class=\"wp-block-image size-large\"><img decoding=\"async\" width=\"1024\" height=\"576\" src=\"https:\/\/kalajaretkeily.fi\/fi\/wp-content\/uploads\/2023\/09\/Riitteella-1024x576.jpg\" alt=\"\" class=\"wp-image-4688\" srcset=\"https:\/\/kalajaretkeily.fi\/fi\/wp-content\/uploads\/2023\/09\/Riitteella-1024x576.jpg 1024w, https:\/\/kalajaretkeily.fi\/fi\/wp-content\/uploads\/2023\/09\/Riitteella-300x169.jpg 300w, https:\/\/kalajaretkeily.fi\/fi\/wp-content\/uploads\/2023\/09\/Riitteella-768x432.jpg 768w, https:\/\/kalajaretkeily.fi\/fi\/wp-content\/uploads\/2023\/09\/Riitteella-1536x864.jpg 1536w, https:\/\/kalajaretkeily.fi\/fi\/wp-content\/uploads\/2023\/09\/Riitteella-24x13.jpg 24w, https:\/\/kalajaretkeily.fi\/fi\/wp-content\/uploads\/2023\/09\/Riitteella-36x20.jpg 36w, https:\/\/kalajaretkeily.fi\/fi\/wp-content\/uploads\/2023\/09\/Riitteella-48x27.jpg 48w, https:\/\/kalajaretkeily.fi\/fi\/wp-content\/uploads\/2023\/09\/Riitteella.jpg 1810w\" sizes=\"(max-width: 1024px) 100vw, 1024px\" \/><\/figure>\n\n\n\n<h2 class=\"wp-block-heading\">Taito-, ja kokemusvaatimukset<\/h2>\n\n\n\n<p>Melontaretki on helppo ja aikaisempaa kokemusta melonnasta olisi hyv\u00e4 olla, esim. melonnan Meloja 1 -peruskurssi tai vastaava k\u00e4ytyn\u00e4 sek\u00e4 paripelastautumistaidot suoritettuna. Melontavauhti on rauhallinen ja sovitetaan melojien kunnon, kokemuksen sek\u00e4 olosuhteiden mukaan, ns. hitaimman mukaan melotaan ja nautitaan luonnosta vesilt\u00e4 k\u00e4sin. Osallistujien on oltava yli 18-vuotiaita, alle 18-vuotiaat voivat osallistua vain t\u00e4ysi-ik\u00e4isen holhoojan seurassa. Osallistujilla tulee olla riitt\u00e4v\u00e4 uimataito ja peruskunto kahden p\u00e4iv\u00e4n melontaa ajatellen. Melomme kahden p\u00e4iv\u00e4n aikana n.20 km. Mik\u00e4li melonnan suhteen her\u00e4\u00e4 kysytt\u00e4v\u00e4\u00e4, ota rohkeasti yhteytt\u00e4 Vesa\/0405268562 info@kalajaretkeily.fi tai yksityisviestill\u00e4.<\/p>\n\n\n\n<h2 class=\"wp-block-heading\">Turvallisuus<\/h2>\n\n\n\n<p>T\u00e4ll\u00e4 melontaretkell\u00e4 on pakollisena varusteena kuivapuku melontaa varten sek\u00e4 hyv\u00e4 otsalamppu vesille. T\u00e4lle retkelle perustetaan whatsapp-ryhm\u00e4, jossa k\u00e4yd\u00e4\u00e4n l\u00e4pi tarvittavat pakolliset varusteet. Mik\u00e4li s\u00e4\u00e4olosuhteet (tuulen voimakkuus yli 8 m\/s) eiv\u00e4t salli melontaretken turvallista toteuttamista, niin varaamme oikeuden muuttaa ja tarvittaessa lyhent\u00e4\u00e4 retkiohjelmaa tai vaihtaa p\u00e4iv\u00e4m\u00e4\u00e4r\u00e4\u00e4 seuraavaan ajankohtaan.<\/p>\n\n\n\n<h2 class=\"wp-block-heading\">Osallistujien varusteet<\/h2>\n\n\n\n<p>Osallistujilla on oltava s\u00e4\u00e4h\u00e4n sopiva ulkoiluvaatetus ja jalkineet, vedenpit\u00e4v\u00e4sti pakattuna varavaatetus, talvimakuupussi, talvimakuualusta, saunomisv\u00e4lineet, leiriruokailuun tarvittavat varusteet ja ruuat sek\u00e4 halutessa oma teltta.<\/p>\n\n\n\n<p>M\u00f6kill\u00e4 on avotakka ja kamiina sek\u00e4 kaasukeitin. M\u00f6kki on lautarakenteinen ja tarkoitettu p\u00e4\u00e4asiassa ns. kolmen vuodenajan k\u00e4ytt\u00f6\u00f6n.<\/p>\n\n\n\n<p>Kysy vuokravarusteita, kuten telttaa tai riippumattoa.<\/p>\n\n\n\n<figure class=\"wp-block-image size-large\"><img loading=\"lazy\" decoding=\"async\" width=\"1024\" height=\"576\" src=\"https:\/\/kalajaretkeily.fi\/fi\/wp-content\/uploads\/2022\/10\/20210528_021351-1024x576.jpg\" alt=\"\" class=\"wp-image-3266\" srcset=\"https:\/\/kalajaretkeily.fi\/fi\/wp-content\/uploads\/2022\/10\/20210528_021351-1024x576.jpg 1024w, https:\/\/kalajaretkeily.fi\/fi\/wp-content\/uploads\/2022\/10\/20210528_021351-300x169.jpg 300w, https:\/\/kalajaretkeily.fi\/fi\/wp-content\/uploads\/2022\/10\/20210528_021351-768x432.jpg 768w, https:\/\/kalajaretkeily.fi\/fi\/wp-content\/uploads\/2022\/10\/20210528_021351-1536x864.jpg 1536w, https:\/\/kalajaretkeily.fi\/fi\/wp-content\/uploads\/2022\/10\/20210528_021351-2048x1152.jpg 2048w, https:\/\/kalajaretkeily.fi\/fi\/wp-content\/uploads\/2022\/10\/20210528_021351-24x14.jpg 24w, https:\/\/kalajaretkeily.fi\/fi\/wp-content\/uploads\/2022\/10\/20210528_021351-36x20.jpg 36w, https:\/\/kalajaretkeily.fi\/fi\/wp-content\/uploads\/2022\/10\/20210528_021351-48x27.jpg 48w\" sizes=\"(max-width: 1024px) 100vw, 1024px\" \/><\/figure>\n\n\n\n<h2 class=\"wp-block-heading\">Hinta<\/h2>\n\n\n\n<p><strong>149\u20ac\/osallistuja<\/strong>. Hinta sis\u00e4lt\u00e4\u00e4 verot, ohjauksen vesill\u00e4 ja tarvittaessa leiriss\u00e4, vuokram\u00f6kin ja alueen k\u00e4yt\u00f6n, kajakin ja varusteet (liivi, aukkopeite ja mela) melontaan. Halutessasi voit vuokrata erikseen Amok riippumatto setin.<\/p>\n\n\n\n<p><strong>Huom!<\/strong>\u00a0Voit maksaa koko retken kerralla, tai maksaa aluksi varausmaksun 20\u20ac, koodilla\u00a0<strong>varaus<\/strong>. Varausmaksun maksamisen j\u00e4lkeen saat vahvistuksen sek\u00e4 s\u00e4hk\u00f6postiin loppulaskun (129\u20ac), loppulasku laskutetaan vasta toteutuneen retken j\u00e4lkeen. Varausmaksuun sis\u00e4ltyy\u00a0<a href=\"https:\/\/kalajaretkeily.fi\/fi\/saaturva\/\">S\u00c4\u00c4TURVA<\/a>. Varausmaksuun 20\u20ac noudatamme normaaleja peruutusehtoja.\u00a0<a href=\"https:\/\/kalajaretkeily.fi\/fi\/nama-ehdot-ovat-voimassa-1-1-2022-alkaen\/\">EHDOT<\/a><\/p>\n\n\n\n<h3 class=\"wp-block-heading\">Ilmoittautuminen<\/h3>\n\n\n<p><iframe style=\"width:300px;height:360px\" src=\"https:\/\/holvi.com\/shop\/outdooradventuresfinland\/product\/76a2868c47470c08b1a57d58ad2133bc\/embedded\/\" frameborder=\"0\"><\/iframe><\/p>\n\n\n\n<p>Pid\u00e4t\u00e4mme oikeudet muutoksiin.<\/p>\n","protected":false},"excerpt":{"rendered":"<p>T\u00e4m\u00e4 kaksip\u00e4iv\u00e4inen el\u00e4mys sopii melojille, jotka haluavat harjoitella h\u00e4m\u00e4r\u00e4ss\u00e4 ja pime\u00e4ss\u00e4 suunnistamista kajakista k\u00e4sin, melotaan kylm\u00e4n veden aikaan ja aamuisin rannat voi olla jo j\u00e4\u00e4ss\u00e4. Ruskan rippeit\u00e4 voi n\u00e4hd\u00e4 viel\u00e4 puissa ja luonnossa sek\u00e4 aistia kuinka luonto valmistautuu tulevaan talveen. Retki on tarkoitettu sinulle, joka haluat meloa kylm\u00e4n veden aikaan turvallisesti ohjattuna, harjoitella hieman suunnistamista [&hellip;]<\/p>\n","protected":false},"author":1,"featured_media":0,"parent":0,"menu_order":0,"comment_status":"closed","ping_status":"closed","template":"","meta":{"footnotes":""},"class_list":["post-4685","page","type-page","status-publish","hentry"],"yoast_head":"<!-- This site is optimized with the Yoast SEO plugin v27.2 - https:\/\/yoast.com\/product\/yoast-seo-wordpress\/ -->\n<title>Kajakit riitteell\u00e4 Etel\u00e4-Konneveden kansallispuisto - KalajaRetkeily<\/title>\n<meta name=\"robots\" content=\"index, follow, max-snippet:-1, max-image-preview:large, max-video-preview:-1\" \/>\n<link rel=\"canonical\" href=\"https:\/\/kalajaretkeily.fi\/fi\/kajakit-riitteella-etela-konneveden-kansallispuisto-4-5-11-2023\/\" \/>\n<meta property=\"og:locale\" content=\"fi_FI\" \/>\n<meta property=\"og:type\" content=\"article\" \/>\n<meta property=\"og:title\" content=\"Kajakit riitteell\u00e4 Etel\u00e4-Konneveden kansallispuisto - KalajaRetkeily\" \/>\n<meta property=\"og:description\" content=\"T\u00e4m\u00e4 kaksip\u00e4iv\u00e4inen el\u00e4mys sopii melojille, jotka haluavat harjoitella h\u00e4m\u00e4r\u00e4ss\u00e4 ja pime\u00e4ss\u00e4 suunnistamista kajakista k\u00e4sin, melotaan kylm\u00e4n veden aikaan ja aamuisin rannat voi olla jo j\u00e4\u00e4ss\u00e4. Ruskan rippeit\u00e4 voi n\u00e4hd\u00e4 viel\u00e4 puissa ja luonnossa sek\u00e4 aistia kuinka luonto valmistautuu tulevaan talveen. Retki on tarkoitettu sinulle, joka haluat meloa kylm\u00e4n veden aikaan turvallisesti ohjattuna, harjoitella hieman suunnistamista [&hellip;]\" \/>\n<meta property=\"og:url\" content=\"https:\/\/kalajaretkeily.fi\/fi\/kajakit-riitteella-etela-konneveden-kansallispuisto-4-5-11-2023\/\" \/>\n<meta property=\"og:site_name\" content=\"KalajaRetkeily\" \/>\n<meta property=\"article:modified_time\" content=\"2025-06-23T19:21:04+00:00\" \/>\n<meta property=\"og:image\" content=\"https:\/\/kalajaretkeily.fi\/fi\/wp-content\/uploads\/2022\/10\/20220507_221311-scaled-e1669147120999-1024x576.jpg\" \/>\n\t<meta property=\"og:image:width\" content=\"1024\" \/>\n\t<meta property=\"og:image:height\" content=\"576\" \/>\n\t<meta property=\"og:image:type\" content=\"image\/jpeg\" \/>\n<meta name=\"twitter:card\" content=\"summary_large_image\" \/>\n<meta name=\"twitter:label1\" content=\"Arvioitu lukuaika\" \/>\n\t<meta name=\"twitter:data1\" content=\"2 minuuttia\" \/>\n<script type=\"application\/ld+json\" class=\"yoast-schema-graph\">{\"@context\":\"https:\/\/schema.org\",\"@graph\":[{\"@type\":\"WebPage\",\"@id\":\"https:\/\/kalajaretkeily.fi\/fi\/kajakit-riitteella-etela-konneveden-kansallispuisto-4-5-11-2023\/\",\"url\":\"https:\/\/kalajaretkeily.fi\/fi\/kajakit-riitteella-etela-konneveden-kansallispuisto-4-5-11-2023\/\",\"name\":\"Kajakit riitteell\u00e4 Etel\u00e4-Konneveden kansallispuisto - KalajaRetkeily\",\"isPartOf\":{\"@id\":\"https:\/\/kalajaretkeily.fi\/fi\/#website\"},\"primaryImageOfPage\":{\"@id\":\"https:\/\/kalajaretkeily.fi\/fi\/kajakit-riitteella-etela-konneveden-kansallispuisto-4-5-11-2023\/#primaryimage\"},\"image\":{\"@id\":\"https:\/\/kalajaretkeily.fi\/fi\/kajakit-riitteella-etela-konneveden-kansallispuisto-4-5-11-2023\/#primaryimage\"},\"thumbnailUrl\":\"https:\/\/kalajaretkeily.fi\/fi\/wp-content\/uploads\/2022\/10\/20220507_221311-scaled-e1669147120999-1024x576.jpg\",\"datePublished\":\"2023-09-13T08:23:33+00:00\",\"dateModified\":\"2025-06-23T19:21:04+00:00\",\"breadcrumb\":{\"@id\":\"https:\/\/kalajaretkeily.fi\/fi\/kajakit-riitteella-etela-konneveden-kansallispuisto-4-5-11-2023\/#breadcrumb\"},\"inLanguage\":\"fi\",\"potentialAction\":[{\"@type\":\"ReadAction\",\"target\":[\"https:\/\/kalajaretkeily.fi\/fi\/kajakit-riitteella-etela-konneveden-kansallispuisto-4-5-11-2023\/\"]}]},{\"@type\":\"ImageObject\",\"inLanguage\":\"fi\",\"@id\":\"https:\/\/kalajaretkeily.fi\/fi\/kajakit-riitteella-etela-konneveden-kansallispuisto-4-5-11-2023\/#primaryimage\",\"url\":\"https:\/\/kalajaretkeily.fi\/fi\/wp-content\/uploads\/2022\/10\/20220507_221311.jpg\",\"contentUrl\":\"https:\/\/kalajaretkeily.fi\/fi\/wp-content\/uploads\/2022\/10\/20220507_221311.jpg\",\"width\":4032,\"height\":3024},{\"@type\":\"BreadcrumbList\",\"@id\":\"https:\/\/kalajaretkeily.fi\/fi\/kajakit-riitteella-etela-konneveden-kansallispuisto-4-5-11-2023\/#breadcrumb\",\"itemListElement\":[{\"@type\":\"ListItem\",\"position\":1,\"name\":\"Etusivu\",\"item\":\"https:\/\/kalajaretkeily.fi\/fi\/\"},{\"@type\":\"ListItem\",\"position\":2,\"name\":\"Kajakit riitteell\u00e4 Etel\u00e4-Konneveden kansallispuisto\"}]},{\"@type\":\"WebSite\",\"@id\":\"https:\/\/kalajaretkeily.fi\/fi\/#website\",\"url\":\"https:\/\/kalajaretkeily.fi\/fi\/\",\"name\":\"KalajaRetkeily\",\"description\":\"Kajakin vuokraus\",\"publisher\":{\"@id\":\"https:\/\/kalajaretkeily.fi\/fi\/#organization\"},\"potentialAction\":[{\"@type\":\"SearchAction\",\"target\":{\"@type\":\"EntryPoint\",\"urlTemplate\":\"https:\/\/kalajaretkeily.fi\/fi\/?s={search_term_string}\"},\"query-input\":{\"@type\":\"PropertyValueSpecification\",\"valueRequired\":true,\"valueName\":\"search_term_string\"}}],\"inLanguage\":\"fi\"},{\"@type\":\"Organization\",\"@id\":\"https:\/\/kalajaretkeily.fi\/fi\/#organization\",\"name\":\"KalajaRetkeily\",\"url\":\"https:\/\/kalajaretkeily.fi\/fi\/\",\"logo\":{\"@type\":\"ImageObject\",\"inLanguage\":\"fi\",\"@id\":\"https:\/\/kalajaretkeily.fi\/fi\/#\/schema\/logo\/image\/\",\"url\":\"https:\/\/kalajaretkeily.fi\/fi\/wp-content\/uploads\/2019\/05\/cropped-kalajalogo-1.png\",\"contentUrl\":\"https:\/\/kalajaretkeily.fi\/fi\/wp-content\/uploads\/2019\/05\/cropped-kalajalogo-1.png\",\"width\":241,\"height\":50,\"caption\":\"KalajaRetkeily\"},\"image\":{\"@id\":\"https:\/\/kalajaretkeily.fi\/fi\/#\/schema\/logo\/image\/\"}}]}<\/script>\n<!-- \/ Yoast SEO plugin. -->","yoast_head_json":{"title":"Kajakit riitteell\u00e4 Etel\u00e4-Konneveden kansallispuisto - KalajaRetkeily","robots":{"index":"index","follow":"follow","max-snippet":"max-snippet:-1","max-image-preview":"max-image-preview:large","max-video-preview":"max-video-preview:-1"},"canonical":"https:\/\/kalajaretkeily.fi\/fi\/kajakit-riitteella-etela-konneveden-kansallispuisto-4-5-11-2023\/","og_locale":"fi_FI","og_type":"article","og_title":"Kajakit riitteell\u00e4 Etel\u00e4-Konneveden kansallispuisto - KalajaRetkeily","og_description":"T\u00e4m\u00e4 kaksip\u00e4iv\u00e4inen el\u00e4mys sopii melojille, jotka haluavat harjoitella h\u00e4m\u00e4r\u00e4ss\u00e4 ja pime\u00e4ss\u00e4 suunnistamista kajakista k\u00e4sin, melotaan kylm\u00e4n veden aikaan ja aamuisin rannat voi olla jo j\u00e4\u00e4ss\u00e4. Ruskan rippeit\u00e4 voi n\u00e4hd\u00e4 viel\u00e4 puissa ja luonnossa sek\u00e4 aistia kuinka luonto valmistautuu tulevaan talveen. Retki on tarkoitettu sinulle, joka haluat meloa kylm\u00e4n veden aikaan turvallisesti ohjattuna, harjoitella hieman suunnistamista [&hellip;]","og_url":"https:\/\/kalajaretkeily.fi\/fi\/kajakit-riitteella-etela-konneveden-kansallispuisto-4-5-11-2023\/","og_site_name":"KalajaRetkeily","article_modified_time":"2025-06-23T19:21:04+00:00","og_image":[{"width":1024,"height":576,"url":"https:\/\/kalajaretkeily.fi\/fi\/wp-content\/uploads\/2022\/10\/20220507_221311-scaled-e1669147120999-1024x576.jpg","type":"image\/jpeg"}],"twitter_card":"summary_large_image","twitter_misc":{"Arvioitu lukuaika":"2 minuuttia"},"schema":{"@context":"https:\/\/schema.org","@graph":[{"@type":"WebPage","@id":"https:\/\/kalajaretkeily.fi\/fi\/kajakit-riitteella-etela-konneveden-kansallispuisto-4-5-11-2023\/","url":"https:\/\/kalajaretkeily.fi\/fi\/kajakit-riitteella-etela-konneveden-kansallispuisto-4-5-11-2023\/","name":"Kajakit riitteell\u00e4 Etel\u00e4-Konneveden kansallispuisto - KalajaRetkeily","isPartOf":{"@id":"https:\/\/kalajaretkeily.fi\/fi\/#website"},"primaryImageOfPage":{"@id":"https:\/\/kalajaretkeily.fi\/fi\/kajakit-riitteella-etela-konneveden-kansallispuisto-4-5-11-2023\/#primaryimage"},"image":{"@id":"https:\/\/kalajaretkeily.fi\/fi\/kajakit-riitteella-etela-konneveden-kansallispuisto-4-5-11-2023\/#primaryimage"},"thumbnailUrl":"https:\/\/kalajaretkeily.fi\/fi\/wp-content\/uploads\/2022\/10\/20220507_221311-scaled-e1669147120999-1024x576.jpg","datePublished":"2023-09-13T08:23:33+00:00","dateModified":"2025-06-23T19:21:04+00:00","breadcrumb":{"@id":"https:\/\/kalajaretkeily.fi\/fi\/kajakit-riitteella-etela-konneveden-kansallispuisto-4-5-11-2023\/#breadcrumb"},"inLanguage":"fi","potentialAction":[{"@type":"ReadAction","target":["https:\/\/kalajaretkeily.fi\/fi\/kajakit-riitteella-etela-konneveden-kansallispuisto-4-5-11-2023\/"]}]},{"@type":"ImageObject","inLanguage":"fi","@id":"https:\/\/kalajaretkeily.fi\/fi\/kajakit-riitteella-etela-konneveden-kansallispuisto-4-5-11-2023\/#primaryimage","url":"https:\/\/kalajaretkeily.fi\/fi\/wp-content\/uploads\/2022\/10\/20220507_221311.jpg","contentUrl":"https:\/\/kalajaretkeily.fi\/fi\/wp-content\/uploads\/2022\/10\/20220507_221311.jpg","width":4032,"height":3024},{"@type":"BreadcrumbList","@id":"https:\/\/kalajaretkeily.fi\/fi\/kajakit-riitteella-etela-konneveden-kansallispuisto-4-5-11-2023\/#breadcrumb","itemListElement":[{"@type":"ListItem","position":1,"name":"Etusivu","item":"https:\/\/kalajaretkeily.fi\/fi\/"},{"@type":"ListItem","position":2,"name":"Kajakit riitteell\u00e4 Etel\u00e4-Konneveden kansallispuisto"}]},{"@type":"WebSite","@id":"https:\/\/kalajaretkeily.fi\/fi\/#website","url":"https:\/\/kalajaretkeily.fi\/fi\/","name":"KalajaRetkeily","description":"Kajakin vuokraus","publisher":{"@id":"https:\/\/kalajaretkeily.fi\/fi\/#organization"},"potentialAction":[{"@type":"SearchAction","target":{"@type":"EntryPoint","urlTemplate":"https:\/\/kalajaretkeily.fi\/fi\/?s={search_term_string}"},"query-input":{"@type":"PropertyValueSpecification","valueRequired":true,"valueName":"search_term_string"}}],"inLanguage":"fi"},{"@type":"Organization","@id":"https:\/\/kalajaretkeily.fi\/fi\/#organization","name":"KalajaRetkeily","url":"https:\/\/kalajaretkeily.fi\/fi\/","logo":{"@type":"ImageObject","inLanguage":"fi","@id":"https:\/\/kalajaretkeily.fi\/fi\/#\/schema\/logo\/image\/","url":"https:\/\/kalajaretkeily.fi\/fi\/wp-content\/uploads\/2019\/05\/cropped-kalajalogo-1.png","contentUrl":"https:\/\/kalajaretkeily.fi\/fi\/wp-content\/uploads\/2019\/05\/cropped-kalajalogo-1.png","width":241,"height":50,"caption":"KalajaRetkeily"},"image":{"@id":"https:\/\/kalajaretkeily.fi\/fi\/#\/schema\/logo\/image\/"}}]}},"_links":{"self":[{"href":"https:\/\/kalajaretkeily.fi\/fi\/wp-json\/wp\/v2\/pages\/4685","targetHints":{"allow":["GET"]}}],"collection":[{"href":"https:\/\/kalajaretkeily.fi\/fi\/wp-json\/wp\/v2\/pages"}],"about":[{"href":"https:\/\/kalajaretkeily.fi\/fi\/wp-json\/wp\/v2\/types\/page"}],"author":[{"embeddable":true,"href":"https:\/\/kalajaretkeily.fi\/fi\/wp-json\/wp\/v2\/users\/1"}],"replies":[{"embeddable":true,"href":"https:\/\/kalajaretkeily.fi\/fi\/wp-json\/wp\/v2\/comments?post=4685"}],"version-history":[{"count":1,"href":"https:\/\/kalajaretkeily.fi\/fi\/wp-json\/wp\/v2\/pages\/4685\/revisions"}],"predecessor-version":[{"id":5132,"href":"https:\/\/kalajaretkeily.fi\/fi\/wp-json\/wp\/v2\/pages\/4685\/revisions\/5132"}],"wp:attachment":[{"href":"https:\/\/kalajaretkeily.fi\/fi\/wp-json\/wp\/v2\/media?parent=4685"}],"curies":[{"name":"wp","href":"https:\/\/api.w.org\/{rel}","templated":true}]}}