{"id":4591,"date":"2023-08-25T17:18:31","date_gmt":"2023-08-25T17:18:31","guid":{"rendered":"https:\/\/kalajaretkeily.fi\/fi\/?page_id=4591"},"modified":"2023-08-25T17:27:36","modified_gmt":"2023-08-25T17:27:36","slug":"shindoa-saaressa-melontaretki-etela-konneveden-kansallispuistossa-9-10-9-23","status":"publish","type":"page","link":"https:\/\/kalajaretkeily.fi\/fi\/shindoa-saaressa-melontaretki-etela-konneveden-kansallispuistossa-9-10-9-23\/","title":{"rendered":"Shindoa\u00ae saaressa &#8211; melontaretki Etel\u00e4-Konneveden kansallispuistossa 9.-10.9.23"},"content":{"rendered":"\n<figure class=\"wp-block-image size-large\"><img fetchpriority=\"high\" decoding=\"async\" width=\"1024\" height=\"576\" src=\"https:\/\/kalajaretkeily.fi\/fi\/wp-content\/uploads\/2023\/06\/Meloen-lahelle-luontoa-1024x576.jpg\" alt=\"\" class=\"wp-image-4443\" style=\"aspect-ratio:16\/9;object-fit:cover\" srcset=\"https:\/\/kalajaretkeily.fi\/fi\/wp-content\/uploads\/2023\/06\/Meloen-lahelle-luontoa-1024x576.jpg 1024w, https:\/\/kalajaretkeily.fi\/fi\/wp-content\/uploads\/2023\/06\/Meloen-lahelle-luontoa-300x169.jpg 300w, https:\/\/kalajaretkeily.fi\/fi\/wp-content\/uploads\/2023\/06\/Meloen-lahelle-luontoa-768x432.jpg 768w, https:\/\/kalajaretkeily.fi\/fi\/wp-content\/uploads\/2023\/06\/Meloen-lahelle-luontoa-1536x864.jpg 1536w, https:\/\/kalajaretkeily.fi\/fi\/wp-content\/uploads\/2023\/06\/Meloen-lahelle-luontoa-2048x1152.jpg 2048w, https:\/\/kalajaretkeily.fi\/fi\/wp-content\/uploads\/2023\/06\/Meloen-lahelle-luontoa-24x13.jpg 24w, https:\/\/kalajaretkeily.fi\/fi\/wp-content\/uploads\/2023\/06\/Meloen-lahelle-luontoa-36x20.jpg 36w, https:\/\/kalajaretkeily.fi\/fi\/wp-content\/uploads\/2023\/06\/Meloen-lahelle-luontoa-48x27.jpg 48w\" sizes=\"(max-width: 1024px) 100vw, 1024px\" \/><\/figure>\n\n\n\n<p><strong>T\u00e4m\u00e4 kaksip\u00e4iv\u00e4inen el\u00e4mys sopii sinulle, joka haluat rentoutua luontoymp\u00e4rist\u00f6ss\u00e4 melonnan ja kehonhuollon merkeiss\u00e4. Shindoa saaressa &#8211;\u00a0 melontaretki sopii sinulle, joka haluat ottaa vastaan rentouttavia Shindo\u00ae hoitoja vesielementin ymp\u00e4r\u00f6im\u00e4n\u00e4 kauniissa V\u00e4\u00e4r\u00e4saaressa Etel\u00e4-Konneveden kansallispuistossa. Retken aikana teemme rentoutusharjoituksia, mitk\u00e4 lis\u00e4\u00e4v\u00e4t tietoisuutta omasta kauniista kehostamme. Melonta toteutetaan vakailla ja laadukkailla retkikajakkiyksik\u00f6ill\u00e4, joihin saat ennen retke\u00e4 tarvittavan opastuksen. Melomme rauhassa, luontoa aistien, puhtailla Etel\u00e4-Konneveden vesill\u00e4 Kalas\u00e4\u00e4sken m\u00f6kille V\u00e4\u00e4r\u00e4saareen.<\/strong><\/p>\n\n\n\n<h2 class=\"wp-block-heading\">Taito-, ja kokemusvaatimukset<\/h2>\n\n\n\n<p>Melontaretki on helppo ja soveltuu my\u00f6s v\u00e4hemm\u00e4n kokeneille melonnan harrastajille. Melontavauhti on rauhallinen ja sovitetaan melojien kunnon, kokemuksen sek\u00e4 olosuhteiden mukaan, ns. hitaimman mukaan melotaan ja nautitaan luonnosta vesilt\u00e4 k\u00e4sin. Osallistujien on oltava yli 18-vuotiaita, alle 18-vuotiaat voivat osallistua vain t\u00e4ysi-ik\u00e4isen holhoojan seurassa. Osallistujilla tulee olla riitt\u00e4v\u00e4 uimataito ja peruskunto kahden p\u00e4iv\u00e4n melontaa ajatellen. Melomme kahden p\u00e4iv\u00e4n aikana n.20-25 km. Aikaisempaa kokemusta melonnasta olisi hyv\u00e4 olla, esim. melonnan Meloja 1 -peruskurssi tai vastaava k\u00e4ytyn\u00e4 sek\u00e4 paripelastautumistaidot suoritettuna. Mik\u00e4li melonnan suhteen her\u00e4\u00e4 kysytt\u00e4v\u00e4\u00e4, ota rohkeasti yhteytt\u00e4 Vesa\/0405268562 info@kalajaretkeily.fi tai yksityisviestill\u00e4.<\/p>\n\n\n\n<h2 class=\"wp-block-heading\">Turvallisuus<\/h2>\n\n\n\n<p>Mik\u00e4li s\u00e4\u00e4olosuhteet (tuulen voimakkuus yli 6 m\/s) eiv\u00e4t salli melontaretken turvallista toteuttamista, niin varaamme oikeuden muuttaa ja tarvittaessa lyhent\u00e4\u00e4 retkiohjelmaa tai vaihtaa p\u00e4iv\u00e4m\u00e4\u00e4r\u00e4\u00e4 seuraavaan ajankohtaan (16.-17.9.2023).<\/p>\n\n\n\n<h2 class=\"wp-block-heading\">Ohjelma<\/h2>\n\n\n\n<h3 class=\"wp-block-heading\">P\u00e4iv\u00e4 1:<\/h3>\n\n\n\n<p>Tapaaminen klo 10:00 Hanhitaipaleen kalasatamassa KalajaRetkeilyn melontavajan luona. Osoite Satamatie 143, 77700 Rautalampi. Tutustumme hieman toisiimme, melontakalustoon ja pakkaamme varusteet kajakkeihin.<\/p>\n\n\n\n<p>Ennen vesille menoa teemme kehon l\u00e4mmittely harjoituksen yhdess\u00e4 &#8211; aistimme rentouden ja j\u00e4nnityksen v\u00e4list\u00e4 eroa.<\/p>\n\n\n\n<p>Melontaretki vesill\u00e4 alkaa noin klo 11:00, kun olemme valmiita l\u00e4ht\u00f6\u00f6n. Melomme kohti Kalas\u00e4\u00e4sken vuokram\u00f6kki\u00e4 V\u00e4\u00e4r\u00e4saareen. Melonnan aikana rantaudumme sy\u00f6m\u00e4\u00e4n lounasta. Ohjaajalla on retkikeitin mukana mill\u00e4 saa keitetty\u00e4 kuumaa vett\u00e4 lounaisiin.<\/p>\n\n\n\n<p>Melontamatka ensimm\u00e4isen\u00e4 p\u00e4iv\u00e4n\u00e4 on noin 10 km, melontaa taukoineen noin 4h.<\/p>\n\n\n\n<p>V\u00e4\u00e4r\u00e4saaressa leiriydymme, ruokailemme, l\u00e4mmit\u00e4mme yhdess\u00e4 rantasaunan ja osallistujat saavat vuorollaan ottaa vastaan rentouttavia Shindo-hoitoja iltap\u00e4iv\u00e4n ja illan kuluessa. Nautimme rantasaunan l\u00f6ylyist\u00e4 ja syyskuun pimenev\u00e4st\u00e4 illasta kynttil\u00f6iden valossa, t\u00e4htitaivaan alla. Saunan ja uinnin j\u00e4lkeen pid\u00e4mme iltapiirin, jonka j\u00e4lkeen rauhoitamme illan levolle.<\/p>\n\n\n\n<figure class=\"wp-block-image size-large\"><img decoding=\"async\" width=\"1024\" height=\"694\" src=\"https:\/\/kalajaretkeily.fi\/fi\/wp-content\/uploads\/2023\/08\/img-20221011-wa0005_orig-1024x694.jpg\" alt=\"\" class=\"wp-image-4601\" style=\"aspect-ratio:16\/9;object-fit:cover\" srcset=\"https:\/\/kalajaretkeily.fi\/fi\/wp-content\/uploads\/2023\/08\/img-20221011-wa0005_orig-1024x694.jpg 1024w, https:\/\/kalajaretkeily.fi\/fi\/wp-content\/uploads\/2023\/08\/img-20221011-wa0005_orig-300x203.jpg 300w, https:\/\/kalajaretkeily.fi\/fi\/wp-content\/uploads\/2023\/08\/img-20221011-wa0005_orig-768x520.jpg 768w, https:\/\/kalajaretkeily.fi\/fi\/wp-content\/uploads\/2023\/08\/img-20221011-wa0005_orig-24x16.jpg 24w, https:\/\/kalajaretkeily.fi\/fi\/wp-content\/uploads\/2023\/08\/img-20221011-wa0005_orig-36x24.jpg 36w, https:\/\/kalajaretkeily.fi\/fi\/wp-content\/uploads\/2023\/08\/img-20221011-wa0005_orig-48x33.jpg 48w, https:\/\/kalajaretkeily.fi\/fi\/wp-content\/uploads\/2023\/08\/img-20221011-wa0005_orig.jpg 1100w\" sizes=\"(max-width: 1024px) 100vw, 1024px\" \/><\/figure>\n\n\n\n<h3 class=\"wp-block-heading\">P\u00e4iv\u00e4 2<\/h3>\n\n\n\n<p>Sunnuntaina aloitamme aamun lempe\u00e4ll\u00e4 kehon her\u00e4ttelyll\u00e4 &#8211; rakas kehoni.&nbsp;<\/p>\n\n\n\n<p>Aamutoimien ja aamupalan j\u00e4lkeen siivoamme m\u00f6kin, puramme leirin, pakkaamme kajakit ja melomme rauhassa luontoa ja kehoa aistien. Rantaudumme p\u00e4iv\u00e4n aikana lounaalle. Paluu Hanhitaipaleen satamaan klo 16 menness\u00e4.&nbsp;<\/p>\n\n\n\n<p>Molempien p\u00e4ivien suunnitelmiin voi tulla muutoksia s\u00e4\u00e4olosuhteet huomioiden.&nbsp;<\/p>\n\n\n\n<figure class=\"wp-block-image size-large\"><img decoding=\"async\" width=\"1024\" height=\"576\" src=\"https:\/\/kalajaretkeily.fi\/fi\/wp-content\/uploads\/2023\/08\/img-20221002-wa0017_orig-1024x576.jpg\" alt=\"\" class=\"wp-image-4602\" style=\"aspect-ratio:16\/9;object-fit:cover\" srcset=\"https:\/\/kalajaretkeily.fi\/fi\/wp-content\/uploads\/2023\/08\/img-20221002-wa0017_orig-1024x576.jpg 1024w, https:\/\/kalajaretkeily.fi\/fi\/wp-content\/uploads\/2023\/08\/img-20221002-wa0017_orig-300x169.jpg 300w, https:\/\/kalajaretkeily.fi\/fi\/wp-content\/uploads\/2023\/08\/img-20221002-wa0017_orig-768x432.jpg 768w, https:\/\/kalajaretkeily.fi\/fi\/wp-content\/uploads\/2023\/08\/img-20221002-wa0017_orig-24x14.jpg 24w, https:\/\/kalajaretkeily.fi\/fi\/wp-content\/uploads\/2023\/08\/img-20221002-wa0017_orig-36x20.jpg 36w, https:\/\/kalajaretkeily.fi\/fi\/wp-content\/uploads\/2023\/08\/img-20221002-wa0017_orig-48x27.jpg 48w, https:\/\/kalajaretkeily.fi\/fi\/wp-content\/uploads\/2023\/08\/img-20221002-wa0017_orig.jpg 1296w\" sizes=\"(max-width: 1024px) 100vw, 1024px\" \/><\/figure>\n\n\n\n<h2 class=\"wp-block-heading\">Majoittuminen\/ Leiriytyminen<\/h2>\n\n\n\n<p>Kalas\u00e4\u00e4sken m\u00f6kill\u00e4 V\u00e4\u00e4r\u00e4saaressa voit y\u00f6py\u00e4, joko tuvassa (mahdollisuus my\u00f6s tupamajoitukseen leve\u00e4 kerross\u00e4nky, miss\u00e4 ylh\u00e4\u00e4ll\u00e4 ja alhaalla 2 nukkumapaikkaa), omassa teltassa tai riippumatossa (kolme telttapaikka). Mik\u00e4li kaipaat my\u00f6s omaa rauhaa, niin suosittelemme telttaa tai riippumattoa. Kysy tarvittaessa riippumattoa lainaan.<\/p>\n\n\n\n<figure class=\"wp-block-image size-large\"><img loading=\"lazy\" decoding=\"async\" width=\"1024\" height=\"576\" src=\"https:\/\/kalajaretkeily.fi\/fi\/wp-content\/uploads\/2023\/08\/v-r-saari-m-kki_orig-1024x576.jpg\" alt=\"\" class=\"wp-image-4603\" style=\"aspect-ratio:16\/9;object-fit:cover\" srcset=\"https:\/\/kalajaretkeily.fi\/fi\/wp-content\/uploads\/2023\/08\/v-r-saari-m-kki_orig-1024x576.jpg 1024w, https:\/\/kalajaretkeily.fi\/fi\/wp-content\/uploads\/2023\/08\/v-r-saari-m-kki_orig-300x169.jpg 300w, https:\/\/kalajaretkeily.fi\/fi\/wp-content\/uploads\/2023\/08\/v-r-saari-m-kki_orig-768x432.jpg 768w, https:\/\/kalajaretkeily.fi\/fi\/wp-content\/uploads\/2023\/08\/v-r-saari-m-kki_orig-24x14.jpg 24w, https:\/\/kalajaretkeily.fi\/fi\/wp-content\/uploads\/2023\/08\/v-r-saari-m-kki_orig-36x20.jpg 36w, https:\/\/kalajaretkeily.fi\/fi\/wp-content\/uploads\/2023\/08\/v-r-saari-m-kki_orig-48x27.jpg 48w, https:\/\/kalajaretkeily.fi\/fi\/wp-content\/uploads\/2023\/08\/v-r-saari-m-kki_orig.jpg 1100w\" sizes=\"(max-width: 1024px) 100vw, 1024px\" \/><\/figure>\n\n\n\n<h3 class=\"wp-block-heading\"><\/h3>\n\n\n\n<h2 class=\"wp-block-heading\">Retken ohjaajana toimii<\/h2>\n\n\n\n<p>Katariina Nyyss\u00f6nen<\/p>\n\n\n\n<p>Shindo\u00ae hoitaja\/kouluttaja, Ratkaisukeskeinen valmentaja LCAF\u00ae, Reiki opettaja\/hoitaja, Er\u00e4- ja luonto-opas, Sosionomi AMK<\/p>\n\n\n\n<figure class=\"wp-block-image size-full\"><img loading=\"lazy\" decoding=\"async\" width=\"768\" height=\"432\" src=\"https:\/\/kalajaretkeily.fi\/fi\/wp-content\/uploads\/2023\/08\/vaaka.jpg\" alt=\"\" class=\"wp-image-4592\" style=\"aspect-ratio:16\/9;object-fit:cover\" srcset=\"https:\/\/kalajaretkeily.fi\/fi\/wp-content\/uploads\/2023\/08\/vaaka.jpg 768w, https:\/\/kalajaretkeily.fi\/fi\/wp-content\/uploads\/2023\/08\/vaaka-300x169.jpg 300w, https:\/\/kalajaretkeily.fi\/fi\/wp-content\/uploads\/2023\/08\/vaaka-24x14.jpg 24w, https:\/\/kalajaretkeily.fi\/fi\/wp-content\/uploads\/2023\/08\/vaaka-36x20.jpg 36w, https:\/\/kalajaretkeily.fi\/fi\/wp-content\/uploads\/2023\/08\/vaaka-48x27.jpg 48w\" sizes=\"(max-width: 768px) 100vw, 768px\" \/><\/figure>\n\n\n\n<h2 class=\"wp-block-heading\">Hinta<\/h2>\n\n\n\n<p><strong>179\u20ac\/osallistuja<\/strong>. Hinta sis\u00e4lt\u00e4\u00e4 verot, ohjauksen, hoidot, vuokram\u00f6kin, kajakin ja varusteet melontaa sek\u00e4 tarvittaessa Amok riippumatto setin lainaan (3kpl).<\/p>\n\n\n\n<p>Retken varausmaksu on 20\u20ac, koodilla **varaus**. Loppulasku (159\u20ac) laskutetaan vasta toteutuneen retken j\u00e4lkeen s\u00e4hk\u00f6postilla. Varausmaksuun sis\u00e4ltyy <a href=\"https:\/\/kalajaretkeily.fi\/fi\/saaturva\/\">s\u00e4\u00e4turva<\/a>. Varausmaksuun 20\u20ac noudatamme normaaleja peruutusehtoja. <a href=\"https:\/\/kalajaretkeily.fi\/fi\/nama-ehdot-ovat-voimassa-1-1-2022-alkaen\/\">EHDOT<\/a><\/p>\n\n\n\n<h3 class=\"wp-block-heading\">Ilmoittautuminen<\/h3>\n\n\n<p><iframe style=\"width:300px;height:360px\" src=\"https:\/\/holvi.com\/shop\/outdooradventuresfinland\/product\/d4f010975edd752147af746618efad6f\/embedded\/\" frameborder=\"0\"><\/iframe><\/p>\n\n\n\n<h2 class=\"wp-block-heading\">Lis\u00e4tietoja<\/h2>\n\n\n\n<p>Mik\u00e4li tulee kysytt\u00e4v\u00e4\u00e4 melontaa liittyviss\u00e4 asioissa, otathan yhteytt\u00e4 puhelimitse 0405268562\/Vesa tai s\u00e4hk\u00f6postilla&nbsp;<a href=\"mailto:info@kalajaretkeily.fi\">info@kalajaretkeily.fi<\/a>.&nbsp;Hoitoihin ja hyvinvointiin liittyviss\u00e4 asioissa lis\u00e4tietoa antaa 0443672483\/Katariina.<\/p>\n\n\n\n<p>Instagram l\u00f6yd\u00e4t meid\u00e4t: @kalajaretkeily \/ @vesaviittala.<\/p>\n\n\n\n<p>Vastuullisena j\u00e4rjest\u00e4j\u00e4n\u00e4 toimii Outdoor Adventures Finland (y-tunnus 3255796-2).<\/p>\n","protected":false},"excerpt":{"rendered":"<p>T\u00e4m\u00e4 kaksip\u00e4iv\u00e4inen el\u00e4mys sopii sinulle, joka haluat rentoutua luontoymp\u00e4rist\u00f6ss\u00e4 melonnan ja kehonhuollon merkeiss\u00e4. Shindoa saaressa &#8211;\u00a0 melontaretki sopii sinulle, joka haluat ottaa vastaan rentouttavia Shindo\u00ae hoitoja vesielementin ymp\u00e4r\u00f6im\u00e4n\u00e4 kauniissa V\u00e4\u00e4r\u00e4saaressa Etel\u00e4-Konneveden kansallispuistossa. Retken aikana teemme rentoutusharjoituksia, mitk\u00e4 lis\u00e4\u00e4v\u00e4t tietoisuutta omasta kauniista kehostamme. Melonta toteutetaan vakailla ja laadukkailla retkikajakkiyksik\u00f6ill\u00e4, joihin saat ennen retke\u00e4 tarvittavan opastuksen. Melomme [&hellip;]<\/p>\n","protected":false},"author":1,"featured_media":0,"parent":0,"menu_order":0,"comment_status":"closed","ping_status":"closed","template":"","meta":{"footnotes":""},"class_list":["post-4591","page","type-page","status-publish","hentry"],"yoast_head":"<!-- This site is optimized with the Yoast SEO plugin v27.2 - https:\/\/yoast.com\/product\/yoast-seo-wordpress\/ -->\n<title>Shindoa\u00ae saaressa &#8211; melontaretki Etel\u00e4-Konneveden kansallispuistossa 9.-10.9.23 - KalajaRetkeily<\/title>\n<meta name=\"robots\" content=\"index, follow, max-snippet:-1, max-image-preview:large, max-video-preview:-1\" \/>\n<link rel=\"canonical\" href=\"https:\/\/kalajaretkeily.fi\/fi\/shindoa-saaressa-melontaretki-etela-konneveden-kansallispuistossa-9-10-9-23\/\" \/>\n<meta property=\"og:locale\" content=\"fi_FI\" \/>\n<meta property=\"og:type\" content=\"article\" \/>\n<meta property=\"og:title\" content=\"Shindoa\u00ae saaressa &#8211; melontaretki Etel\u00e4-Konneveden kansallispuistossa 9.-10.9.23 - KalajaRetkeily\" \/>\n<meta property=\"og:description\" content=\"T\u00e4m\u00e4 kaksip\u00e4iv\u00e4inen el\u00e4mys sopii sinulle, joka haluat rentoutua luontoymp\u00e4rist\u00f6ss\u00e4 melonnan ja kehonhuollon merkeiss\u00e4. Shindoa saaressa &#8211;\u00a0 melontaretki sopii sinulle, joka haluat ottaa vastaan rentouttavia Shindo\u00ae hoitoja vesielementin ymp\u00e4r\u00f6im\u00e4n\u00e4 kauniissa V\u00e4\u00e4r\u00e4saaressa Etel\u00e4-Konneveden kansallispuistossa. Retken aikana teemme rentoutusharjoituksia, mitk\u00e4 lis\u00e4\u00e4v\u00e4t tietoisuutta omasta kauniista kehostamme. Melonta toteutetaan vakailla ja laadukkailla retkikajakkiyksik\u00f6ill\u00e4, joihin saat ennen retke\u00e4 tarvittavan opastuksen. Melomme [&hellip;]\" \/>\n<meta property=\"og:url\" content=\"https:\/\/kalajaretkeily.fi\/fi\/shindoa-saaressa-melontaretki-etela-konneveden-kansallispuistossa-9-10-9-23\/\" \/>\n<meta property=\"og:site_name\" content=\"KalajaRetkeily\" \/>\n<meta property=\"article:modified_time\" content=\"2023-08-25T17:27:36+00:00\" \/>\n<meta property=\"og:image\" content=\"https:\/\/kalajaretkeily.fi\/fi\/wp-content\/uploads\/2023\/06\/Meloen-lahelle-luontoa-1024x576.jpg\" \/>\n<meta name=\"twitter:card\" content=\"summary_large_image\" \/>\n<meta name=\"twitter:label1\" content=\"Arvioitu lukuaika\" \/>\n\t<meta name=\"twitter:data1\" content=\"3 minuuttia\" \/>\n<script type=\"application\/ld+json\" class=\"yoast-schema-graph\">{\"@context\":\"https:\/\/schema.org\",\"@graph\":[{\"@type\":\"WebPage\",\"@id\":\"https:\/\/kalajaretkeily.fi\/fi\/shindoa-saaressa-melontaretki-etela-konneveden-kansallispuistossa-9-10-9-23\/\",\"url\":\"https:\/\/kalajaretkeily.fi\/fi\/shindoa-saaressa-melontaretki-etela-konneveden-kansallispuistossa-9-10-9-23\/\",\"name\":\"Shindoa\u00ae saaressa &#8211; melontaretki Etel\u00e4-Konneveden kansallispuistossa 9.-10.9.23 - KalajaRetkeily\",\"isPartOf\":{\"@id\":\"https:\/\/kalajaretkeily.fi\/fi\/#website\"},\"primaryImageOfPage\":{\"@id\":\"https:\/\/kalajaretkeily.fi\/fi\/shindoa-saaressa-melontaretki-etela-konneveden-kansallispuistossa-9-10-9-23\/#primaryimage\"},\"image\":{\"@id\":\"https:\/\/kalajaretkeily.fi\/fi\/shindoa-saaressa-melontaretki-etela-konneveden-kansallispuistossa-9-10-9-23\/#primaryimage\"},\"thumbnailUrl\":\"https:\/\/kalajaretkeily.fi\/fi\/wp-content\/uploads\/2023\/06\/Meloen-lahelle-luontoa-1024x576.jpg\",\"datePublished\":\"2023-08-25T17:18:31+00:00\",\"dateModified\":\"2023-08-25T17:27:36+00:00\",\"breadcrumb\":{\"@id\":\"https:\/\/kalajaretkeily.fi\/fi\/shindoa-saaressa-melontaretki-etela-konneveden-kansallispuistossa-9-10-9-23\/#breadcrumb\"},\"inLanguage\":\"fi\",\"potentialAction\":[{\"@type\":\"ReadAction\",\"target\":[\"https:\/\/kalajaretkeily.fi\/fi\/shindoa-saaressa-melontaretki-etela-konneveden-kansallispuistossa-9-10-9-23\/\"]}]},{\"@type\":\"ImageObject\",\"inLanguage\":\"fi\",\"@id\":\"https:\/\/kalajaretkeily.fi\/fi\/shindoa-saaressa-melontaretki-etela-konneveden-kansallispuistossa-9-10-9-23\/#primaryimage\",\"url\":\"https:\/\/kalajaretkeily.fi\/fi\/wp-content\/uploads\/2023\/06\/Meloen-lahelle-luontoa-scaled.jpg\",\"contentUrl\":\"https:\/\/kalajaretkeily.fi\/fi\/wp-content\/uploads\/2023\/06\/Meloen-lahelle-luontoa-scaled.jpg\",\"width\":2560,\"height\":1440},{\"@type\":\"BreadcrumbList\",\"@id\":\"https:\/\/kalajaretkeily.fi\/fi\/shindoa-saaressa-melontaretki-etela-konneveden-kansallispuistossa-9-10-9-23\/#breadcrumb\",\"itemListElement\":[{\"@type\":\"ListItem\",\"position\":1,\"name\":\"Etusivu\",\"item\":\"https:\/\/kalajaretkeily.fi\/fi\/\"},{\"@type\":\"ListItem\",\"position\":2,\"name\":\"Shindoa\u00ae saaressa &#8211; melontaretki Etel\u00e4-Konneveden kansallispuistossa 9.-10.9.23\"}]},{\"@type\":\"WebSite\",\"@id\":\"https:\/\/kalajaretkeily.fi\/fi\/#website\",\"url\":\"https:\/\/kalajaretkeily.fi\/fi\/\",\"name\":\"KalajaRetkeily\",\"description\":\"Kajakin vuokraus\",\"publisher\":{\"@id\":\"https:\/\/kalajaretkeily.fi\/fi\/#organization\"},\"potentialAction\":[{\"@type\":\"SearchAction\",\"target\":{\"@type\":\"EntryPoint\",\"urlTemplate\":\"https:\/\/kalajaretkeily.fi\/fi\/?s={search_term_string}\"},\"query-input\":{\"@type\":\"PropertyValueSpecification\",\"valueRequired\":true,\"valueName\":\"search_term_string\"}}],\"inLanguage\":\"fi\"},{\"@type\":\"Organization\",\"@id\":\"https:\/\/kalajaretkeily.fi\/fi\/#organization\",\"name\":\"KalajaRetkeily\",\"url\":\"https:\/\/kalajaretkeily.fi\/fi\/\",\"logo\":{\"@type\":\"ImageObject\",\"inLanguage\":\"fi\",\"@id\":\"https:\/\/kalajaretkeily.fi\/fi\/#\/schema\/logo\/image\/\",\"url\":\"https:\/\/kalajaretkeily.fi\/fi\/wp-content\/uploads\/2019\/05\/cropped-kalajalogo-1.png\",\"contentUrl\":\"https:\/\/kalajaretkeily.fi\/fi\/wp-content\/uploads\/2019\/05\/cropped-kalajalogo-1.png\",\"width\":241,\"height\":50,\"caption\":\"KalajaRetkeily\"},\"image\":{\"@id\":\"https:\/\/kalajaretkeily.fi\/fi\/#\/schema\/logo\/image\/\"}}]}<\/script>\n<!-- \/ Yoast SEO plugin. -->","yoast_head_json":{"title":"Shindoa\u00ae saaressa &#8211; melontaretki Etel\u00e4-Konneveden kansallispuistossa 9.-10.9.23 - KalajaRetkeily","robots":{"index":"index","follow":"follow","max-snippet":"max-snippet:-1","max-image-preview":"max-image-preview:large","max-video-preview":"max-video-preview:-1"},"canonical":"https:\/\/kalajaretkeily.fi\/fi\/shindoa-saaressa-melontaretki-etela-konneveden-kansallispuistossa-9-10-9-23\/","og_locale":"fi_FI","og_type":"article","og_title":"Shindoa\u00ae saaressa &#8211; melontaretki Etel\u00e4-Konneveden kansallispuistossa 9.-10.9.23 - KalajaRetkeily","og_description":"T\u00e4m\u00e4 kaksip\u00e4iv\u00e4inen el\u00e4mys sopii sinulle, joka haluat rentoutua luontoymp\u00e4rist\u00f6ss\u00e4 melonnan ja kehonhuollon merkeiss\u00e4. Shindoa saaressa &#8211;\u00a0 melontaretki sopii sinulle, joka haluat ottaa vastaan rentouttavia Shindo\u00ae hoitoja vesielementin ymp\u00e4r\u00f6im\u00e4n\u00e4 kauniissa V\u00e4\u00e4r\u00e4saaressa Etel\u00e4-Konneveden kansallispuistossa. Retken aikana teemme rentoutusharjoituksia, mitk\u00e4 lis\u00e4\u00e4v\u00e4t tietoisuutta omasta kauniista kehostamme. Melonta toteutetaan vakailla ja laadukkailla retkikajakkiyksik\u00f6ill\u00e4, joihin saat ennen retke\u00e4 tarvittavan opastuksen. Melomme [&hellip;]","og_url":"https:\/\/kalajaretkeily.fi\/fi\/shindoa-saaressa-melontaretki-etela-konneveden-kansallispuistossa-9-10-9-23\/","og_site_name":"KalajaRetkeily","article_modified_time":"2023-08-25T17:27:36+00:00","og_image":[{"url":"https:\/\/kalajaretkeily.fi\/fi\/wp-content\/uploads\/2023\/06\/Meloen-lahelle-luontoa-1024x576.jpg","type":"","width":"","height":""}],"twitter_card":"summary_large_image","twitter_misc":{"Arvioitu lukuaika":"3 minuuttia"},"schema":{"@context":"https:\/\/schema.org","@graph":[{"@type":"WebPage","@id":"https:\/\/kalajaretkeily.fi\/fi\/shindoa-saaressa-melontaretki-etela-konneveden-kansallispuistossa-9-10-9-23\/","url":"https:\/\/kalajaretkeily.fi\/fi\/shindoa-saaressa-melontaretki-etela-konneveden-kansallispuistossa-9-10-9-23\/","name":"Shindoa\u00ae saaressa &#8211; melontaretki Etel\u00e4-Konneveden kansallispuistossa 9.-10.9.23 - KalajaRetkeily","isPartOf":{"@id":"https:\/\/kalajaretkeily.fi\/fi\/#website"},"primaryImageOfPage":{"@id":"https:\/\/kalajaretkeily.fi\/fi\/shindoa-saaressa-melontaretki-etela-konneveden-kansallispuistossa-9-10-9-23\/#primaryimage"},"image":{"@id":"https:\/\/kalajaretkeily.fi\/fi\/shindoa-saaressa-melontaretki-etela-konneveden-kansallispuistossa-9-10-9-23\/#primaryimage"},"thumbnailUrl":"https:\/\/kalajaretkeily.fi\/fi\/wp-content\/uploads\/2023\/06\/Meloen-lahelle-luontoa-1024x576.jpg","datePublished":"2023-08-25T17:18:31+00:00","dateModified":"2023-08-25T17:27:36+00:00","breadcrumb":{"@id":"https:\/\/kalajaretkeily.fi\/fi\/shindoa-saaressa-melontaretki-etela-konneveden-kansallispuistossa-9-10-9-23\/#breadcrumb"},"inLanguage":"fi","potentialAction":[{"@type":"ReadAction","target":["https:\/\/kalajaretkeily.fi\/fi\/shindoa-saaressa-melontaretki-etela-konneveden-kansallispuistossa-9-10-9-23\/"]}]},{"@type":"ImageObject","inLanguage":"fi","@id":"https:\/\/kalajaretkeily.fi\/fi\/shindoa-saaressa-melontaretki-etela-konneveden-kansallispuistossa-9-10-9-23\/#primaryimage","url":"https:\/\/kalajaretkeily.fi\/fi\/wp-content\/uploads\/2023\/06\/Meloen-lahelle-luontoa-scaled.jpg","contentUrl":"https:\/\/kalajaretkeily.fi\/fi\/wp-content\/uploads\/2023\/06\/Meloen-lahelle-luontoa-scaled.jpg","width":2560,"height":1440},{"@type":"BreadcrumbList","@id":"https:\/\/kalajaretkeily.fi\/fi\/shindoa-saaressa-melontaretki-etela-konneveden-kansallispuistossa-9-10-9-23\/#breadcrumb","itemListElement":[{"@type":"ListItem","position":1,"name":"Etusivu","item":"https:\/\/kalajaretkeily.fi\/fi\/"},{"@type":"ListItem","position":2,"name":"Shindoa\u00ae saaressa &#8211; melontaretki Etel\u00e4-Konneveden kansallispuistossa 9.-10.9.23"}]},{"@type":"WebSite","@id":"https:\/\/kalajaretkeily.fi\/fi\/#website","url":"https:\/\/kalajaretkeily.fi\/fi\/","name":"KalajaRetkeily","description":"Kajakin vuokraus","publisher":{"@id":"https:\/\/kalajaretkeily.fi\/fi\/#organization"},"potentialAction":[{"@type":"SearchAction","target":{"@type":"EntryPoint","urlTemplate":"https:\/\/kalajaretkeily.fi\/fi\/?s={search_term_string}"},"query-input":{"@type":"PropertyValueSpecification","valueRequired":true,"valueName":"search_term_string"}}],"inLanguage":"fi"},{"@type":"Organization","@id":"https:\/\/kalajaretkeily.fi\/fi\/#organization","name":"KalajaRetkeily","url":"https:\/\/kalajaretkeily.fi\/fi\/","logo":{"@type":"ImageObject","inLanguage":"fi","@id":"https:\/\/kalajaretkeily.fi\/fi\/#\/schema\/logo\/image\/","url":"https:\/\/kalajaretkeily.fi\/fi\/wp-content\/uploads\/2019\/05\/cropped-kalajalogo-1.png","contentUrl":"https:\/\/kalajaretkeily.fi\/fi\/wp-content\/uploads\/2019\/05\/cropped-kalajalogo-1.png","width":241,"height":50,"caption":"KalajaRetkeily"},"image":{"@id":"https:\/\/kalajaretkeily.fi\/fi\/#\/schema\/logo\/image\/"}}]}},"_links":{"self":[{"href":"https:\/\/kalajaretkeily.fi\/fi\/wp-json\/wp\/v2\/pages\/4591","targetHints":{"allow":["GET"]}}],"collection":[{"href":"https:\/\/kalajaretkeily.fi\/fi\/wp-json\/wp\/v2\/pages"}],"about":[{"href":"https:\/\/kalajaretkeily.fi\/fi\/wp-json\/wp\/v2\/types\/page"}],"author":[{"embeddable":true,"href":"https:\/\/kalajaretkeily.fi\/fi\/wp-json\/wp\/v2\/users\/1"}],"replies":[{"embeddable":true,"href":"https:\/\/kalajaretkeily.fi\/fi\/wp-json\/wp\/v2\/comments?post=4591"}],"version-history":[{"count":0,"href":"https:\/\/kalajaretkeily.fi\/fi\/wp-json\/wp\/v2\/pages\/4591\/revisions"}],"wp:attachment":[{"href":"https:\/\/kalajaretkeily.fi\/fi\/wp-json\/wp\/v2\/media?parent=4591"}],"curies":[{"name":"wp","href":"https:\/\/api.w.org\/{rel}","templated":true}]}}