{"id":4558,"date":"2023-08-14T16:32:16","date_gmt":"2023-08-14T16:32:16","guid":{"rendered":"https:\/\/kalajaretkeily.fi\/fi\/?page_id=4558"},"modified":"2023-08-22T17:34:31","modified_gmt":"2023-08-22T17:34:31","slug":"ruskamelonta-kalasaaskien-vesilla-etela-konneveden-kansallispuisto","status":"publish","type":"page","link":"https:\/\/kalajaretkeily.fi\/fi\/ruskamelonta-kalasaaskien-vesilla-etela-konneveden-kansallispuisto\/","title":{"rendered":"Ruskamelonta Kalas\u00e4\u00e4skien vesill\u00e4 Etel\u00e4-Konneveden kansallispuisto"},"content":{"rendered":"\n<figure class=\"wp-block-image size-large\"><img fetchpriority=\"high\" decoding=\"async\" width=\"1024\" height=\"683\" src=\"https:\/\/kalajaretkeily.fi\/fi\/wp-content\/uploads\/2021\/03\/Syksyinen-melontaretki-Etela-Konnevesi-1024x683.png\" alt=\"Ruska-aika melontaretki\" class=\"wp-image-865\" srcset=\"https:\/\/kalajaretkeily.fi\/fi\/wp-content\/uploads\/2021\/03\/Syksyinen-melontaretki-Etela-Konnevesi-1024x683.png 1024w, https:\/\/kalajaretkeily.fi\/fi\/wp-content\/uploads\/2021\/03\/Syksyinen-melontaretki-Etela-Konnevesi-300x200.png 300w, https:\/\/kalajaretkeily.fi\/fi\/wp-content\/uploads\/2021\/03\/Syksyinen-melontaretki-Etela-Konnevesi-768x512.png 768w, https:\/\/kalajaretkeily.fi\/fi\/wp-content\/uploads\/2021\/03\/Syksyinen-melontaretki-Etela-Konnevesi.png 1080w\" sizes=\"(max-width: 1024px) 100vw, 1024px\" \/><figcaption class=\"wp-element-caption\">Ruskan v\u00e4rj\u00e4\u00e4 haavat keltaiseksi<\/figcaption><\/figure>\n\n\n\n<p><strong>T\u00e4ll\u00e4 ruskaretkell\u00e4 melotaan Etel\u00e4-Konneveden kaakkoisosissa. Alue on suojaista sokkeloista saaristoa, josta l\u00f6ytyv\u00e4t kansallispuiston jylhimm\u00e4t kalliorannat ja kapeimmat salmet.&nbsp;N\u00e4kemist\u00e4 ja kokemista riitt\u00e4\u00e4 varmasti kaikille aloittelijoista kokeneisiin melojiin saakka. <\/strong><\/p>\n\n\n\n<p><strong>Etel\u00e4-Konnevedell\u00e4 on my\u00f6s Keski-Suomen vahvin kalas\u00e4\u00e4skikanta sek\u00e4 runsaasti niiden pesi\u00e4.&nbsp;Syysmuutto tapahtuu elo-syyskuussa, jolloin kalas\u00e4\u00e4sket siirtyv\u00e4t talvehtimisalueilleen V\u00e4limerelle ja p\u00e4iv\u00e4ntasaajan trooppiseen Afrikkaan.<\/strong> <strong>Melontaretken ohessa pidet\u00e4\u00e4n reilu ev\u00e4stauko laavulla, ev\u00e4stauolla on tarjolla l\u00e4mmint\u00e4 juotavaa kahvia\/teet\u00e4\/mehu.<\/strong><\/p>\n\n\n\n<figure class=\"wp-block-image size-large\"><img decoding=\"async\" width=\"1024\" height=\"576\" src=\"https:\/\/kalajaretkeily.fi\/fi\/wp-content\/uploads\/2023\/08\/Ruskamelonta-1024x576.jpg\" alt=\"\" class=\"wp-image-4561\" srcset=\"https:\/\/kalajaretkeily.fi\/fi\/wp-content\/uploads\/2023\/08\/Ruskamelonta-1024x576.jpg 1024w, https:\/\/kalajaretkeily.fi\/fi\/wp-content\/uploads\/2023\/08\/Ruskamelonta-300x169.jpg 300w, https:\/\/kalajaretkeily.fi\/fi\/wp-content\/uploads\/2023\/08\/Ruskamelonta-768x432.jpg 768w, https:\/\/kalajaretkeily.fi\/fi\/wp-content\/uploads\/2023\/08\/Ruskamelonta-1536x864.jpg 1536w, https:\/\/kalajaretkeily.fi\/fi\/wp-content\/uploads\/2023\/08\/Ruskamelonta-2048x1152.jpg 2048w, https:\/\/kalajaretkeily.fi\/fi\/wp-content\/uploads\/2023\/08\/Ruskamelonta-24x14.jpg 24w, https:\/\/kalajaretkeily.fi\/fi\/wp-content\/uploads\/2023\/08\/Ruskamelonta-36x20.jpg 36w, https:\/\/kalajaretkeily.fi\/fi\/wp-content\/uploads\/2023\/08\/Ruskamelonta-48x27.jpg 48w\" sizes=\"(max-width: 1024px) 100vw, 1024px\" \/><\/figure>\n\n\n\n<h2 class=\"wp-block-heading\" id=\"melontaretken-vaativuustaso\">Melontaretken vaativuustaso<\/h2>\n\n\n\n<p>Helppo, soveltuu my\u00f6s v\u00e4hemm\u00e4n kokeneille melonnan harrastajille. Melontaretken vauhti sovitetaan melojien kunnon, kokemuksen ja s\u00e4\u00e4n mukaan.&nbsp;Osallistujien on osattava uida. Alle 18 vuotiaat voivat osallistua melontaan vain huoltajan seurassa tai kirjallisella luvalla.<\/p>\n\n\n\n<figure class=\"wp-block-image size-large is-style-default\"><img decoding=\"async\" width=\"1024\" height=\"576\" src=\"https:\/\/kalajaretkeily.fi\/fi\/wp-content\/uploads\/2023\/03\/Kapyna-Ukko-1-1024x576.webp\" alt=\"\" class=\"wp-image-4062\" srcset=\"https:\/\/kalajaretkeily.fi\/fi\/wp-content\/uploads\/2023\/03\/Kapyna-Ukko-1-1024x576.webp 1024w, https:\/\/kalajaretkeily.fi\/fi\/wp-content\/uploads\/2023\/03\/Kapyna-Ukko-1-300x169.webp 300w, https:\/\/kalajaretkeily.fi\/fi\/wp-content\/uploads\/2023\/03\/Kapyna-Ukko-1-768x432.webp 768w, https:\/\/kalajaretkeily.fi\/fi\/wp-content\/uploads\/2023\/03\/Kapyna-Ukko-1-1536x864.webp 1536w, https:\/\/kalajaretkeily.fi\/fi\/wp-content\/uploads\/2023\/03\/Kapyna-Ukko-1-2048x1152.webp 2048w, https:\/\/kalajaretkeily.fi\/fi\/wp-content\/uploads\/2023\/03\/Kapyna-Ukko-1-24x13.webp 24w, https:\/\/kalajaretkeily.fi\/fi\/wp-content\/uploads\/2023\/03\/Kapyna-Ukko-1-36x20.webp 36w, https:\/\/kalajaretkeily.fi\/fi\/wp-content\/uploads\/2023\/03\/Kapyna-Ukko-1-48x27.webp 48w\" sizes=\"(max-width: 1024px) 100vw, 1024px\" \/><\/figure>\n\n\n\n<h2 class=\"wp-block-heading\" id=\"lahto-paluu\">Tapaaminen<\/h2>\n\n\n\n<p>Tapaaminen klo 11:00 KalajaRetkeilyn melontavajan luona. Hanhitaipaleen satamassa, satamatie 143, 77700 Rautalampi.<\/p>\n\n\n\n<h2 class=\"wp-block-heading\">Ohjaajat <\/h2>\n\n\n\n<p>Ohjaajana melonnan osalta toimii KalajaRetkeilyn melontayritt\u00e4j\u00e4, er\u00e4-, ja luonto-opas Vesa Viittala. puh. 0405268562 tai info@kalajaretkeily.fi<\/p>\n\n\n\n<figure class=\"wp-block-image size-large\"><img loading=\"lazy\" decoding=\"async\" width=\"1024\" height=\"576\" src=\"https:\/\/kalajaretkeily.fi\/fi\/wp-content\/uploads\/2023\/08\/Vesa-Viittala-1024x576.jpg\" alt=\"\" class=\"wp-image-4560\" srcset=\"https:\/\/kalajaretkeily.fi\/fi\/wp-content\/uploads\/2023\/08\/Vesa-Viittala-1024x576.jpg 1024w, https:\/\/kalajaretkeily.fi\/fi\/wp-content\/uploads\/2023\/08\/Vesa-Viittala-300x169.jpg 300w, https:\/\/kalajaretkeily.fi\/fi\/wp-content\/uploads\/2023\/08\/Vesa-Viittala-768x432.jpg 768w, https:\/\/kalajaretkeily.fi\/fi\/wp-content\/uploads\/2023\/08\/Vesa-Viittala-1536x864.jpg 1536w, https:\/\/kalajaretkeily.fi\/fi\/wp-content\/uploads\/2023\/08\/Vesa-Viittala-2048x1152.jpg 2048w, https:\/\/kalajaretkeily.fi\/fi\/wp-content\/uploads\/2023\/08\/Vesa-Viittala-24x13.jpg 24w, https:\/\/kalajaretkeily.fi\/fi\/wp-content\/uploads\/2023\/08\/Vesa-Viittala-36x20.jpg 36w, https:\/\/kalajaretkeily.fi\/fi\/wp-content\/uploads\/2023\/08\/Vesa-Viittala-48x27.jpg 48w\" sizes=\"(max-width: 1024px) 100vw, 1024px\" \/><\/figure>\n\n\n\n<p>Kysy rohkeasti lis\u00e4\u00e4, tervetuloa melomaan!<\/p>\n\n\n\n<h2 class=\"wp-block-heading\" id=\"kesto\">Kesto<\/h2>\n\n\n\n<p>Melontaretken kokonaiskesto on noin 5h +-30min ja melontamatkaa tulee noin 12-14 km. <\/p>\n\n\n\n<figure class=\"wp-block-image size-large\"><img loading=\"lazy\" decoding=\"async\" width=\"1024\" height=\"576\" src=\"https:\/\/kalajaretkeily.fi\/fi\/wp-content\/uploads\/2023\/06\/kalasaaskien-vesilla-1024x576.jpg\" alt=\"\" class=\"wp-image-4406\" srcset=\"https:\/\/kalajaretkeily.fi\/fi\/wp-content\/uploads\/2023\/06\/kalasaaskien-vesilla-1024x576.jpg 1024w, https:\/\/kalajaretkeily.fi\/fi\/wp-content\/uploads\/2023\/06\/kalasaaskien-vesilla-300x169.jpg 300w, https:\/\/kalajaretkeily.fi\/fi\/wp-content\/uploads\/2023\/06\/kalasaaskien-vesilla-768x432.jpg 768w, https:\/\/kalajaretkeily.fi\/fi\/wp-content\/uploads\/2023\/06\/kalasaaskien-vesilla-1536x864.jpg 1536w, https:\/\/kalajaretkeily.fi\/fi\/wp-content\/uploads\/2023\/06\/kalasaaskien-vesilla-2048x1152.jpg 2048w, https:\/\/kalajaretkeily.fi\/fi\/wp-content\/uploads\/2023\/06\/kalasaaskien-vesilla-24x14.jpg 24w, https:\/\/kalajaretkeily.fi\/fi\/wp-content\/uploads\/2023\/06\/kalasaaskien-vesilla-36x20.jpg 36w, https:\/\/kalajaretkeily.fi\/fi\/wp-content\/uploads\/2023\/06\/kalasaaskien-vesilla-48x27.jpg 48w\" sizes=\"(max-width: 1024px) 100vw, 1024px\" \/><\/figure>\n\n\n\n<h2 class=\"wp-block-heading\" id=\"turvallisuus\">Turvallisuus<\/h2>\n\n\n\n<p id=\"turvallisuus\">Mik\u00e4li s\u00e4\u00e4olosuhteet (tuulen voimakkuus yli 8 m\/s) eiv\u00e4t salli melontaretken turvallista toteuttamista, niin varaamme oikeuden muuttaa ja tarvittaessa lyhent\u00e4\u00e4 retkiohjelmaa tai vaihtaa p\u00e4iv\u00e4m\u00e4\u00e4r\u00e4\u00e4 retkelle. Melonta- ja Soutuliiton kouluttamalla Melontaohjaajalla on voimassa oleva EA1 &amp; EA2-kortti, matkailualan turvallisuuspassi (MaTuPa) sek\u00e4 hygieniapassi.&nbsp;<\/p>\n\n\n\n<p><a href=\"https:\/\/www.olenmeloja.fi\/melonta\/turvallisuus\/\" target=\"_blank\" rel=\"noreferrer noopener\"><strong>www.olenmeloja.fi\/melonta\/turvallisuus\/<\/strong><\/a><\/p>\n\n\n\n<h2 class=\"wp-block-heading\">Hinta<\/h2>\n\n\n\n<p><strong>79\u20ac\/osallistuja<\/strong>. Hinta sis\u00e4lt\u00e4\u00e4 verot, ohjauksen ja melonnassa tarvittavat varusteet (kajakit, melat, melontaliivit, turvallisuusv\u00e4lineet) sek\u00e4 l\u00e4mpim\u00e4n juoman (pannukahvin\/teen\/mehu).<\/p>\n\n\n\n<p>Retken varausmaksu on 20\u20ac, koodilla **varaus**. Loppulasku (59\u20ac) laskutetaan vasta toteutuneen retken j\u00e4lkeen. T\u00e4ll\u00e4 retkell\u00e4 on <strong><a href=\"https:\/\/kalajaretkeily.fi\/fi\/saaturva\/\" target=\"_blank\" rel=\"noopener\" title=\"s\u00e4\u00e4turva\">s\u00e4\u00e4turva<\/a><\/strong>. Varausmaksuun 20\u20ac noudatamme normaaleja peruutusehtoja. <strong><a href=\"https:\/\/kalajaretkeily.fi\/fi\/nama-ehdot-ovat-voimassa-1-1-2022-alkaen\/\" target=\"_blank\" rel=\"noopener\" title=\"EHDOT\">EHDOT<\/a><\/strong><\/p>\n\n\n\n<p>Minimiveloitus 316\u20ac, sis. 1-4 melojaa. Mik\u00e4li haluat kajakkikaksikon tai osallistua perheen kanssa, otathan yhteytt\u00e4 puhelimitse 0405268562\/Vesa tai s\u00e4hk\u00f6postilla info@kalajaretkeily.fi <\/p>\n\n\n\n<p><strong>Paikkoja on saatavilla rajoitetusti!<\/strong><\/p>\n\n\n<p><iframe style=\"width:300px;height:360px\" src=\"https:\/\/holvi.com\/shop\/outdooradventuresfinland\/product\/02aa172c897372cbdb3830502d6239f1\/embedded\/\" frameborder=\"0\"><\/iframe><\/p>\n\n\n\n<div class=\"wp-block-group is-layout-flow wp-block-group-is-layout-flow\">\n<h3 class=\"wp-block-heading\">Muut varaukset<\/h3>\n<\/div>\n\n\n\n<p>Yksityiset varaukset omalle ryhm\u00e4lle puhelimitse 0405268562\/Vesa tai s\u00e4hk\u00f6postilla info@kalajaretkeily.fi<\/p>\n\n\n\n<figure class=\"wp-block-image size-large\"><img loading=\"lazy\" decoding=\"async\" width=\"1024\" height=\"576\" src=\"https:\/\/kalajaretkeily.fi\/fi\/wp-content\/uploads\/2023\/06\/Melontavaellus-Etela-Konnevesi-1024x576.webp\" alt=\"\" class=\"wp-image-4399\" srcset=\"https:\/\/kalajaretkeily.fi\/fi\/wp-content\/uploads\/2023\/06\/Melontavaellus-Etela-Konnevesi-1024x576.webp 1024w, https:\/\/kalajaretkeily.fi\/fi\/wp-content\/uploads\/2023\/06\/Melontavaellus-Etela-Konnevesi-300x169.webp 300w, https:\/\/kalajaretkeily.fi\/fi\/wp-content\/uploads\/2023\/06\/Melontavaellus-Etela-Konnevesi-768x432.webp 768w, https:\/\/kalajaretkeily.fi\/fi\/wp-content\/uploads\/2023\/06\/Melontavaellus-Etela-Konnevesi-1536x864.webp 1536w, https:\/\/kalajaretkeily.fi\/fi\/wp-content\/uploads\/2023\/06\/Melontavaellus-Etela-Konnevesi-2048x1152.webp 2048w, https:\/\/kalajaretkeily.fi\/fi\/wp-content\/uploads\/2023\/06\/Melontavaellus-Etela-Konnevesi-24x13.webp 24w, https:\/\/kalajaretkeily.fi\/fi\/wp-content\/uploads\/2023\/06\/Melontavaellus-Etela-Konnevesi-36x20.webp 36w, https:\/\/kalajaretkeily.fi\/fi\/wp-content\/uploads\/2023\/06\/Melontavaellus-Etela-Konnevesi-48x27.webp 48w\" sizes=\"(max-width: 1024px) 100vw, 1024px\" \/><\/figure>\n\n\n\n<h3 class=\"wp-block-heading\" id=\"lisatietoja\">Lis\u00e4tietoja<\/h3>\n\n\n\n<p>Etel\u00e4-Konneveden kansallispuistoon voit tutustua etuk\u00e4teen <a href=\"https:\/\/www.luontoon.fi\/etela-konnevesi\" target=\"_blank\" rel=\"noreferrer noopener\" title=\"luontoon.fi\">luontoon.fi<\/a> sivuilta. <\/p>\n\n\n\n<p><a href=\"https:\/\/kalajaretkeily.fi\/fi\/wp-content\/uploads\/2019\/11\/Ennakko-ohjeita-melontaretkille-osallistujille.pdf\" target=\"_blank\" rel=\"noreferrer noopener\" title=\"https:\/\/kalajaretkeily.fi\/fi\/wp-content\/uploads\/2019\/11\/Ennakko-ohjeita-melontaretkille-osallistujille.pdf\">Ennakko-ohjeita melontaretkelle osallistujille<\/a><\/p>\n\n\n\n<p><script type=\"text\/javascript\" src=\"https:\/\/johku.com\/embed\/basket\/?shopId=kalajaretkeily\"><\/script><\/p>\n\n\n<p><iframe src=\"https:\/\/www.google.com\/maps\/embed?pb=!1m18!1m12!1m3!1d1838.6429497200675!2d26.7226461162566!3d62.559078855009325!2m3!1f0!2f0!3f0!3m2!1i1024!2i768!4f13.1!3m3!1m2!1s0x4684e038bd679a3f%3A0x7b0669f730c05a19!2sKalajaRetkeily%20%2F%20kalustovuokraamo%20Etel%C3%A4-Konnevesi!5e0!3m2!1sfi!2sse!4v1615555455926!5m2!1sfi!2sse\" width=\"700\" height=\"600\" style=\"border:0;\" allowfullscreen=\"\" loading=\"lazy\"><\/iframe><\/p>\n","protected":false},"excerpt":{"rendered":"<p>T\u00e4ll\u00e4 ruskaretkell\u00e4 melotaan Etel\u00e4-Konneveden kaakkoisosissa. Alue on suojaista sokkeloista saaristoa, josta l\u00f6ytyv\u00e4t kansallispuiston jylhimm\u00e4t kalliorannat ja kapeimmat salmet.&nbsp;N\u00e4kemist\u00e4 ja kokemista riitt\u00e4\u00e4 varmasti kaikille aloittelijoista kokeneisiin melojiin saakka. Etel\u00e4-Konnevedell\u00e4 on my\u00f6s Keski-Suomen vahvin kalas\u00e4\u00e4skikanta sek\u00e4 runsaasti niiden pesi\u00e4.&nbsp;Syysmuutto tapahtuu elo-syyskuussa, jolloin kalas\u00e4\u00e4sket siirtyv\u00e4t talvehtimisalueilleen V\u00e4limerelle ja p\u00e4iv\u00e4ntasaajan trooppiseen Afrikkaan. Melontaretken ohessa pidet\u00e4\u00e4n reilu ev\u00e4stauko laavulla, ev\u00e4stauolla [&hellip;]<\/p>\n","protected":false},"author":1,"featured_media":0,"parent":0,"menu_order":0,"comment_status":"closed","ping_status":"closed","template":"","meta":{"footnotes":""},"class_list":["post-4558","page","type-page","status-publish","hentry"],"yoast_head":"<!-- This site is optimized with the Yoast SEO plugin v27.2 - https:\/\/yoast.com\/product\/yoast-seo-wordpress\/ -->\n<title>Ruskamelonta Kalas\u00e4\u00e4skien vesill\u00e4 Etel\u00e4-Konneveden kansallispuisto - KalajaRetkeily<\/title>\n<meta name=\"robots\" content=\"index, follow, max-snippet:-1, max-image-preview:large, max-video-preview:-1\" \/>\n<link rel=\"canonical\" href=\"https:\/\/kalajaretkeily.fi\/fi\/ruskamelonta-kalasaaskien-vesilla-etela-konneveden-kansallispuisto\/\" \/>\n<meta property=\"og:locale\" content=\"fi_FI\" \/>\n<meta property=\"og:type\" content=\"article\" \/>\n<meta property=\"og:title\" content=\"Ruskamelonta Kalas\u00e4\u00e4skien vesill\u00e4 Etel\u00e4-Konneveden kansallispuisto - KalajaRetkeily\" \/>\n<meta property=\"og:description\" content=\"T\u00e4ll\u00e4 ruskaretkell\u00e4 melotaan Etel\u00e4-Konneveden kaakkoisosissa. Alue on suojaista sokkeloista saaristoa, josta l\u00f6ytyv\u00e4t kansallispuiston jylhimm\u00e4t kalliorannat ja kapeimmat salmet.&nbsp;N\u00e4kemist\u00e4 ja kokemista riitt\u00e4\u00e4 varmasti kaikille aloittelijoista kokeneisiin melojiin saakka. Etel\u00e4-Konnevedell\u00e4 on my\u00f6s Keski-Suomen vahvin kalas\u00e4\u00e4skikanta sek\u00e4 runsaasti niiden pesi\u00e4.&nbsp;Syysmuutto tapahtuu elo-syyskuussa, jolloin kalas\u00e4\u00e4sket siirtyv\u00e4t talvehtimisalueilleen V\u00e4limerelle ja p\u00e4iv\u00e4ntasaajan trooppiseen Afrikkaan. Melontaretken ohessa pidet\u00e4\u00e4n reilu ev\u00e4stauko laavulla, ev\u00e4stauolla [&hellip;]\" \/>\n<meta property=\"og:url\" content=\"https:\/\/kalajaretkeily.fi\/fi\/ruskamelonta-kalasaaskien-vesilla-etela-konneveden-kansallispuisto\/\" \/>\n<meta property=\"og:site_name\" content=\"KalajaRetkeily\" \/>\n<meta property=\"article:modified_time\" content=\"2023-08-22T17:34:31+00:00\" \/>\n<meta property=\"og:image\" content=\"https:\/\/kalajaretkeily.fi\/fi\/wp-content\/uploads\/2021\/03\/Syksyinen-melontaretki-Etela-Konnevesi-1024x683.png\" \/>\n<meta name=\"twitter:card\" content=\"summary_large_image\" \/>\n<meta name=\"twitter:label1\" content=\"Arvioitu lukuaika\" \/>\n\t<meta name=\"twitter:data1\" content=\"2 minuuttia\" \/>\n<script type=\"application\/ld+json\" class=\"yoast-schema-graph\">{\"@context\":\"https:\/\/schema.org\",\"@graph\":[{\"@type\":\"WebPage\",\"@id\":\"https:\/\/kalajaretkeily.fi\/fi\/ruskamelonta-kalasaaskien-vesilla-etela-konneveden-kansallispuisto\/\",\"url\":\"https:\/\/kalajaretkeily.fi\/fi\/ruskamelonta-kalasaaskien-vesilla-etela-konneveden-kansallispuisto\/\",\"name\":\"Ruskamelonta Kalas\u00e4\u00e4skien vesill\u00e4 Etel\u00e4-Konneveden kansallispuisto - KalajaRetkeily\",\"isPartOf\":{\"@id\":\"https:\/\/kalajaretkeily.fi\/fi\/#website\"},\"primaryImageOfPage\":{\"@id\":\"https:\/\/kalajaretkeily.fi\/fi\/ruskamelonta-kalasaaskien-vesilla-etela-konneveden-kansallispuisto\/#primaryimage\"},\"image\":{\"@id\":\"https:\/\/kalajaretkeily.fi\/fi\/ruskamelonta-kalasaaskien-vesilla-etela-konneveden-kansallispuisto\/#primaryimage\"},\"thumbnailUrl\":\"https:\/\/kalajaretkeily.fi\/fi\/wp-content\/uploads\/2021\/03\/Syksyinen-melontaretki-Etela-Konnevesi-1024x683.png\",\"datePublished\":\"2023-08-14T16:32:16+00:00\",\"dateModified\":\"2023-08-22T17:34:31+00:00\",\"breadcrumb\":{\"@id\":\"https:\/\/kalajaretkeily.fi\/fi\/ruskamelonta-kalasaaskien-vesilla-etela-konneveden-kansallispuisto\/#breadcrumb\"},\"inLanguage\":\"fi\",\"potentialAction\":[{\"@type\":\"ReadAction\",\"target\":[\"https:\/\/kalajaretkeily.fi\/fi\/ruskamelonta-kalasaaskien-vesilla-etela-konneveden-kansallispuisto\/\"]}]},{\"@type\":\"ImageObject\",\"inLanguage\":\"fi\",\"@id\":\"https:\/\/kalajaretkeily.fi\/fi\/ruskamelonta-kalasaaskien-vesilla-etela-konneveden-kansallispuisto\/#primaryimage\",\"url\":\"https:\/\/kalajaretkeily.fi\/fi\/wp-content\/uploads\/2021\/03\/Syksyinen-melontaretki-Etela-Konnevesi.png\",\"contentUrl\":\"https:\/\/kalajaretkeily.fi\/fi\/wp-content\/uploads\/2021\/03\/Syksyinen-melontaretki-Etela-Konnevesi.png\",\"width\":1080,\"height\":720,\"caption\":\"Ruskan v\u00e4rj\u00e4\u00e4 haavat keltaiseksi\"},{\"@type\":\"BreadcrumbList\",\"@id\":\"https:\/\/kalajaretkeily.fi\/fi\/ruskamelonta-kalasaaskien-vesilla-etela-konneveden-kansallispuisto\/#breadcrumb\",\"itemListElement\":[{\"@type\":\"ListItem\",\"position\":1,\"name\":\"Etusivu\",\"item\":\"https:\/\/kalajaretkeily.fi\/fi\/\"},{\"@type\":\"ListItem\",\"position\":2,\"name\":\"Ruskamelonta Kalas\u00e4\u00e4skien vesill\u00e4 Etel\u00e4-Konneveden kansallispuisto\"}]},{\"@type\":\"WebSite\",\"@id\":\"https:\/\/kalajaretkeily.fi\/fi\/#website\",\"url\":\"https:\/\/kalajaretkeily.fi\/fi\/\",\"name\":\"KalajaRetkeily\",\"description\":\"Kajakin vuokraus\",\"publisher\":{\"@id\":\"https:\/\/kalajaretkeily.fi\/fi\/#organization\"},\"potentialAction\":[{\"@type\":\"SearchAction\",\"target\":{\"@type\":\"EntryPoint\",\"urlTemplate\":\"https:\/\/kalajaretkeily.fi\/fi\/?s={search_term_string}\"},\"query-input\":{\"@type\":\"PropertyValueSpecification\",\"valueRequired\":true,\"valueName\":\"search_term_string\"}}],\"inLanguage\":\"fi\"},{\"@type\":\"Organization\",\"@id\":\"https:\/\/kalajaretkeily.fi\/fi\/#organization\",\"name\":\"KalajaRetkeily\",\"url\":\"https:\/\/kalajaretkeily.fi\/fi\/\",\"logo\":{\"@type\":\"ImageObject\",\"inLanguage\":\"fi\",\"@id\":\"https:\/\/kalajaretkeily.fi\/fi\/#\/schema\/logo\/image\/\",\"url\":\"https:\/\/kalajaretkeily.fi\/fi\/wp-content\/uploads\/2019\/05\/cropped-kalajalogo-1.png\",\"contentUrl\":\"https:\/\/kalajaretkeily.fi\/fi\/wp-content\/uploads\/2019\/05\/cropped-kalajalogo-1.png\",\"width\":241,\"height\":50,\"caption\":\"KalajaRetkeily\"},\"image\":{\"@id\":\"https:\/\/kalajaretkeily.fi\/fi\/#\/schema\/logo\/image\/\"}}]}<\/script>\n<!-- \/ Yoast SEO plugin. -->","yoast_head_json":{"title":"Ruskamelonta Kalas\u00e4\u00e4skien vesill\u00e4 Etel\u00e4-Konneveden kansallispuisto - KalajaRetkeily","robots":{"index":"index","follow":"follow","max-snippet":"max-snippet:-1","max-image-preview":"max-image-preview:large","max-video-preview":"max-video-preview:-1"},"canonical":"https:\/\/kalajaretkeily.fi\/fi\/ruskamelonta-kalasaaskien-vesilla-etela-konneveden-kansallispuisto\/","og_locale":"fi_FI","og_type":"article","og_title":"Ruskamelonta Kalas\u00e4\u00e4skien vesill\u00e4 Etel\u00e4-Konneveden kansallispuisto - KalajaRetkeily","og_description":"T\u00e4ll\u00e4 ruskaretkell\u00e4 melotaan Etel\u00e4-Konneveden kaakkoisosissa. Alue on suojaista sokkeloista saaristoa, josta l\u00f6ytyv\u00e4t kansallispuiston jylhimm\u00e4t kalliorannat ja kapeimmat salmet.&nbsp;N\u00e4kemist\u00e4 ja kokemista riitt\u00e4\u00e4 varmasti kaikille aloittelijoista kokeneisiin melojiin saakka. Etel\u00e4-Konnevedell\u00e4 on my\u00f6s Keski-Suomen vahvin kalas\u00e4\u00e4skikanta sek\u00e4 runsaasti niiden pesi\u00e4.&nbsp;Syysmuutto tapahtuu elo-syyskuussa, jolloin kalas\u00e4\u00e4sket siirtyv\u00e4t talvehtimisalueilleen V\u00e4limerelle ja p\u00e4iv\u00e4ntasaajan trooppiseen Afrikkaan. Melontaretken ohessa pidet\u00e4\u00e4n reilu ev\u00e4stauko laavulla, ev\u00e4stauolla [&hellip;]","og_url":"https:\/\/kalajaretkeily.fi\/fi\/ruskamelonta-kalasaaskien-vesilla-etela-konneveden-kansallispuisto\/","og_site_name":"KalajaRetkeily","article_modified_time":"2023-08-22T17:34:31+00:00","og_image":[{"url":"https:\/\/kalajaretkeily.fi\/fi\/wp-content\/uploads\/2021\/03\/Syksyinen-melontaretki-Etela-Konnevesi-1024x683.png","type":"","width":"","height":""}],"twitter_card":"summary_large_image","twitter_misc":{"Arvioitu lukuaika":"2 minuuttia"},"schema":{"@context":"https:\/\/schema.org","@graph":[{"@type":"WebPage","@id":"https:\/\/kalajaretkeily.fi\/fi\/ruskamelonta-kalasaaskien-vesilla-etela-konneveden-kansallispuisto\/","url":"https:\/\/kalajaretkeily.fi\/fi\/ruskamelonta-kalasaaskien-vesilla-etela-konneveden-kansallispuisto\/","name":"Ruskamelonta Kalas\u00e4\u00e4skien vesill\u00e4 Etel\u00e4-Konneveden kansallispuisto - KalajaRetkeily","isPartOf":{"@id":"https:\/\/kalajaretkeily.fi\/fi\/#website"},"primaryImageOfPage":{"@id":"https:\/\/kalajaretkeily.fi\/fi\/ruskamelonta-kalasaaskien-vesilla-etela-konneveden-kansallispuisto\/#primaryimage"},"image":{"@id":"https:\/\/kalajaretkeily.fi\/fi\/ruskamelonta-kalasaaskien-vesilla-etela-konneveden-kansallispuisto\/#primaryimage"},"thumbnailUrl":"https:\/\/kalajaretkeily.fi\/fi\/wp-content\/uploads\/2021\/03\/Syksyinen-melontaretki-Etela-Konnevesi-1024x683.png","datePublished":"2023-08-14T16:32:16+00:00","dateModified":"2023-08-22T17:34:31+00:00","breadcrumb":{"@id":"https:\/\/kalajaretkeily.fi\/fi\/ruskamelonta-kalasaaskien-vesilla-etela-konneveden-kansallispuisto\/#breadcrumb"},"inLanguage":"fi","potentialAction":[{"@type":"ReadAction","target":["https:\/\/kalajaretkeily.fi\/fi\/ruskamelonta-kalasaaskien-vesilla-etela-konneveden-kansallispuisto\/"]}]},{"@type":"ImageObject","inLanguage":"fi","@id":"https:\/\/kalajaretkeily.fi\/fi\/ruskamelonta-kalasaaskien-vesilla-etela-konneveden-kansallispuisto\/#primaryimage","url":"https:\/\/kalajaretkeily.fi\/fi\/wp-content\/uploads\/2021\/03\/Syksyinen-melontaretki-Etela-Konnevesi.png","contentUrl":"https:\/\/kalajaretkeily.fi\/fi\/wp-content\/uploads\/2021\/03\/Syksyinen-melontaretki-Etela-Konnevesi.png","width":1080,"height":720,"caption":"Ruskan v\u00e4rj\u00e4\u00e4 haavat keltaiseksi"},{"@type":"BreadcrumbList","@id":"https:\/\/kalajaretkeily.fi\/fi\/ruskamelonta-kalasaaskien-vesilla-etela-konneveden-kansallispuisto\/#breadcrumb","itemListElement":[{"@type":"ListItem","position":1,"name":"Etusivu","item":"https:\/\/kalajaretkeily.fi\/fi\/"},{"@type":"ListItem","position":2,"name":"Ruskamelonta Kalas\u00e4\u00e4skien vesill\u00e4 Etel\u00e4-Konneveden kansallispuisto"}]},{"@type":"WebSite","@id":"https:\/\/kalajaretkeily.fi\/fi\/#website","url":"https:\/\/kalajaretkeily.fi\/fi\/","name":"KalajaRetkeily","description":"Kajakin vuokraus","publisher":{"@id":"https:\/\/kalajaretkeily.fi\/fi\/#organization"},"potentialAction":[{"@type":"SearchAction","target":{"@type":"EntryPoint","urlTemplate":"https:\/\/kalajaretkeily.fi\/fi\/?s={search_term_string}"},"query-input":{"@type":"PropertyValueSpecification","valueRequired":true,"valueName":"search_term_string"}}],"inLanguage":"fi"},{"@type":"Organization","@id":"https:\/\/kalajaretkeily.fi\/fi\/#organization","name":"KalajaRetkeily","url":"https:\/\/kalajaretkeily.fi\/fi\/","logo":{"@type":"ImageObject","inLanguage":"fi","@id":"https:\/\/kalajaretkeily.fi\/fi\/#\/schema\/logo\/image\/","url":"https:\/\/kalajaretkeily.fi\/fi\/wp-content\/uploads\/2019\/05\/cropped-kalajalogo-1.png","contentUrl":"https:\/\/kalajaretkeily.fi\/fi\/wp-content\/uploads\/2019\/05\/cropped-kalajalogo-1.png","width":241,"height":50,"caption":"KalajaRetkeily"},"image":{"@id":"https:\/\/kalajaretkeily.fi\/fi\/#\/schema\/logo\/image\/"}}]}},"_links":{"self":[{"href":"https:\/\/kalajaretkeily.fi\/fi\/wp-json\/wp\/v2\/pages\/4558","targetHints":{"allow":["GET"]}}],"collection":[{"href":"https:\/\/kalajaretkeily.fi\/fi\/wp-json\/wp\/v2\/pages"}],"about":[{"href":"https:\/\/kalajaretkeily.fi\/fi\/wp-json\/wp\/v2\/types\/page"}],"author":[{"embeddable":true,"href":"https:\/\/kalajaretkeily.fi\/fi\/wp-json\/wp\/v2\/users\/1"}],"replies":[{"embeddable":true,"href":"https:\/\/kalajaretkeily.fi\/fi\/wp-json\/wp\/v2\/comments?post=4558"}],"version-history":[{"count":0,"href":"https:\/\/kalajaretkeily.fi\/fi\/wp-json\/wp\/v2\/pages\/4558\/revisions"}],"wp:attachment":[{"href":"https:\/\/kalajaretkeily.fi\/fi\/wp-json\/wp\/v2\/media?parent=4558"}],"curies":[{"name":"wp","href":"https:\/\/api.w.org\/{rel}","templated":true}]}}