{"id":2502,"date":"2022-08-08T08:34:28","date_gmt":"2022-08-08T08:34:28","guid":{"rendered":"https:\/\/kalajaretkeily.fi\/fi\/?page_id=2502"},"modified":"2025-06-23T22:36:22","modified_gmt":"2025-06-23T19:36:22","slug":"melontaretki-saaren-yoksi-etela-konnevedella-24-25-9","status":"publish","type":"page","link":"https:\/\/kalajaretkeily.fi\/fi\/melontaretki-saaren-yoksi-etela-konnevedella-24-25-9\/","title":{"rendered":"Melontaretki saaren y\u00f6ksi, Etel\u00e4-Konnevedell\u00e4"},"content":{"rendered":"\n<figure class=\"wp-block-image size-full is-style-default\"><img decoding=\"async\" src=\"https:\/\/kalajaretkeily.fi\/fi\/wp-content\/uploads\/2022\/08\/20220701_204621-scaled-e1659946598448.jpg\" alt=\"\" class=\"wp-image-2503\"\/><\/figure>\n\n\n\n<p><strong>T\u00e4m\u00e4 kaksip\u00e4iv\u00e4inen el\u00e4mys sopii aloittelijoille, niin melontaa kuin retkeily\u00e4 ajatellen. Melonta toteutetaan vakailla ja laadukkailla retkikajakki yksik\u00f6ill\u00e4, joihin saat ennen retke\u00e4 tarvittavan opastuksen. Illan kruunaa tunnelmallinen, syksyinen ilta sek\u00e4 y\u00f6pyminen teltassa\/ riippumatossa. Retki on tarkoitettu sinulle, joka haluat palautua ja virkisty\u00e4 luonnon \u00e4\u00e4rell\u00e4 kiireett\u00f6m\u00e4sti.<\/strong><\/p>\n\n\n\n<h2 class=\"has-text-align-left wp-block-heading\">Taito-, ja kokemusvaatimukset<\/h2>\n\n\n\n<p class=\"has-text-align-left\"><mark style=\"background-color:rgba(0, 0, 0, 0)\" class=\"has-inline-color has-black-color\">Melontaretki on helppo ja soveltuu my\u00f6s v\u00e4hemm\u00e4n kokeneille melonnan harrastajille. Melontavauhti sovitetaan melojien kunnon, kokemuksen ja s\u00e4\u00e4n mukaan. Osallistujien on oltava yli 18-vuotiaita, alle 18-vuotiaat voivat osallistua vain t\u00e4ysi-ik\u00e4isen holhoojan seurassa. Osallistujilla tulee olla riitt\u00e4v\u00e4 uimataito ja peruskunto kahden p\u00e4iv\u00e4n melontaa ajatellen. Melomme kahden p\u00e4iv\u00e4n aikana n. 20 km.<strong> <\/strong><\/mark><\/p>\n\n\n\n<p class=\"has-text-align-left\"><mark style=\"background-color:rgba(0, 0, 0, 0)\" class=\"has-inline-color has-black-color\"><strong>Mik\u00e4li melonnan suhteen her\u00e4\u00e4 kysytt\u00e4v\u00e4\u00e4, ota yhteytt\u00e4 Anni\/0503686186 \/ info@kalajaretkeily.fi tai yksityisviestill\u00e4. <\/strong><\/mark><\/p>\n\n\n\n<figure class=\"wp-block-image size-large is-style-default\"><img decoding=\"async\" src=\"https:\/\/kalajaretkeily.fi\/fi\/wp-content\/uploads\/2022\/04\/IMG_20210528_015700-1024x768.jpg\" alt=\"\" class=\"wp-image-1883\"\/><\/figure>\n\n\n\n<p><strong>On tutkitusti todistettu, ett\u00e4 lyhytkin oleskelu luonnossa laskee stressitasojamme, laskee verenpainetta, parantaa mielialaamme ja auttaa irtautumaan ty\u00f6n sek\u00e4 arjen vaateista. Fyysisten terveyshy\u00f6tyjen lis\u00e4ksi luonnossa liikkumisen on tutkittu parantavan jopa itsetuntoa. Luonto koetaan moniaistillisesti, mik\u00e4 lis\u00e4\u00e4 luonnon kokonaisvaltaista eheytt\u00e4v\u00e4\u00e4 vaikutusta ihmiseen. T\u00e4ll\u00e4 retkell\u00e4 annamme tilaa ja aikaa nimenomaan luonnon kokemiseen monien aistien kautta. P\u00e4\u00e4semme ihailemaan monimuotoista Etel\u00e4-Konneveden luontoa visuaalisesti.<\/strong><\/p>\n\n\n\n<figure class=\"wp-block-image size-full is-style-default\"><img fetchpriority=\"high\" decoding=\"async\" width=\"1050\" height=\"700\" src=\"https:\/\/kalajaretkeily.fi\/fi\/wp-content\/uploads\/2022\/05\/Etela-Konnevesi-melontaretki-3376-Tea-Karvinen.jpg\" alt=\"\" class=\"wp-image-2119\" srcset=\"https:\/\/kalajaretkeily.fi\/fi\/wp-content\/uploads\/2022\/05\/Etela-Konnevesi-melontaretki-3376-Tea-Karvinen.jpg 1050w, https:\/\/kalajaretkeily.fi\/fi\/wp-content\/uploads\/2022\/05\/Etela-Konnevesi-melontaretki-3376-Tea-Karvinen-300x200.jpg 300w, https:\/\/kalajaretkeily.fi\/fi\/wp-content\/uploads\/2022\/05\/Etela-Konnevesi-melontaretki-3376-Tea-Karvinen-1024x683.jpg 1024w, https:\/\/kalajaretkeily.fi\/fi\/wp-content\/uploads\/2022\/05\/Etela-Konnevesi-melontaretki-3376-Tea-Karvinen-768x512.jpg 768w, https:\/\/kalajaretkeily.fi\/fi\/wp-content\/uploads\/2022\/05\/Etela-Konnevesi-melontaretki-3376-Tea-Karvinen-24x16.jpg 24w, https:\/\/kalajaretkeily.fi\/fi\/wp-content\/uploads\/2022\/05\/Etela-Konnevesi-melontaretki-3376-Tea-Karvinen-36x24.jpg 36w, https:\/\/kalajaretkeily.fi\/fi\/wp-content\/uploads\/2022\/05\/Etela-Konnevesi-melontaretki-3376-Tea-Karvinen-48x32.jpg 48w\" sizes=\"(max-width: 1050px) 100vw, 1050px\" \/><figcaption><mark style=\"background-color:rgba(0, 0, 0, 0)\" class=\"has-inline-color has-black-color\">Etel\u00e4-Konneveden  kansallispuisto. \u00a9Tea Karvinen<\/mark><\/figcaption><\/figure>\n\n\n\n<div class=\"wp-block-media-text has-media-on-the-right is-stacked-on-mobile is-vertically-aligned-center\" style=\"grid-template-columns:auto 25%\"><figure class=\"wp-block-media-text__media\"><img decoding=\"async\" width=\"356\" height=\"285\" src=\"https:\/\/kalajaretkeily.fi\/fi\/wp-content\/uploads\/2019\/04\/Etela-Konnevesi_RGB.png\" alt=\"\" class=\"wp-image-23 size-full\" srcset=\"https:\/\/kalajaretkeily.fi\/fi\/wp-content\/uploads\/2019\/04\/Etela-Konnevesi_RGB.png 356w, https:\/\/kalajaretkeily.fi\/fi\/wp-content\/uploads\/2019\/04\/Etela-Konnevesi_RGB-300x240.png 300w\" sizes=\"(max-width: 356px) 100vw, 356px\" \/><\/figure><div class=\"wp-block-media-text__content\">\n<p class=\"has-text-align-center has-large-font-size\"><mark style=\"background-color:rgba(0, 0, 0, 0)\" class=\"has-inline-color has-black-color\">Tule aistimaan kirkasvetinen Konnevesi, sen korkeat kalliot, meloen ja patikoiden.<\/mark><\/p>\n<\/div><\/div>\n\n\n\n<figure class=\"wp-block-image size-full is-style-default\"><img decoding=\"async\" src=\"https:\/\/kalajaretkeily.fi\/fi\/wp-content\/uploads\/2022\/08\/20220630_224111-scaled.jpg\" alt=\"\" class=\"wp-image-2504\"\/><figcaption><mark style=\"background-color:rgba(0, 0, 0, 0)\" class=\"has-inline-color has-black-color\">Kuva: <\/mark>Vesa Viittala<\/figcaption><\/figure>\n\n\n\n<h2 class=\"wp-block-heading\">Ohjelma<\/h2>\n\n\n\n<h3 class=\"wp-block-heading\"><strong>P\u00e4iv\u00e4 1:&nbsp;<\/strong><\/h3>\n\n\n\n<p class=\"has-text-align-left\"><mark style=\"background-color:rgba(0, 0, 0, 0)\" class=\"has-inline-color has-black-color\">Tapaaminen klo 11:00 Hanhitaipaleen kalasatamassa KalajaRetkeilyn melontavajan luona. Tutustumme melontakalustoon, harjoittelemme melonnan perusteita, sek\u00e4 pakkaamme varusteet. Melontaretki saarien v\u00e4liss\u00e4 jylhi\u00e4 maisemia ihaillen, lounas maastossa. Melontaretkell\u00e4 y\u00f6vymme Kaiturin saaressa joko omissa teltoissa tai riippumatoissa. Saaressa on my\u00f6s laavu ja nuotiopaikka. Melontamatka ensimm\u00e4isen\u00e4 p\u00e4iv\u00e4n\u00e4 noin 10 km, melontaa taukoineen noin 5 h.<\/mark><\/p>\n\n\n\n<h3 class=\"wp-block-heading\"><strong>P\u00e4iv\u00e4 2:<\/strong><\/h3>\n\n\n\n<p><mark style=\"background-color:rgba(0, 0, 0, 0)\" class=\"has-inline-color has-black-color\">Tunnelmallisen telttay\u00f6n ja retkiaamiaisen j\u00e4lkeen. Leirin siivous, telttojen purku ja melontaretki takaisin Hanhitaipaleelle n. klo 10.00. Luonnon ihmettely\u00e4 ja rauhallista melontaa. Rantautuminen ja retkilounas saaressa matkan varrella. Paluu Hanhitaipaleen satamaan n. klo 15:00. Melontamatka toisena p\u00e4iv\u00e4n\u00e4 noin 10 km, melontaa taukoineen n. 5 h.<\/mark><\/p>\n\n\n\n<p><mark style=\"background-color:rgba(0, 0, 0, 0)\" class=\"has-inline-color has-black-color\">Pid\u00e4t\u00e4mme oikeudet ohjelman muutoksiin.<\/mark><\/p>\n\n\n\n<h2 class=\"wp-block-heading\">Retken ohjaajana<\/h2>\n\n\n\n<figure class=\"wp-block-image aligncenter size-large is-style-default\"><img decoding=\"async\" width=\"1024\" height=\"768\" src=\"https:\/\/kalajaretkeily.fi\/fi\/wp-content\/uploads\/2022\/06\/AnniMelonta2-e1654150304668-1024x768.jpg\" alt=\"\" class=\"wp-image-2147\" srcset=\"https:\/\/kalajaretkeily.fi\/fi\/wp-content\/uploads\/2022\/06\/AnniMelonta2-e1654150304668-1024x768.jpg 1024w, https:\/\/kalajaretkeily.fi\/fi\/wp-content\/uploads\/2022\/06\/AnniMelonta2-e1654150304668-300x225.jpg 300w, https:\/\/kalajaretkeily.fi\/fi\/wp-content\/uploads\/2022\/06\/AnniMelonta2-e1654150304668-768x576.jpg 768w, https:\/\/kalajaretkeily.fi\/fi\/wp-content\/uploads\/2022\/06\/AnniMelonta2-e1654150304668-24x18.jpg 24w, https:\/\/kalajaretkeily.fi\/fi\/wp-content\/uploads\/2022\/06\/AnniMelonta2-e1654150304668-36x27.jpg 36w, https:\/\/kalajaretkeily.fi\/fi\/wp-content\/uploads\/2022\/06\/AnniMelonta2-e1654150304668-48x36.jpg 48w, https:\/\/kalajaretkeily.fi\/fi\/wp-content\/uploads\/2022\/06\/AnniMelonta2-e1654150304668.jpg 1082w\" sizes=\"(max-width: 1024px) 100vw, 1024px\" \/><\/figure>\n\n\n\n<p><mark style=\"background-color:rgba(0, 0, 0, 0)\" class=\"has-inline-color has-black-color\">Retken ohjaajana toimii Melontaohjaaja, er\u00e4- ja luonto-opas Anni Lemmetty.<br><\/mark>           <\/p>\n\n\n\n<h2 class=\"wp-block-heading\">Turvallisuus<\/h2>\n\n\n\n<p><mark style=\"background-color:rgba(0, 0, 0, 0)\" class=\"has-inline-color has-black-color\">Mik\u00e4li s\u00e4\u00e4olosuhteet (tuulen voimakkuus yli 8 m\/s) eiv\u00e4t salli melontaretken turvallista toteuttamista, niin varaamme oikeuden siirt\u00e4\u00e4 tai perua retken. Melontaohjaajalla on voimassa oleva EA1 &amp; EA2-kortti, matkailualan turvallisuuspassi (MaTuPa), sek\u00e4 hygieniapassi.<\/mark><\/p>\n\n\n\n<h2 class=\"wp-block-heading\">Osallistujien varusteet<\/h2>\n\n\n\n<p><mark style=\"background-color:rgba(0, 0, 0, 0)\" class=\"has-inline-color has-black-color\">Osallistujilla on oltava s\u00e4\u00e4h\u00e4n ja melontaan sopiva ulkoiluvaatetus ja jalkineet, vedenpit\u00e4v\u00e4sti pakattu varavaatetus, makuupussi, makuualusta, saunomisv\u00e4lineet, leiriruokailuun tarvittavat varusteet ja ruuat sek\u00e4 halutessa oma teltta. <\/mark><\/p>\n\n\n\n<p><mark style=\"background-color:rgba(0, 0, 0, 0)\" class=\"has-inline-color has-black-color\"><strong>Kaiturin saari<\/strong><br>Saaressa on laavu, nuotiopaikka ja k\u00e4ym\u00e4l\u00e4. Riippumatolle l\u00f6ytyy helposti paikkoja, my\u00f6s parille teltalle. Laavussakin mahtuu nukkumaan muutama.<\/mark><\/p>\n\n\n\n<p><mark style=\"background-color:rgba(0, 0, 0, 0)\" class=\"has-inline-color has-black-color\">RUUANVALMISTUS: Nuotiopaikka. Omien astioiden pesu tapahtuu kauempana rannasta, kaada pesuvesi maahan keskelle nieme\u00e4, jotta Etel\u00e4-Konneveden vesi s\u00e4ilyy tulevaisuudessakin puhtaana.<\/mark><\/p>\n\n\n\n<p><strong><mark style=\"background-color:rgba(0, 0, 0, 0)\" class=\"has-inline-color has-black-color\">L\u00e4het\u00e4mme tarkemman varustelistan osallistujille infokirjeess\u00e4.<\/mark><\/strong><\/p>\n\n\n\n<figure class=\"wp-block-image size-large\"><img loading=\"lazy\" decoding=\"async\" width=\"1024\" height=\"683\" src=\"https:\/\/kalajaretkeily.fi\/fi\/wp-content\/uploads\/2021\/03\/Kesayon-melonta-Etela-Konnevesi-1-1024x683.png\" alt=\"Kajakkeja j\u00e4rvell\u00e4 auringon lasku\" class=\"wp-image-883\" srcset=\"https:\/\/kalajaretkeily.fi\/fi\/wp-content\/uploads\/2021\/03\/Kesayon-melonta-Etela-Konnevesi-1-1024x683.png 1024w, https:\/\/kalajaretkeily.fi\/fi\/wp-content\/uploads\/2021\/03\/Kesayon-melonta-Etela-Konnevesi-1-300x200.png 300w, https:\/\/kalajaretkeily.fi\/fi\/wp-content\/uploads\/2021\/03\/Kesayon-melonta-Etela-Konnevesi-1-768x512.png 768w, https:\/\/kalajaretkeily.fi\/fi\/wp-content\/uploads\/2021\/03\/Kesayon-melonta-Etela-Konnevesi-1.png 1080w\" sizes=\"(max-width: 1024px) 100vw, 1024px\" \/><figcaption><mark style=\"background-color:rgba(0, 0, 0, 0)\" class=\"has-inline-color has-black-color\">Auringon lasku v\u00e4rj\u00e4\u00e4 taivaan ja veden punertavaksi<\/mark><\/figcaption><\/figure>\n\n\n\n<h2 class=\"wp-block-heading\">Sijainti<\/h2>\n\n\n\n<p><mark style=\"background-color:rgba(0, 0, 0, 0)\" class=\"has-inline-color has-black-color\">Tapaaminen 24.9.2022 klo 11:00 Hanhitaipaleen satamaan,\u00a0<strong><a href=\"https:\/\/www.google.fi\/maps\/place\/Hanhitaipaleen+Kalasatama\/@62.5557444,26.6944096,13.47z\/data=!4m8!1m2!2m1!1shanhitaipaleen+satama!3m4!1s0x4684e038bdf2829f:0x94a4ab0805b9f7f1!8m2!3d62.5589102!4d26.7246503\" target=\"_blank\" rel=\"noreferrer noopener\">Satamatie 143 Rautalampi<\/a><\/strong>, 77700. Retki j\u00e4rjestet\u00e4\u00e4n Etel\u00e4-Konneveden kansallispuistossa Pohjois-Savon Rautalammilla. Et\u00e4isyydet noin: Kuopio 80 km, Jyv\u00e4skyl\u00e4 95 km, Varkaus 95 km, Mikkeli 135 km, Tampere 250 km ja Helsinki 355 km.<\/mark><\/p>\n\n\n\n<h2 class=\"wp-block-heading\">Kohdekuvaus<\/h2>\n\n\n\n<p><mark style=\"background-color:rgba(0, 0, 0, 0)\" class=\"has-inline-color has-black-color\">Vastakohtien Etel\u00e4-Konnevedell\u00e4 aava j\u00e4rviluonto kohtaa pohjoissavolaiset vuorimaat ja karujen kallioiden taaksen k\u00e4tkeytyy sis\u00e4maan vehreit\u00e4 lehtoja. Kansallispuiston laaja mannerosa j\u00e4rven it\u00e4rannalla on todellista vuorimaata, jossa vuorottelevat rehev\u00e4t lehtonotkelmat ja jyrkk\u00e4rinteiset, j\u00e4k\u00e4l\u00e4n ja kilpikaarnaisten m\u00e4ntyjen koristamat kallionlaet. Enonniemen kolme huippua, Kalajanvuori, Loukkuvuori ja Kituvuori tarjoavat vaihtelevan maaston my\u00f6s haastetta kaipaaville retkeilij\u00f6ille. Vuorimaaston yksi erikoisuus on alueellisesti uhanalainen pahtarikko, jonka yleens\u00e4 l\u00f6yt\u00e4\u00e4 Lapin tuntureilta.<\/mark><\/p>\n\n\n\n<p><mark style=\"background-color:rgba(0, 0, 0, 0)\" class=\"has-inline-color has-black-color\">Lis\u00e4tietoa Etel\u00e4-Konneveden kansallispuistosta l\u00f6ytyy: <a href=\"http:\/\/www.luontoon.fi\/etela-konnevesi\/\">www.luontoon.fi\/etela-konnevesi\/<\/a><\/mark><\/p>\n\n\n\n<h2 class=\"wp-block-heading\">Hinta<\/h2>\n\n\n\n<p><mark style=\"background-color:rgba(0, 0, 0, 0)\" class=\"has-inline-color has-black-color\"><strong>199\u20ac\/henkil\u00f6. <\/strong>Hinta sis\u00e4lt\u00e4\u00e4 veron, kajakin ja melontavarusteet, ohjauksen, vuokratuvan ja rantasaunan. <\/mark><\/p>\n\n\n\n<p><mark style=\"background-color:rgba(0, 0, 0, 0)\" class=\"has-inline-color has-black-color\"><strong>Huom!<\/strong>\u00a0Voit maksaa koko retken kerralla, tai maksaa varausmaksun 20 \u20ac. Varausmaksu alennuskoodilla \u201dvaraus\u201d. Varausmaksun maksamisen j\u00e4lkeen saat vahvistuksen sek\u00e4 s\u00e4hk\u00f6postiin loppulaskun 179\u20ac, jonka er\u00e4p\u00e4iv\u00e4 on 30 vrk ennen retke\u00e4. Pelkk\u00e4 varausmaksu ei ole<em> <\/em>mahdollista jos kurssin alkuun on alle 30 vrk.\u00a0<strong>Paikkoja on saatavilla rajoitetusti.<\/strong><\/mark><\/p>\n\n\n\n<p><mark style=\"background-color:rgba(0, 0, 0, 0)\" class=\"has-inline-color has-black-color\"> <strong>Huom!<\/strong> Retkiruuat ja muut retkeilyvarusteet, mm. majoite ym. eiv\u00e4t sis\u00e4lly hintaan.<\/mark><\/p>\n\n\n<p><iframe style=\"width:300px;height:360px\" src=\"https:\/\/holvi.com\/shop\/outdooradventuresfinland\/product\/1e5c60c40e039f7c9af3455eba979316\/embedded\/\" frameborder=\"0\"><\/iframe><\/p>\n\n\n\n<p><\/p>\n\n\n\n<h2 class=\"wp-block-heading\">Lis\u00e4tietoja<\/h2>\n\n\n\n<p><mark style=\"background-color:rgba(0, 0, 0, 0)\" class=\"has-inline-color has-black-color\">Mik\u00e4li haluat kajakkikaksikon tai tulee kysytt\u00e4v\u00e4\u00e4 melontaa liittyviss\u00e4 asioissa, otathan yhteytt\u00e4 puhelimitse 0503686186\/Anni tai 0405268562\/Vesa s\u00e4hk\u00f6postilla <a href=\"mailto:info@kalajaretkeily.fi\">info@kalajaretkeily.fi<\/a> <\/mark><\/p>\n\n\n\n<p><mark style=\"background-color:rgba(0, 0, 0, 0)\" class=\"has-inline-color has-black-color\">Vastuullisena j\u00e4rjest\u00e4j\u00e4n\u00e4 toimii Outdoor Adventures Finland (y-tunnus 3255796-2).<\/mark><\/p>\n","protected":false},"excerpt":{"rendered":"<p>T\u00e4m\u00e4 kaksip\u00e4iv\u00e4inen el\u00e4mys sopii aloittelijoille, niin melontaa kuin retkeily\u00e4 ajatellen. Melonta toteutetaan vakailla ja laadukkailla retkikajakki yksik\u00f6ill\u00e4, joihin saat ennen retke\u00e4 tarvittavan opastuksen. Illan kruunaa tunnelmallinen, syksyinen ilta sek\u00e4 y\u00f6pyminen teltassa\/ riippumatossa. Retki on tarkoitettu sinulle, joka haluat palautua ja virkisty\u00e4 luonnon \u00e4\u00e4rell\u00e4 kiireett\u00f6m\u00e4sti. Taito-, ja kokemusvaatimukset Melontaretki on helppo ja soveltuu my\u00f6s v\u00e4hemm\u00e4n kokeneille [&hellip;]<\/p>\n","protected":false},"author":1,"featured_media":0,"parent":0,"menu_order":0,"comment_status":"closed","ping_status":"closed","template":"","meta":{"footnotes":""},"class_list":["post-2502","page","type-page","status-publish","hentry"],"yoast_head":"<!-- This site is optimized with the Yoast SEO plugin v27.4 - https:\/\/yoast.com\/product\/yoast-seo-wordpress\/ -->\n<title>Melontaretki saaren y\u00f6ksi, Etel\u00e4-Konnevedell\u00e4 - KalajaRetkeily<\/title>\n<meta name=\"robots\" content=\"index, follow, max-snippet:-1, max-image-preview:large, max-video-preview:-1\" \/>\n<link rel=\"canonical\" href=\"https:\/\/kalajaretkeily.fi\/fi\/melontaretki-saaren-yoksi-etela-konnevedella-24-25-9\/\" \/>\n<meta property=\"og:locale\" content=\"fi_FI\" \/>\n<meta property=\"og:type\" content=\"article\" \/>\n<meta property=\"og:title\" content=\"Melontaretki saaren y\u00f6ksi, Etel\u00e4-Konnevedell\u00e4 - KalajaRetkeily\" \/>\n<meta property=\"og:description\" content=\"T\u00e4m\u00e4 kaksip\u00e4iv\u00e4inen el\u00e4mys sopii aloittelijoille, niin melontaa kuin retkeily\u00e4 ajatellen. Melonta toteutetaan vakailla ja laadukkailla retkikajakki yksik\u00f6ill\u00e4, joihin saat ennen retke\u00e4 tarvittavan opastuksen. Illan kruunaa tunnelmallinen, syksyinen ilta sek\u00e4 y\u00f6pyminen teltassa\/ riippumatossa. Retki on tarkoitettu sinulle, joka haluat palautua ja virkisty\u00e4 luonnon \u00e4\u00e4rell\u00e4 kiireett\u00f6m\u00e4sti. Taito-, ja kokemusvaatimukset Melontaretki on helppo ja soveltuu my\u00f6s v\u00e4hemm\u00e4n kokeneille [&hellip;]\" \/>\n<meta property=\"og:url\" content=\"https:\/\/kalajaretkeily.fi\/fi\/melontaretki-saaren-yoksi-etela-konnevedella-24-25-9\/\" \/>\n<meta property=\"og:site_name\" content=\"KalajaRetkeily\" \/>\n<meta property=\"article:modified_time\" content=\"2025-06-23T19:36:22+00:00\" \/>\n<meta name=\"twitter:card\" content=\"summary_large_image\" \/>\n<meta name=\"twitter:label1\" content=\"Arvioitu lukuaika\" \/>\n\t<meta name=\"twitter:data1\" content=\"3 minuuttia\" \/>\n<script type=\"application\/ld+json\" class=\"yoast-schema-graph\">{\"@context\":\"https:\\\/\\\/schema.org\",\"@graph\":[{\"@type\":\"WebPage\",\"@id\":\"https:\\\/\\\/kalajaretkeily.fi\\\/fi\\\/melontaretki-saaren-yoksi-etela-konnevedella-24-25-9\\\/\",\"url\":\"https:\\\/\\\/kalajaretkeily.fi\\\/fi\\\/melontaretki-saaren-yoksi-etela-konnevedella-24-25-9\\\/\",\"name\":\"Melontaretki saaren y\u00f6ksi, Etel\u00e4-Konnevedell\u00e4 - KalajaRetkeily\",\"isPartOf\":{\"@id\":\"https:\\\/\\\/kalajaretkeily.fi\\\/fi\\\/#website\"},\"primaryImageOfPage\":{\"@id\":\"https:\\\/\\\/kalajaretkeily.fi\\\/fi\\\/melontaretki-saaren-yoksi-etela-konnevedella-24-25-9\\\/#primaryimage\"},\"image\":{\"@id\":\"https:\\\/\\\/kalajaretkeily.fi\\\/fi\\\/melontaretki-saaren-yoksi-etela-konnevedella-24-25-9\\\/#primaryimage\"},\"thumbnailUrl\":\"https:\\\/\\\/kalajaretkeily.fi\\\/fi\\\/wp-content\\\/uploads\\\/2022\\\/08\\\/20220701_204621-scaled-e1659946598448.jpg\",\"datePublished\":\"2022-08-08T08:34:28+00:00\",\"dateModified\":\"2025-06-23T19:36:22+00:00\",\"breadcrumb\":{\"@id\":\"https:\\\/\\\/kalajaretkeily.fi\\\/fi\\\/melontaretki-saaren-yoksi-etela-konnevedella-24-25-9\\\/#breadcrumb\"},\"inLanguage\":\"fi\",\"potentialAction\":[{\"@type\":\"ReadAction\",\"target\":[\"https:\\\/\\\/kalajaretkeily.fi\\\/fi\\\/melontaretki-saaren-yoksi-etela-konnevedella-24-25-9\\\/\"]}]},{\"@type\":\"ImageObject\",\"inLanguage\":\"fi\",\"@id\":\"https:\\\/\\\/kalajaretkeily.fi\\\/fi\\\/melontaretki-saaren-yoksi-etela-konnevedella-24-25-9\\\/#primaryimage\",\"url\":\"\",\"contentUrl\":\"\"},{\"@type\":\"BreadcrumbList\",\"@id\":\"https:\\\/\\\/kalajaretkeily.fi\\\/fi\\\/melontaretki-saaren-yoksi-etela-konnevedella-24-25-9\\\/#breadcrumb\",\"itemListElement\":[{\"@type\":\"ListItem\",\"position\":1,\"name\":\"Etusivu\",\"item\":\"https:\\\/\\\/kalajaretkeily.fi\\\/fi\\\/\"},{\"@type\":\"ListItem\",\"position\":2,\"name\":\"Melontaretki saaren y\u00f6ksi, Etel\u00e4-Konnevedell\u00e4\"}]},{\"@type\":\"WebSite\",\"@id\":\"https:\\\/\\\/kalajaretkeily.fi\\\/fi\\\/#website\",\"url\":\"https:\\\/\\\/kalajaretkeily.fi\\\/fi\\\/\",\"name\":\"KalajaRetkeily\",\"description\":\"Kajakin vuokraus\",\"publisher\":{\"@id\":\"https:\\\/\\\/kalajaretkeily.fi\\\/fi\\\/#organization\"},\"potentialAction\":[{\"@type\":\"SearchAction\",\"target\":{\"@type\":\"EntryPoint\",\"urlTemplate\":\"https:\\\/\\\/kalajaretkeily.fi\\\/fi\\\/?s={search_term_string}\"},\"query-input\":{\"@type\":\"PropertyValueSpecification\",\"valueRequired\":true,\"valueName\":\"search_term_string\"}}],\"inLanguage\":\"fi\"},{\"@type\":\"Organization\",\"@id\":\"https:\\\/\\\/kalajaretkeily.fi\\\/fi\\\/#organization\",\"name\":\"KalajaRetkeily\",\"url\":\"https:\\\/\\\/kalajaretkeily.fi\\\/fi\\\/\",\"logo\":{\"@type\":\"ImageObject\",\"inLanguage\":\"fi\",\"@id\":\"https:\\\/\\\/kalajaretkeily.fi\\\/fi\\\/#\\\/schema\\\/logo\\\/image\\\/\",\"url\":\"https:\\\/\\\/kalajaretkeily.fi\\\/fi\\\/wp-content\\\/uploads\\\/2019\\\/05\\\/cropped-kalajalogo-1.png\",\"contentUrl\":\"https:\\\/\\\/kalajaretkeily.fi\\\/fi\\\/wp-content\\\/uploads\\\/2019\\\/05\\\/cropped-kalajalogo-1.png\",\"width\":241,\"height\":50,\"caption\":\"KalajaRetkeily\"},\"image\":{\"@id\":\"https:\\\/\\\/kalajaretkeily.fi\\\/fi\\\/#\\\/schema\\\/logo\\\/image\\\/\"}}]}<\/script>\n<!-- \/ Yoast SEO plugin. -->","yoast_head_json":{"title":"Melontaretki saaren y\u00f6ksi, Etel\u00e4-Konnevedell\u00e4 - KalajaRetkeily","robots":{"index":"index","follow":"follow","max-snippet":"max-snippet:-1","max-image-preview":"max-image-preview:large","max-video-preview":"max-video-preview:-1"},"canonical":"https:\/\/kalajaretkeily.fi\/fi\/melontaretki-saaren-yoksi-etela-konnevedella-24-25-9\/","og_locale":"fi_FI","og_type":"article","og_title":"Melontaretki saaren y\u00f6ksi, Etel\u00e4-Konnevedell\u00e4 - KalajaRetkeily","og_description":"T\u00e4m\u00e4 kaksip\u00e4iv\u00e4inen el\u00e4mys sopii aloittelijoille, niin melontaa kuin retkeily\u00e4 ajatellen. Melonta toteutetaan vakailla ja laadukkailla retkikajakki yksik\u00f6ill\u00e4, joihin saat ennen retke\u00e4 tarvittavan opastuksen. Illan kruunaa tunnelmallinen, syksyinen ilta sek\u00e4 y\u00f6pyminen teltassa\/ riippumatossa. Retki on tarkoitettu sinulle, joka haluat palautua ja virkisty\u00e4 luonnon \u00e4\u00e4rell\u00e4 kiireett\u00f6m\u00e4sti. Taito-, ja kokemusvaatimukset Melontaretki on helppo ja soveltuu my\u00f6s v\u00e4hemm\u00e4n kokeneille [&hellip;]","og_url":"https:\/\/kalajaretkeily.fi\/fi\/melontaretki-saaren-yoksi-etela-konnevedella-24-25-9\/","og_site_name":"KalajaRetkeily","article_modified_time":"2025-06-23T19:36:22+00:00","twitter_card":"summary_large_image","twitter_misc":{"Arvioitu lukuaika":"3 minuuttia"},"schema":{"@context":"https:\/\/schema.org","@graph":[{"@type":"WebPage","@id":"https:\/\/kalajaretkeily.fi\/fi\/melontaretki-saaren-yoksi-etela-konnevedella-24-25-9\/","url":"https:\/\/kalajaretkeily.fi\/fi\/melontaretki-saaren-yoksi-etela-konnevedella-24-25-9\/","name":"Melontaretki saaren y\u00f6ksi, Etel\u00e4-Konnevedell\u00e4 - KalajaRetkeily","isPartOf":{"@id":"https:\/\/kalajaretkeily.fi\/fi\/#website"},"primaryImageOfPage":{"@id":"https:\/\/kalajaretkeily.fi\/fi\/melontaretki-saaren-yoksi-etela-konnevedella-24-25-9\/#primaryimage"},"image":{"@id":"https:\/\/kalajaretkeily.fi\/fi\/melontaretki-saaren-yoksi-etela-konnevedella-24-25-9\/#primaryimage"},"thumbnailUrl":"https:\/\/kalajaretkeily.fi\/fi\/wp-content\/uploads\/2022\/08\/20220701_204621-scaled-e1659946598448.jpg","datePublished":"2022-08-08T08:34:28+00:00","dateModified":"2025-06-23T19:36:22+00:00","breadcrumb":{"@id":"https:\/\/kalajaretkeily.fi\/fi\/melontaretki-saaren-yoksi-etela-konnevedella-24-25-9\/#breadcrumb"},"inLanguage":"fi","potentialAction":[{"@type":"ReadAction","target":["https:\/\/kalajaretkeily.fi\/fi\/melontaretki-saaren-yoksi-etela-konnevedella-24-25-9\/"]}]},{"@type":"ImageObject","inLanguage":"fi","@id":"https:\/\/kalajaretkeily.fi\/fi\/melontaretki-saaren-yoksi-etela-konnevedella-24-25-9\/#primaryimage","url":"","contentUrl":""},{"@type":"BreadcrumbList","@id":"https:\/\/kalajaretkeily.fi\/fi\/melontaretki-saaren-yoksi-etela-konnevedella-24-25-9\/#breadcrumb","itemListElement":[{"@type":"ListItem","position":1,"name":"Etusivu","item":"https:\/\/kalajaretkeily.fi\/fi\/"},{"@type":"ListItem","position":2,"name":"Melontaretki saaren y\u00f6ksi, Etel\u00e4-Konnevedell\u00e4"}]},{"@type":"WebSite","@id":"https:\/\/kalajaretkeily.fi\/fi\/#website","url":"https:\/\/kalajaretkeily.fi\/fi\/","name":"KalajaRetkeily","description":"Kajakin vuokraus","publisher":{"@id":"https:\/\/kalajaretkeily.fi\/fi\/#organization"},"potentialAction":[{"@type":"SearchAction","target":{"@type":"EntryPoint","urlTemplate":"https:\/\/kalajaretkeily.fi\/fi\/?s={search_term_string}"},"query-input":{"@type":"PropertyValueSpecification","valueRequired":true,"valueName":"search_term_string"}}],"inLanguage":"fi"},{"@type":"Organization","@id":"https:\/\/kalajaretkeily.fi\/fi\/#organization","name":"KalajaRetkeily","url":"https:\/\/kalajaretkeily.fi\/fi\/","logo":{"@type":"ImageObject","inLanguage":"fi","@id":"https:\/\/kalajaretkeily.fi\/fi\/#\/schema\/logo\/image\/","url":"https:\/\/kalajaretkeily.fi\/fi\/wp-content\/uploads\/2019\/05\/cropped-kalajalogo-1.png","contentUrl":"https:\/\/kalajaretkeily.fi\/fi\/wp-content\/uploads\/2019\/05\/cropped-kalajalogo-1.png","width":241,"height":50,"caption":"KalajaRetkeily"},"image":{"@id":"https:\/\/kalajaretkeily.fi\/fi\/#\/schema\/logo\/image\/"}}]}},"_links":{"self":[{"href":"https:\/\/kalajaretkeily.fi\/fi\/wp-json\/wp\/v2\/pages\/2502","targetHints":{"allow":["GET"]}}],"collection":[{"href":"https:\/\/kalajaretkeily.fi\/fi\/wp-json\/wp\/v2\/pages"}],"about":[{"href":"https:\/\/kalajaretkeily.fi\/fi\/wp-json\/wp\/v2\/types\/page"}],"author":[{"embeddable":true,"href":"https:\/\/kalajaretkeily.fi\/fi\/wp-json\/wp\/v2\/users\/1"}],"replies":[{"embeddable":true,"href":"https:\/\/kalajaretkeily.fi\/fi\/wp-json\/wp\/v2\/comments?post=2502"}],"version-history":[{"count":2,"href":"https:\/\/kalajaretkeily.fi\/fi\/wp-json\/wp\/v2\/pages\/2502\/revisions"}],"predecessor-version":[{"id":5138,"href":"https:\/\/kalajaretkeily.fi\/fi\/wp-json\/wp\/v2\/pages\/2502\/revisions\/5138"}],"wp:attachment":[{"href":"https:\/\/kalajaretkeily.fi\/fi\/wp-json\/wp\/v2\/media?parent=2502"}],"curies":[{"name":"wp","href":"https:\/\/api.w.org\/{rel}","templated":true}]}}