{"id":2180,"date":"2022-06-01T11:43:24","date_gmt":"2022-06-01T11:43:24","guid":{"rendered":"https:\/\/kalajaretkeily.fi\/fi\/?page_id=2180"},"modified":"2025-04-20T15:53:40","modified_gmt":"2025-04-20T12:53:40","slug":"melontakurssit","status":"publish","type":"page","link":"https:\/\/kalajaretkeily.fi\/fi\/melontakurssit\/","title":{"rendered":"Melontakurssit &#8211; Meloja 1 peruskurssit ja Meloja 2 Jatkokurssit"},"content":{"rendered":"\n<figure class=\"wp-block-image size-full\"><img fetchpriority=\"high\" decoding=\"async\" width=\"1080\" height=\"720\" src=\"https:\/\/kalajaretkeily.fi\/fi\/wp-content\/uploads\/2021\/03\/Kapynan-Ukko-melontaretkella.png\" alt=\"Iloisia melojia kajakeissa\" class=\"wp-image-969\" srcset=\"https:\/\/kalajaretkeily.fi\/fi\/wp-content\/uploads\/2021\/03\/Kapynan-Ukko-melontaretkella.png 1080w, https:\/\/kalajaretkeily.fi\/fi\/wp-content\/uploads\/2021\/03\/Kapynan-Ukko-melontaretkella-300x200.png 300w, https:\/\/kalajaretkeily.fi\/fi\/wp-content\/uploads\/2021\/03\/Kapynan-Ukko-melontaretkella-1024x683.png 1024w, https:\/\/kalajaretkeily.fi\/fi\/wp-content\/uploads\/2021\/03\/Kapynan-Ukko-melontaretkella-768x512.png 768w\" sizes=\"(max-width: 1080px) 100vw, 1080px\" \/><\/figure>\n\n\n\n<h2 class=\"wp-block-heading\">J\u00e4rjest\u00e4mme Etel\u00e4-Konneveden kansallispuistossa melontakursseja. Melontakurssit noudattavat Suomen Melonta- ja soutuliiton sis\u00e4lt\u00f6suosituksia. <\/h2>\n\n\n\n<p><strong>Melontakurssit ovat ostettavissa retkeilyn ja ulkoilun koulutukseen erikoistuneen Ulkoilma Akatemian kautta. Melonnan Meloja 1 peruskurssilla pidet\u00e4\u00e4n hauskaa ja opetellaan uusia taitoja ohjatusti.<\/strong><\/p>\n\n\n\n<h2 class=\"wp-block-heading\">Meloja 1 peruskurssi on helppo tapa aloittaa melonnan harrastaminen.<\/h2>\n\n\n\n<p>Melonnan Meloja 1 -peruskurssit ovat ostettavissa retkeilyn ja ulkoilun koulutukseen erikoistuneen Ulkoilma Akatemian kautta. Melontakurssi j\u00e4rjestet\u00e4\u00e4n yhteisty\u00f6ss\u00e4 Ulkoilma Akatemian ja KalajaRetkeilyn kanssa. Melontakurssit ohjaa KalajaRetkeilyn Vesa Viittala ja kurssit j\u00e4rjestet\u00e4\u00e4n Etel\u00e4-Konnevedell\u00e4.<\/p>\n\n\n\n<h3 class=\"wp-block-heading\">Ilmoittaudu rohkeasti mukaan! <strong>Klikkaa t\u00e4st\u00e4 kaikki -> <a href=\"https:\/\/ulkoilmaakatemia.fi\/melonta\/\"><mark style=\"background-color:rgba(0, 0, 0, 0)\" class=\"has-inline-color has-vivid-cyan-blue-color\">Meloja 1 -peruskurssit <\/mark><\/a><\/strong><\/h3>\n\n\n\n<p>Meloja 1 peruskurssi&nbsp;on melonnan oppipolun ensimm\u00e4inen askel, jonka ottamalla p\u00e4\u00e4set jo pitk\u00e4lle. Kurssin j\u00e4lkeen pystyt melomaan&nbsp;suojaisilla vesill\u00e4 itsen\u00e4isesti ja turvallisesti. Osallistumaan ohjattuihin melontaretkiin ja vaelluksiin.&nbsp;Meloja 1 peruskurssilla harjoituksia tehd\u00e4\u00e4n yksil\u00f6llisesti pieness\u00e4 ryhm\u00e4ss\u00e4. <\/p>\n\n\n\n<h3 class=\"wp-block-heading\">Meloja 1 kurssi on tarkoitettu jokaiselle<\/h3>\n\n\n\n<p>Jos olet uimataitoinen ja osaat ajaa polkupy\u00f6r\u00e4ll\u00e4, opit my\u00f6s melomaan. Et tarvitse aikaisempaa melontakokemusta, etk\u00e4 my\u00f6sk\u00e4\u00e4n omia varusteita. Sinun ei tarvitse olla urheilija, tietyn ik\u00e4inen tai muotoinen. Liev\u00e4t liikuntarajoitteet eiv\u00e4t ole esteen\u00e4 ja erityisryhmille, kuten vaikeammin liikuntarajoitteisille j\u00e4rjestet\u00e4\u00e4n sovellettuja Meloja 1 -peruskursseja.<\/p>\n\n\n\n<figure class=\"wp-block-image size-full\"><img decoding=\"async\" src=\"https:\/\/kalajaretkeily.fi\/fi\/wp-content\/uploads\/2022\/12\/20220705_111555-scaled-e1671087941984.jpg\" alt=\"Meloja 1 peruskurssilla on hauskaa ja hyv\u00e4 yhteishenki\" class=\"wp-image-3459\"\/><figcaption class=\"wp-element-caption\">Meloja 1 peruskurssilla on hauskaa ja hyv\u00e4 yhteishenki<\/figcaption><\/figure>\n\n\n\n<h2 class=\"wp-block-heading\">Meloja 2 Jatkokurssit<\/h2>\n\n\n\n<h3 class=\"wp-block-heading\">Meloja 2 jatkokurssilla opit lis\u00e4\u00e4 uusia tekniikoita ja syvennyt\u00e4\u00e4n jo opittuihin taitoihin.<br><a href=\"https:\/\/ulkoilmaakatemia.fi\/aktiviteetti\/meloja-2-jatkokurssi-2\/\"><mark style=\"background-color:rgba(0, 0, 0, 0)\" class=\"has-inline-color has-vivid-purple-color\">Klikkaa t\u00e4st\u00e4 Meloja 2 kurssille<\/mark><\/a><\/h3>\n\n\n\n<figure class=\"wp-block-image size-large\"><img decoding=\"async\" width=\"1024\" height=\"576\" src=\"https:\/\/kalajaretkeily.fi\/fi\/wp-content\/uploads\/2023\/02\/Meloja-2-Jatkokurssi-scaled-e1675281540625-1024x576.jpg\" alt=\"Meloja 2 jatkokurssilla pelastautuminen kuuluu osana kurssia.\" class=\"wp-image-3819\" srcset=\"https:\/\/kalajaretkeily.fi\/fi\/wp-content\/uploads\/2023\/02\/Meloja-2-Jatkokurssi-scaled-e1675281540625-1024x576.jpg 1024w, https:\/\/kalajaretkeily.fi\/fi\/wp-content\/uploads\/2023\/02\/Meloja-2-Jatkokurssi-scaled-e1675281540625-300x169.jpg 300w, https:\/\/kalajaretkeily.fi\/fi\/wp-content\/uploads\/2023\/02\/Meloja-2-Jatkokurssi-scaled-e1675281540625-768x432.jpg 768w, https:\/\/kalajaretkeily.fi\/fi\/wp-content\/uploads\/2023\/02\/Meloja-2-Jatkokurssi-scaled-e1675281540625-1536x864.jpg 1536w, https:\/\/kalajaretkeily.fi\/fi\/wp-content\/uploads\/2023\/02\/Meloja-2-Jatkokurssi-scaled-e1675281540625-2048x1152.jpg 2048w, https:\/\/kalajaretkeily.fi\/fi\/wp-content\/uploads\/2023\/02\/Meloja-2-Jatkokurssi-scaled-e1675281540625-24x14.jpg 24w, https:\/\/kalajaretkeily.fi\/fi\/wp-content\/uploads\/2023\/02\/Meloja-2-Jatkokurssi-scaled-e1675281540625-36x20.jpg 36w, https:\/\/kalajaretkeily.fi\/fi\/wp-content\/uploads\/2023\/02\/Meloja-2-Jatkokurssi-scaled-e1675281540625-48x27.jpg 48w\" sizes=\"(max-width: 1024px) 100vw, 1024px\" \/><figcaption class=\"wp-element-caption\">Meloja 2 jatkokurssilla pelastautuminen kuuluu osana kurssia.<\/figcaption><\/figure>\n\n\n\n<p>J\u00e4rjest\u00e4mme kahden p\u00e4iv\u00e4n&nbsp;<strong>Meloja 2<\/strong>&nbsp;<em>(EPP2)<\/em>&nbsp;jatkokurssin&nbsp;Etel\u00e4-Konneveden kansallispuistossa Rautalammilla. Meloja 2 -kurssilla syvennet\u00e4\u00e4n melontataitoja. Jatkokurssilla melontaan haetaan tehoa ja suoritusvarmuutta. Turvallisuustaitoja opetellaan lis\u00e4\u00e4. Melontakurssilla noudatetaan melonta- ja soutuliiton&nbsp;Meloja 2&nbsp;-melonnan jatkokurssin sis\u00e4lt\u00f6suositusta, kuitenkin siten soveltaen, ett\u00e4 kurssin p\u00e4\u00e4paino on retkimelonnassa j\u00e4rvell\u00e4.<\/p>\n\n\n\n<h2 class=\"wp-block-heading\">Melontaretki\u00e4<\/h2>\n\n\n\n<p>J\u00e4rjest\u00e4mme pitkin kes\u00e4\u00e4 erilaisia ja eri pituisia melontaretki\u00e4, melontaretkill\u00e4 p\u00e4\u00e4set irtautumaan arjen kiireist\u00e4 ja nauttimaan luonnosta vesilt\u00e4 k\u00e4sin. Melontaretkill\u00e4 emme pid\u00e4 kiirett\u00e4, vaan melomme rauhallisella tahdilla, ilman suorittamisen tuntua. kysy rohkeasti lis\u00e4\u00e4 retkist\u00e4 ja muista ajankohdista omalle porukallesi. <\/p>\n\n\n\n<h2 class=\"wp-block-heading\">Melontavaelluksia<\/h2>\n\n\n\n<p>Melontavaelluksia l\u00f6yd\u00e4t lis\u00e4\u00e4 valikosta vaellukset tai Ulkoilma Akatemian nettisivuilla. K\u00e4y lukemassa lis\u00e4\u00e4 <a href=\"https:\/\/www.ulkoilunmaailma.fi\/ulkoilmaakatemia\/melonta\/\" target=\"_blank\" rel=\"noreferrer noopener\" title=\"\"><strong>Melontavaellus<\/strong><\/a> ja l\u00f6yd\u00e4 itsellesi juuri sopiva melontavaellus.<\/p>\n\n\n\n<figure class=\"wp-block-image size-full\"><img decoding=\"async\" width=\"2560\" height=\"1920\" src=\"https:\/\/kalajaretkeily.fi\/fi\/wp-content\/uploads\/2022\/10\/20220621_115640-scaled.jpg\" alt=\"Parisuhteen uusi yhteinen harrastus. Meloja 1 peruskurssilta turvallisesti melontavaellukselle.\" class=\"wp-image-3237\" srcset=\"https:\/\/kalajaretkeily.fi\/fi\/wp-content\/uploads\/2022\/10\/20220621_115640-scaled.jpg 2560w, https:\/\/kalajaretkeily.fi\/fi\/wp-content\/uploads\/2022\/10\/20220621_115640-300x225.jpg 300w, https:\/\/kalajaretkeily.fi\/fi\/wp-content\/uploads\/2022\/10\/20220621_115640-1024x768.jpg 1024w, https:\/\/kalajaretkeily.fi\/fi\/wp-content\/uploads\/2022\/10\/20220621_115640-768x576.jpg 768w, https:\/\/kalajaretkeily.fi\/fi\/wp-content\/uploads\/2022\/10\/20220621_115640-1536x1152.jpg 1536w, https:\/\/kalajaretkeily.fi\/fi\/wp-content\/uploads\/2022\/10\/20220621_115640-2048x1536.jpg 2048w, https:\/\/kalajaretkeily.fi\/fi\/wp-content\/uploads\/2022\/10\/20220621_115640-24x18.jpg 24w, https:\/\/kalajaretkeily.fi\/fi\/wp-content\/uploads\/2022\/10\/20220621_115640-36x27.jpg 36w, https:\/\/kalajaretkeily.fi\/fi\/wp-content\/uploads\/2022\/10\/20220621_115640-48x36.jpg 48w\" sizes=\"(max-width: 2560px) 100vw, 2560px\" \/><figcaption class=\"wp-element-caption\">Parisuhteen uusi yhteinen harrastus. Meloja 1 peruskurssilta turvallisesti melontavaellukselle.<\/figcaption><\/figure>\n","protected":false},"excerpt":{"rendered":"<p>J\u00e4rjest\u00e4mme Etel\u00e4-Konneveden kansallispuistossa melontakursseja. Melontakurssit noudattavat Suomen Melonta- ja soutuliiton sis\u00e4lt\u00f6suosituksia. Melontakurssit ovat ostettavissa retkeilyn ja ulkoilun koulutukseen erikoistuneen Ulkoilma Akatemian kautta. Melonnan Meloja 1 peruskurssilla pidet\u00e4\u00e4n hauskaa ja opetellaan uusia taitoja ohjatusti. Meloja 1 peruskurssi on helppo tapa aloittaa melonnan harrastaminen. Melonnan Meloja 1 -peruskurssit ovat ostettavissa retkeilyn ja ulkoilun koulutukseen erikoistuneen Ulkoilma Akatemian [&hellip;]<\/p>\n","protected":false},"author":1,"featured_media":0,"parent":0,"menu_order":0,"comment_status":"closed","ping_status":"closed","template":"","meta":{"footnotes":""},"class_list":["post-2180","page","type-page","status-publish","hentry"],"yoast_head":"<!-- This site is optimized with the Yoast SEO plugin v27.2 - https:\/\/yoast.com\/product\/yoast-seo-wordpress\/ -->\n<title>Melontakurssit - Meloja 1 peruskurssit ja Meloja 2 Jatkokurssit - KalajaRetkeily<\/title>\n<meta name=\"description\" content=\"Etel\u00e4-Konneveden kansallispuistossa melontakursseja. Meloja 1 melontakurssit ja meloja 2 kurssit noudattavat Suomen Melonta- ja soutuliiton sis\u00e4lt\u00f6suositusta.\" \/>\n<meta name=\"robots\" content=\"index, follow, max-snippet:-1, max-image-preview:large, max-video-preview:-1\" \/>\n<link rel=\"canonical\" href=\"https:\/\/kalajaretkeily.fi\/fi\/melontakurssit\/\" \/>\n<meta property=\"og:locale\" content=\"fi_FI\" \/>\n<meta property=\"og:type\" content=\"article\" \/>\n<meta property=\"og:title\" content=\"Melontakurssit - Meloja 1 peruskurssit ja Meloja 2 Jatkokurssit - KalajaRetkeily\" \/>\n<meta property=\"og:description\" content=\"Etel\u00e4-Konneveden kansallispuistossa melontakursseja. Meloja 1 melontakurssit ja meloja 2 kurssit noudattavat Suomen Melonta- ja soutuliiton sis\u00e4lt\u00f6suositusta.\" \/>\n<meta property=\"og:url\" content=\"https:\/\/kalajaretkeily.fi\/fi\/melontakurssit\/\" \/>\n<meta property=\"og:site_name\" content=\"KalajaRetkeily\" \/>\n<meta property=\"article:modified_time\" content=\"2025-04-20T12:53:40+00:00\" \/>\n<meta property=\"og:image\" content=\"https:\/\/kalajaretkeily.fi\/fi\/wp-content\/uploads\/2021\/03\/Kapynan-Ukko-melontaretkella.png\" \/>\n\t<meta property=\"og:image:width\" content=\"1080\" \/>\n\t<meta property=\"og:image:height\" content=\"720\" \/>\n\t<meta property=\"og:image:type\" content=\"image\/png\" \/>\n<meta name=\"twitter:card\" content=\"summary_large_image\" \/>\n<meta name=\"twitter:label1\" content=\"Arvioitu lukuaika\" \/>\n\t<meta name=\"twitter:data1\" content=\"3 minuuttia\" \/>\n<script type=\"application\/ld+json\" class=\"yoast-schema-graph\">{\"@context\":\"https:\/\/schema.org\",\"@graph\":[{\"@type\":\"WebPage\",\"@id\":\"https:\/\/kalajaretkeily.fi\/fi\/melontakurssit\/\",\"url\":\"https:\/\/kalajaretkeily.fi\/fi\/melontakurssit\/\",\"name\":\"Melontakurssit - Meloja 1 peruskurssit ja Meloja 2 Jatkokurssit - KalajaRetkeily\",\"isPartOf\":{\"@id\":\"https:\/\/kalajaretkeily.fi\/fi\/#website\"},\"primaryImageOfPage\":{\"@id\":\"https:\/\/kalajaretkeily.fi\/fi\/melontakurssit\/#primaryimage\"},\"image\":{\"@id\":\"https:\/\/kalajaretkeily.fi\/fi\/melontakurssit\/#primaryimage\"},\"thumbnailUrl\":\"https:\/\/kalajaretkeily.fi\/fi\/wp-content\/uploads\/2021\/03\/Kapynan-Ukko-melontaretkella.png\",\"datePublished\":\"2022-06-01T11:43:24+00:00\",\"dateModified\":\"2025-04-20T12:53:40+00:00\",\"description\":\"Etel\u00e4-Konneveden kansallispuistossa melontakursseja. Meloja 1 melontakurssit ja meloja 2 kurssit noudattavat Suomen Melonta- ja soutuliiton sis\u00e4lt\u00f6suositusta.\",\"breadcrumb\":{\"@id\":\"https:\/\/kalajaretkeily.fi\/fi\/melontakurssit\/#breadcrumb\"},\"inLanguage\":\"fi\",\"potentialAction\":[{\"@type\":\"ReadAction\",\"target\":[\"https:\/\/kalajaretkeily.fi\/fi\/melontakurssit\/\"]}]},{\"@type\":\"ImageObject\",\"inLanguage\":\"fi\",\"@id\":\"https:\/\/kalajaretkeily.fi\/fi\/melontakurssit\/#primaryimage\",\"url\":\"https:\/\/kalajaretkeily.fi\/fi\/wp-content\/uploads\/2021\/03\/Kapynan-Ukko-melontaretkella.png\",\"contentUrl\":\"https:\/\/kalajaretkeily.fi\/fi\/wp-content\/uploads\/2021\/03\/Kapynan-Ukko-melontaretkella.png\",\"width\":1080,\"height\":720,\"caption\":\"Kaivannossa K\u00e4pyn\u00e4n Ukon melontaretkell\u00e4\"},{\"@type\":\"BreadcrumbList\",\"@id\":\"https:\/\/kalajaretkeily.fi\/fi\/melontakurssit\/#breadcrumb\",\"itemListElement\":[{\"@type\":\"ListItem\",\"position\":1,\"name\":\"Etusivu\",\"item\":\"https:\/\/kalajaretkeily.fi\/fi\/\"},{\"@type\":\"ListItem\",\"position\":2,\"name\":\"Melontakurssit &#8211; Meloja 1 peruskurssit ja Meloja 2 Jatkokurssit\"}]},{\"@type\":\"WebSite\",\"@id\":\"https:\/\/kalajaretkeily.fi\/fi\/#website\",\"url\":\"https:\/\/kalajaretkeily.fi\/fi\/\",\"name\":\"KalajaRetkeily\",\"description\":\"Kajakin vuokraus\",\"publisher\":{\"@id\":\"https:\/\/kalajaretkeily.fi\/fi\/#organization\"},\"potentialAction\":[{\"@type\":\"SearchAction\",\"target\":{\"@type\":\"EntryPoint\",\"urlTemplate\":\"https:\/\/kalajaretkeily.fi\/fi\/?s={search_term_string}\"},\"query-input\":{\"@type\":\"PropertyValueSpecification\",\"valueRequired\":true,\"valueName\":\"search_term_string\"}}],\"inLanguage\":\"fi\"},{\"@type\":\"Organization\",\"@id\":\"https:\/\/kalajaretkeily.fi\/fi\/#organization\",\"name\":\"KalajaRetkeily\",\"url\":\"https:\/\/kalajaretkeily.fi\/fi\/\",\"logo\":{\"@type\":\"ImageObject\",\"inLanguage\":\"fi\",\"@id\":\"https:\/\/kalajaretkeily.fi\/fi\/#\/schema\/logo\/image\/\",\"url\":\"https:\/\/kalajaretkeily.fi\/fi\/wp-content\/uploads\/2019\/05\/cropped-kalajalogo-1.png\",\"contentUrl\":\"https:\/\/kalajaretkeily.fi\/fi\/wp-content\/uploads\/2019\/05\/cropped-kalajalogo-1.png\",\"width\":241,\"height\":50,\"caption\":\"KalajaRetkeily\"},\"image\":{\"@id\":\"https:\/\/kalajaretkeily.fi\/fi\/#\/schema\/logo\/image\/\"}}]}<\/script>\n<!-- \/ Yoast SEO plugin. -->","yoast_head_json":{"title":"Melontakurssit - Meloja 1 peruskurssit ja Meloja 2 Jatkokurssit - KalajaRetkeily","description":"Etel\u00e4-Konneveden kansallispuistossa melontakursseja. Meloja 1 melontakurssit ja meloja 2 kurssit noudattavat Suomen Melonta- ja soutuliiton sis\u00e4lt\u00f6suositusta.","robots":{"index":"index","follow":"follow","max-snippet":"max-snippet:-1","max-image-preview":"max-image-preview:large","max-video-preview":"max-video-preview:-1"},"canonical":"https:\/\/kalajaretkeily.fi\/fi\/melontakurssit\/","og_locale":"fi_FI","og_type":"article","og_title":"Melontakurssit - Meloja 1 peruskurssit ja Meloja 2 Jatkokurssit - KalajaRetkeily","og_description":"Etel\u00e4-Konneveden kansallispuistossa melontakursseja. Meloja 1 melontakurssit ja meloja 2 kurssit noudattavat Suomen Melonta- ja soutuliiton sis\u00e4lt\u00f6suositusta.","og_url":"https:\/\/kalajaretkeily.fi\/fi\/melontakurssit\/","og_site_name":"KalajaRetkeily","article_modified_time":"2025-04-20T12:53:40+00:00","og_image":[{"width":1080,"height":720,"url":"https:\/\/kalajaretkeily.fi\/fi\/wp-content\/uploads\/2021\/03\/Kapynan-Ukko-melontaretkella.png","type":"image\/png"}],"twitter_card":"summary_large_image","twitter_misc":{"Arvioitu lukuaika":"3 minuuttia"},"schema":{"@context":"https:\/\/schema.org","@graph":[{"@type":"WebPage","@id":"https:\/\/kalajaretkeily.fi\/fi\/melontakurssit\/","url":"https:\/\/kalajaretkeily.fi\/fi\/melontakurssit\/","name":"Melontakurssit - Meloja 1 peruskurssit ja Meloja 2 Jatkokurssit - KalajaRetkeily","isPartOf":{"@id":"https:\/\/kalajaretkeily.fi\/fi\/#website"},"primaryImageOfPage":{"@id":"https:\/\/kalajaretkeily.fi\/fi\/melontakurssit\/#primaryimage"},"image":{"@id":"https:\/\/kalajaretkeily.fi\/fi\/melontakurssit\/#primaryimage"},"thumbnailUrl":"https:\/\/kalajaretkeily.fi\/fi\/wp-content\/uploads\/2021\/03\/Kapynan-Ukko-melontaretkella.png","datePublished":"2022-06-01T11:43:24+00:00","dateModified":"2025-04-20T12:53:40+00:00","description":"Etel\u00e4-Konneveden kansallispuistossa melontakursseja. Meloja 1 melontakurssit ja meloja 2 kurssit noudattavat Suomen Melonta- ja soutuliiton sis\u00e4lt\u00f6suositusta.","breadcrumb":{"@id":"https:\/\/kalajaretkeily.fi\/fi\/melontakurssit\/#breadcrumb"},"inLanguage":"fi","potentialAction":[{"@type":"ReadAction","target":["https:\/\/kalajaretkeily.fi\/fi\/melontakurssit\/"]}]},{"@type":"ImageObject","inLanguage":"fi","@id":"https:\/\/kalajaretkeily.fi\/fi\/melontakurssit\/#primaryimage","url":"https:\/\/kalajaretkeily.fi\/fi\/wp-content\/uploads\/2021\/03\/Kapynan-Ukko-melontaretkella.png","contentUrl":"https:\/\/kalajaretkeily.fi\/fi\/wp-content\/uploads\/2021\/03\/Kapynan-Ukko-melontaretkella.png","width":1080,"height":720,"caption":"Kaivannossa K\u00e4pyn\u00e4n Ukon melontaretkell\u00e4"},{"@type":"BreadcrumbList","@id":"https:\/\/kalajaretkeily.fi\/fi\/melontakurssit\/#breadcrumb","itemListElement":[{"@type":"ListItem","position":1,"name":"Etusivu","item":"https:\/\/kalajaretkeily.fi\/fi\/"},{"@type":"ListItem","position":2,"name":"Melontakurssit &#8211; Meloja 1 peruskurssit ja Meloja 2 Jatkokurssit"}]},{"@type":"WebSite","@id":"https:\/\/kalajaretkeily.fi\/fi\/#website","url":"https:\/\/kalajaretkeily.fi\/fi\/","name":"KalajaRetkeily","description":"Kajakin vuokraus","publisher":{"@id":"https:\/\/kalajaretkeily.fi\/fi\/#organization"},"potentialAction":[{"@type":"SearchAction","target":{"@type":"EntryPoint","urlTemplate":"https:\/\/kalajaretkeily.fi\/fi\/?s={search_term_string}"},"query-input":{"@type":"PropertyValueSpecification","valueRequired":true,"valueName":"search_term_string"}}],"inLanguage":"fi"},{"@type":"Organization","@id":"https:\/\/kalajaretkeily.fi\/fi\/#organization","name":"KalajaRetkeily","url":"https:\/\/kalajaretkeily.fi\/fi\/","logo":{"@type":"ImageObject","inLanguage":"fi","@id":"https:\/\/kalajaretkeily.fi\/fi\/#\/schema\/logo\/image\/","url":"https:\/\/kalajaretkeily.fi\/fi\/wp-content\/uploads\/2019\/05\/cropped-kalajalogo-1.png","contentUrl":"https:\/\/kalajaretkeily.fi\/fi\/wp-content\/uploads\/2019\/05\/cropped-kalajalogo-1.png","width":241,"height":50,"caption":"KalajaRetkeily"},"image":{"@id":"https:\/\/kalajaretkeily.fi\/fi\/#\/schema\/logo\/image\/"}}]}},"_links":{"self":[{"href":"https:\/\/kalajaretkeily.fi\/fi\/wp-json\/wp\/v2\/pages\/2180","targetHints":{"allow":["GET"]}}],"collection":[{"href":"https:\/\/kalajaretkeily.fi\/fi\/wp-json\/wp\/v2\/pages"}],"about":[{"href":"https:\/\/kalajaretkeily.fi\/fi\/wp-json\/wp\/v2\/types\/page"}],"author":[{"embeddable":true,"href":"https:\/\/kalajaretkeily.fi\/fi\/wp-json\/wp\/v2\/users\/1"}],"replies":[{"embeddable":true,"href":"https:\/\/kalajaretkeily.fi\/fi\/wp-json\/wp\/v2\/comments?post=2180"}],"version-history":[{"count":7,"href":"https:\/\/kalajaretkeily.fi\/fi\/wp-json\/wp\/v2\/pages\/2180\/revisions"}],"predecessor-version":[{"id":5088,"href":"https:\/\/kalajaretkeily.fi\/fi\/wp-json\/wp\/v2\/pages\/2180\/revisions\/5088"}],"wp:attachment":[{"href":"https:\/\/kalajaretkeily.fi\/fi\/wp-json\/wp\/v2\/media?parent=2180"}],"curies":[{"name":"wp","href":"https:\/\/api.w.org\/{rel}","templated":true}]}}