{"id":2082,"date":"2022-05-11T05:35:41","date_gmt":"2022-05-11T05:35:41","guid":{"rendered":"https:\/\/kalajaretkeily.fi\/fi\/?page_id=2082"},"modified":"2023-06-23T07:26:39","modified_gmt":"2023-06-23T07:26:39","slug":"saankestava-kartta-kansallispuistoon","status":"publish","type":"page","link":"https:\/\/kalajaretkeily.fi\/fi\/saankestava-kartta-kansallispuistoon\/","title":{"rendered":"S\u00e4\u00e4nkest\u00e4v\u00e4 kartta kansallispuistoon"},"content":{"rendered":"\n<p>Osta ennen retke\u00e4 itsellesi Karttakeskuksen Etel\u00e4-Konneveden kartta, t\u00e4m\u00e4 on hyv\u00e4 vaihtoehto jos haluat oman kartan itsellesi. <a href=\"https:\/\/www.karttakauppa.fi\/tuote\/etela-konnevesi-leivonmaki-isojarvi-pyha-hakki-125-000-ulkoilukartta-2019\/\" target=\"_blank\" rel=\"noopener\" title=\"T\u00e4m\u00e4 kartta\"><strong>T\u00e4m\u00e4 kartta<\/strong><\/a><\/p>\n\n\n<p><script type=\"text\/javascript\" src=\"https:\/\/johku.com\/embed\/?shopId=kalajaretkeily&amp;productId=12&amp;fields=name,desc,image,price,stock&amp;buttonText=Maksa%20t%E4st%E4&amp;locale=fi_FI&amp;version=fi_FI\"><\/script><\/p>\n\n\n\n<p><\/p>\n\n\n\n<p><\/p>\n","protected":false},"excerpt":{"rendered":"<p>Osta ennen retke\u00e4 itsellesi Karttakeskuksen Etel\u00e4-Konneveden kartta, t\u00e4m\u00e4 on hyv\u00e4 vaihtoehto jos haluat oman kartan itsellesi. T\u00e4m\u00e4 kartta<\/p>\n","protected":false},"author":1,"featured_media":0,"parent":0,"menu_order":0,"comment_status":"closed","ping_status":"closed","template":"","meta":{"footnotes":""},"class_list":["post-2082","page","type-page","status-publish","hentry"],"yoast_head":"<!-- This site is optimized with the Yoast SEO plugin v27.2 - https:\/\/yoast.com\/product\/yoast-seo-wordpress\/ -->\n<title>S\u00e4\u00e4nkest\u00e4v\u00e4 kartta kansallispuistoon - KalajaRetkeily<\/title>\n<meta name=\"robots\" content=\"index, follow, max-snippet:-1, max-image-preview:large, max-video-preview:-1\" \/>\n<link rel=\"canonical\" href=\"https:\/\/kalajaretkeily.fi\/fi\/saankestava-kartta-kansallispuistoon\/\" \/>\n<meta property=\"og:locale\" content=\"fi_FI\" \/>\n<meta property=\"og:type\" content=\"article\" \/>\n<meta property=\"og:title\" content=\"S\u00e4\u00e4nkest\u00e4v\u00e4 kartta kansallispuistoon - KalajaRetkeily\" \/>\n<meta property=\"og:description\" content=\"Osta ennen retke\u00e4 itsellesi Karttakeskuksen Etel\u00e4-Konneveden kartta, t\u00e4m\u00e4 on hyv\u00e4 vaihtoehto jos haluat oman kartan itsellesi. T\u00e4m\u00e4 kartta\" \/>\n<meta property=\"og:url\" content=\"https:\/\/kalajaretkeily.fi\/fi\/saankestava-kartta-kansallispuistoon\/\" \/>\n<meta property=\"og:site_name\" content=\"KalajaRetkeily\" \/>\n<meta property=\"article:modified_time\" content=\"2023-06-23T07:26:39+00:00\" \/>\n<meta name=\"twitter:card\" content=\"summary_large_image\" \/>\n<script type=\"application\/ld+json\" class=\"yoast-schema-graph\">{\"@context\":\"https:\/\/schema.org\",\"@graph\":[{\"@type\":\"WebPage\",\"@id\":\"https:\/\/kalajaretkeily.fi\/fi\/saankestava-kartta-kansallispuistoon\/\",\"url\":\"https:\/\/kalajaretkeily.fi\/fi\/saankestava-kartta-kansallispuistoon\/\",\"name\":\"S\u00e4\u00e4nkest\u00e4v\u00e4 kartta kansallispuistoon - KalajaRetkeily\",\"isPartOf\":{\"@id\":\"https:\/\/kalajaretkeily.fi\/fi\/#website\"},\"datePublished\":\"2022-05-11T05:35:41+00:00\",\"dateModified\":\"2023-06-23T07:26:39+00:00\",\"breadcrumb\":{\"@id\":\"https:\/\/kalajaretkeily.fi\/fi\/saankestava-kartta-kansallispuistoon\/#breadcrumb\"},\"inLanguage\":\"fi\",\"potentialAction\":[{\"@type\":\"ReadAction\",\"target\":[\"https:\/\/kalajaretkeily.fi\/fi\/saankestava-kartta-kansallispuistoon\/\"]}]},{\"@type\":\"BreadcrumbList\",\"@id\":\"https:\/\/kalajaretkeily.fi\/fi\/saankestava-kartta-kansallispuistoon\/#breadcrumb\",\"itemListElement\":[{\"@type\":\"ListItem\",\"position\":1,\"name\":\"Etusivu\",\"item\":\"https:\/\/kalajaretkeily.fi\/fi\/\"},{\"@type\":\"ListItem\",\"position\":2,\"name\":\"S\u00e4\u00e4nkest\u00e4v\u00e4 kartta kansallispuistoon\"}]},{\"@type\":\"WebSite\",\"@id\":\"https:\/\/kalajaretkeily.fi\/fi\/#website\",\"url\":\"https:\/\/kalajaretkeily.fi\/fi\/\",\"name\":\"KalajaRetkeily\",\"description\":\"Kajakin vuokraus\",\"publisher\":{\"@id\":\"https:\/\/kalajaretkeily.fi\/fi\/#organization\"},\"potentialAction\":[{\"@type\":\"SearchAction\",\"target\":{\"@type\":\"EntryPoint\",\"urlTemplate\":\"https:\/\/kalajaretkeily.fi\/fi\/?s={search_term_string}\"},\"query-input\":{\"@type\":\"PropertyValueSpecification\",\"valueRequired\":true,\"valueName\":\"search_term_string\"}}],\"inLanguage\":\"fi\"},{\"@type\":\"Organization\",\"@id\":\"https:\/\/kalajaretkeily.fi\/fi\/#organization\",\"name\":\"KalajaRetkeily\",\"url\":\"https:\/\/kalajaretkeily.fi\/fi\/\",\"logo\":{\"@type\":\"ImageObject\",\"inLanguage\":\"fi\",\"@id\":\"https:\/\/kalajaretkeily.fi\/fi\/#\/schema\/logo\/image\/\",\"url\":\"https:\/\/kalajaretkeily.fi\/fi\/wp-content\/uploads\/2019\/05\/cropped-kalajalogo-1.png\",\"contentUrl\":\"https:\/\/kalajaretkeily.fi\/fi\/wp-content\/uploads\/2019\/05\/cropped-kalajalogo-1.png\",\"width\":241,\"height\":50,\"caption\":\"KalajaRetkeily\"},\"image\":{\"@id\":\"https:\/\/kalajaretkeily.fi\/fi\/#\/schema\/logo\/image\/\"}}]}<\/script>\n<!-- \/ Yoast SEO plugin. -->","yoast_head_json":{"title":"S\u00e4\u00e4nkest\u00e4v\u00e4 kartta kansallispuistoon - KalajaRetkeily","robots":{"index":"index","follow":"follow","max-snippet":"max-snippet:-1","max-image-preview":"max-image-preview:large","max-video-preview":"max-video-preview:-1"},"canonical":"https:\/\/kalajaretkeily.fi\/fi\/saankestava-kartta-kansallispuistoon\/","og_locale":"fi_FI","og_type":"article","og_title":"S\u00e4\u00e4nkest\u00e4v\u00e4 kartta kansallispuistoon - KalajaRetkeily","og_description":"Osta ennen retke\u00e4 itsellesi Karttakeskuksen Etel\u00e4-Konneveden kartta, t\u00e4m\u00e4 on hyv\u00e4 vaihtoehto jos haluat oman kartan itsellesi. T\u00e4m\u00e4 kartta","og_url":"https:\/\/kalajaretkeily.fi\/fi\/saankestava-kartta-kansallispuistoon\/","og_site_name":"KalajaRetkeily","article_modified_time":"2023-06-23T07:26:39+00:00","twitter_card":"summary_large_image","schema":{"@context":"https:\/\/schema.org","@graph":[{"@type":"WebPage","@id":"https:\/\/kalajaretkeily.fi\/fi\/saankestava-kartta-kansallispuistoon\/","url":"https:\/\/kalajaretkeily.fi\/fi\/saankestava-kartta-kansallispuistoon\/","name":"S\u00e4\u00e4nkest\u00e4v\u00e4 kartta kansallispuistoon - KalajaRetkeily","isPartOf":{"@id":"https:\/\/kalajaretkeily.fi\/fi\/#website"},"datePublished":"2022-05-11T05:35:41+00:00","dateModified":"2023-06-23T07:26:39+00:00","breadcrumb":{"@id":"https:\/\/kalajaretkeily.fi\/fi\/saankestava-kartta-kansallispuistoon\/#breadcrumb"},"inLanguage":"fi","potentialAction":[{"@type":"ReadAction","target":["https:\/\/kalajaretkeily.fi\/fi\/saankestava-kartta-kansallispuistoon\/"]}]},{"@type":"BreadcrumbList","@id":"https:\/\/kalajaretkeily.fi\/fi\/saankestava-kartta-kansallispuistoon\/#breadcrumb","itemListElement":[{"@type":"ListItem","position":1,"name":"Etusivu","item":"https:\/\/kalajaretkeily.fi\/fi\/"},{"@type":"ListItem","position":2,"name":"S\u00e4\u00e4nkest\u00e4v\u00e4 kartta kansallispuistoon"}]},{"@type":"WebSite","@id":"https:\/\/kalajaretkeily.fi\/fi\/#website","url":"https:\/\/kalajaretkeily.fi\/fi\/","name":"KalajaRetkeily","description":"Kajakin vuokraus","publisher":{"@id":"https:\/\/kalajaretkeily.fi\/fi\/#organization"},"potentialAction":[{"@type":"SearchAction","target":{"@type":"EntryPoint","urlTemplate":"https:\/\/kalajaretkeily.fi\/fi\/?s={search_term_string}"},"query-input":{"@type":"PropertyValueSpecification","valueRequired":true,"valueName":"search_term_string"}}],"inLanguage":"fi"},{"@type":"Organization","@id":"https:\/\/kalajaretkeily.fi\/fi\/#organization","name":"KalajaRetkeily","url":"https:\/\/kalajaretkeily.fi\/fi\/","logo":{"@type":"ImageObject","inLanguage":"fi","@id":"https:\/\/kalajaretkeily.fi\/fi\/#\/schema\/logo\/image\/","url":"https:\/\/kalajaretkeily.fi\/fi\/wp-content\/uploads\/2019\/05\/cropped-kalajalogo-1.png","contentUrl":"https:\/\/kalajaretkeily.fi\/fi\/wp-content\/uploads\/2019\/05\/cropped-kalajalogo-1.png","width":241,"height":50,"caption":"KalajaRetkeily"},"image":{"@id":"https:\/\/kalajaretkeily.fi\/fi\/#\/schema\/logo\/image\/"}}]}},"_links":{"self":[{"href":"https:\/\/kalajaretkeily.fi\/fi\/wp-json\/wp\/v2\/pages\/2082","targetHints":{"allow":["GET"]}}],"collection":[{"href":"https:\/\/kalajaretkeily.fi\/fi\/wp-json\/wp\/v2\/pages"}],"about":[{"href":"https:\/\/kalajaretkeily.fi\/fi\/wp-json\/wp\/v2\/types\/page"}],"author":[{"embeddable":true,"href":"https:\/\/kalajaretkeily.fi\/fi\/wp-json\/wp\/v2\/users\/1"}],"replies":[{"embeddable":true,"href":"https:\/\/kalajaretkeily.fi\/fi\/wp-json\/wp\/v2\/comments?post=2082"}],"version-history":[{"count":0,"href":"https:\/\/kalajaretkeily.fi\/fi\/wp-json\/wp\/v2\/pages\/2082\/revisions"}],"wp:attachment":[{"href":"https:\/\/kalajaretkeily.fi\/fi\/wp-json\/wp\/v2\/media?parent=2082"}],"curies":[{"name":"wp","href":"https:\/\/api.w.org\/{rel}","templated":true}]}}