{"id":208,"date":"2019-04-29T15:40:26","date_gmt":"2019-04-29T15:40:26","guid":{"rendered":"https:\/\/kalajaretkeily.fi\/fi\/?page_id=208"},"modified":"2023-06-17T20:03:02","modified_gmt":"2023-06-17T20:03:02","slug":"turvallisuus","status":"publish","type":"page","link":"https:\/\/kalajaretkeily.fi\/fi\/turvallisuus\/","title":{"rendered":"Turvallisuus asiat KalajaRetkeilyn toiminnassa."},"content":{"rendered":"\n<h2 class=\"wp-block-heading\" id=\"on-ensiarvoisen-tarkeaa-etta-tutustutte-naihin-turvallisuusohjeisiin-ennakolta-nain-valtatte-vahinkoja-jo-ennalta-ja-varmistatte-itsellenne-mukavan-ja-turvallisen-luontoelamyksen\">On ensiarvoisen t\u00e4rke\u00e4\u00e4, ett\u00e4 tutustutte n\u00e4ihin turvallisuusohjeisiin ja ehtoihin ennakolta. <\/h2>\n\n\n\n<p id=\"on-ensiarvoisen-tarkeaa-etta-tutustutte-naihin-turvallisuusohjeisiin-ennakolta-nain-valtatte-vahinkoja-jo-ennalta-ja-varmistatte-itsellenne-mukavan-ja-turvallisen-luontoelamyksen\">N\u00e4in v\u00e4lt\u00e4tte vahinkoja jo ennalta ja varmistatte itsellenne mukavan ja turvallisen luontoel\u00e4myksen.<\/p>\n\n\n\n<p>Tutustu my\u00f6s <strong><a href=\"https:\/\/kalajaretkeily.fi\/fi\/nama-ehdot-ovat-voimassa-1-1-2022-alkaen\/\" target=\"_blank\" rel=\"noopener\" title=\"palvelun k\u00e4ytt\u00f6-, varaus- ja peruutusehtoihin\">palvelun k\u00e4ytt\u00f6-, varaus- ja peruutusehtoihin<\/a><\/strong>!<\/p>\n\n\n\n<h2 class=\"wp-block-heading\">Turvallisuusohjeet<\/h2>\n\n\n\n<p>Kun olet vuokraamassa kajakkia, kanoottia tai SUP-lautaa lue turvallisuusohjeet ennen vuokraamista sek\u00e4 <strong>ennen kuin l\u00e4hdet vesille.<\/strong><b> <\/b>Niiss\u00e4 on melonnan turvallisuuteen liittyvi\u00e4 ohjeita ja neuvoja, joihin&nbsp;kannattaa perehty\u00e4 aina jos olet vuokraamassa kajakkia, kanoottia tai SUP-lautaa.<\/p>\n\n\n\n<ul class=\"wp-block-list\">\n<li><a style=\"font-weight: bold;\" href=\"https:\/\/kalajaretkeily.fi\/fi\/wp-content\/uploads\/2022\/02\/Melonnan-turvaohjeet-kajakin-vuokraajalle.pdf\" target=\"_blank\" rel=\"noopener\" title=\"https:\/\/kalajaretkeily.fi\/fi\/wp-content\/uploads\/2022\/02\/Melonnan-turvaohjeet-kajakin-vuokraajalle.pdf\">Turvaohje kajakin vuokraajalle<\/a><\/li>\n\n\n\n<li><a href=\"https:\/\/kalajaretkeily.fi\/fi\/wp-content\/uploads\/2022\/02\/Melonnan-turvaohjeet-kanootin-vuokraajalle.pdf\" target=\"_blank\" rel=\"noreferrer noopener\" title=\"https:\/\/kalajaretkeily.fi\/fi\/wp-content\/uploads\/2022\/02\/Melonnan-turvaohjeet-kanootin-vuokraajalle.pdf\"><strong>Turvaohje kanootin vuokraajalle<\/strong><\/a><\/li>\n\n\n\n<li><strong><a href=\"https:\/\/kalajaretkeily.fi\/fi\/wp-content\/uploads\/2023\/02\/Turvaohje-SUP-laudan-vuokraajalle.pdf\" target=\"_blank\" rel=\"noopener\" title=\"Turvaohje SUP-laudan vuokraajalle\">Turvaohje SUP-laudan vuokraajalle<\/a><\/strong><\/li>\n<\/ul>\n\n\n\n<h3 class=\"wp-block-heading\">Melonnan vuokrauksen ehdot:<\/h3>\n\n\n\n<ul class=\"wp-block-list\">\n<li>Vuokraajien t\u00e4ytyy olla t\u00e4ysi-ik\u00e4isi\u00e4 (18 v tai yli). Sit\u00e4 nuoremmat voivat osallistua vain holhoojan kanssa tai h\u00e4nen kirjallisella luvalla.<\/li>\n\n\n\n<li>Kajakkeja, kanootteja ja soutuvenett\u00e4 vuokrataan vain uimataitoisille henkil\u00f6ille. Melonnassa k\u00e4ytet\u00e4\u00e4n melontaliivi\u00e4, joka ei k\u00e4\u00e4nn\u00e4 uimataidottoman henkil\u00f6n kasvoja pois vedest\u00e4.<\/li>\n\n\n\n<li>Vuokraajalla on oltava aikaisempaa kokemusta melonnasta ja vastaavan kaluston k\u00e4yt\u00f6st\u00e4.<\/li>\n<\/ul>\n\n\n\n<p>Suomen melonta- ja soutuliiton <strong><a href=\"https:\/\/melontajasoutuliitto.fi\/melonta\/melonnan-turvallisuus\/melonnan-turvallisuusohje\/\" target=\"_blank\" rel=\"noopener\" title=\"turvallisuusohje\">turvallisuusohje<\/a><\/strong><\/p>\n\n\n\n<h3 class=\"wp-block-heading\"><strong>KalajaRetkeilyn vuokrausehdot<\/strong>:<\/h3>\n\n\n\n<p>T\u00e4st\u00e4 linkist\u00e4 l\u00f6yd\u00e4t vuokrausehdot, k\u00e4yth\u00e4n tutustumassa ennen vuokraamista <strong><a href=\"https:\/\/kalajaretkeily.fi\/fi\/wp-content\/uploads\/2023\/05\/Vuokrausehdot-2023.pdf\" target=\"_blank\" rel=\"noopener\" title=\"\">Vuokrausehdot<\/a><\/strong><\/p>\n\n\n\n<p>KalajaRetkeily \/ Outdoor Adventures Finland:in <strong><a href=\"https:\/\/kalajaretkeily.fi\/fi\/wp-content\/uploads\/2022\/10\/Turvallisuusasiakirja.pdf\" title=\"Turvallisuusasiakirja\">Turvallisuusasiakirja<\/a><\/strong><\/p>\n","protected":false},"excerpt":{"rendered":"<p>On ensiarvoisen t\u00e4rke\u00e4\u00e4, ett\u00e4 tutustutte n\u00e4ihin turvallisuusohjeisiin ja ehtoihin ennakolta. N\u00e4in v\u00e4lt\u00e4tte vahinkoja jo ennalta ja varmistatte itsellenne mukavan ja turvallisen luontoel\u00e4myksen. Tutustu my\u00f6s palvelun k\u00e4ytt\u00f6-, varaus- ja peruutusehtoihin! Turvallisuusohjeet Kun olet vuokraamassa kajakkia, kanoottia tai SUP-lautaa lue turvallisuusohjeet ennen vuokraamista sek\u00e4 ennen kuin l\u00e4hdet vesille. Niiss\u00e4 on melonnan turvallisuuteen liittyvi\u00e4 ohjeita ja neuvoja, joihin&nbsp;kannattaa [&hellip;]<\/p>\n","protected":false},"author":1,"featured_media":0,"parent":0,"menu_order":0,"comment_status":"closed","ping_status":"closed","template":"","meta":{"footnotes":""},"class_list":["post-208","page","type-page","status-publish","hentry"],"yoast_head":"<!-- This site is optimized with the Yoast SEO plugin v27.2 - https:\/\/yoast.com\/product\/yoast-seo-wordpress\/ -->\n<title>Turvallisuus asiat KalajaRetkeilyn toiminnassa. - KalajaRetkeily<\/title>\n<meta name=\"robots\" content=\"index, follow, max-snippet:-1, max-image-preview:large, max-video-preview:-1\" \/>\n<link rel=\"canonical\" href=\"https:\/\/kalajaretkeily.fi\/fi\/turvallisuus\/\" \/>\n<meta property=\"og:locale\" content=\"fi_FI\" \/>\n<meta property=\"og:type\" content=\"article\" \/>\n<meta property=\"og:title\" content=\"Turvallisuus asiat KalajaRetkeilyn toiminnassa. - KalajaRetkeily\" \/>\n<meta property=\"og:description\" content=\"On ensiarvoisen t\u00e4rke\u00e4\u00e4, ett\u00e4 tutustutte n\u00e4ihin turvallisuusohjeisiin ja ehtoihin ennakolta. N\u00e4in v\u00e4lt\u00e4tte vahinkoja jo ennalta ja varmistatte itsellenne mukavan ja turvallisen luontoel\u00e4myksen. Tutustu my\u00f6s palvelun k\u00e4ytt\u00f6-, varaus- ja peruutusehtoihin! Turvallisuusohjeet Kun olet vuokraamassa kajakkia, kanoottia tai SUP-lautaa lue turvallisuusohjeet ennen vuokraamista sek\u00e4 ennen kuin l\u00e4hdet vesille. Niiss\u00e4 on melonnan turvallisuuteen liittyvi\u00e4 ohjeita ja neuvoja, joihin&nbsp;kannattaa [&hellip;]\" \/>\n<meta property=\"og:url\" content=\"https:\/\/kalajaretkeily.fi\/fi\/turvallisuus\/\" \/>\n<meta property=\"og:site_name\" content=\"KalajaRetkeily\" \/>\n<meta property=\"article:modified_time\" content=\"2023-06-17T20:03:02+00:00\" \/>\n<meta name=\"twitter:card\" content=\"summary_large_image\" \/>\n<meta name=\"twitter:label1\" content=\"Arvioitu lukuaika\" \/>\n\t<meta name=\"twitter:data1\" content=\"1 minuutti\" \/>\n<script type=\"application\/ld+json\" class=\"yoast-schema-graph\">{\"@context\":\"https:\/\/schema.org\",\"@graph\":[{\"@type\":\"WebPage\",\"@id\":\"https:\/\/kalajaretkeily.fi\/fi\/turvallisuus\/\",\"url\":\"https:\/\/kalajaretkeily.fi\/fi\/turvallisuus\/\",\"name\":\"Turvallisuus asiat KalajaRetkeilyn toiminnassa. - KalajaRetkeily\",\"isPartOf\":{\"@id\":\"https:\/\/kalajaretkeily.fi\/fi\/#website\"},\"datePublished\":\"2019-04-29T15:40:26+00:00\",\"dateModified\":\"2023-06-17T20:03:02+00:00\",\"breadcrumb\":{\"@id\":\"https:\/\/kalajaretkeily.fi\/fi\/turvallisuus\/#breadcrumb\"},\"inLanguage\":\"fi\",\"potentialAction\":[{\"@type\":\"ReadAction\",\"target\":[\"https:\/\/kalajaretkeily.fi\/fi\/turvallisuus\/\"]}]},{\"@type\":\"BreadcrumbList\",\"@id\":\"https:\/\/kalajaretkeily.fi\/fi\/turvallisuus\/#breadcrumb\",\"itemListElement\":[{\"@type\":\"ListItem\",\"position\":1,\"name\":\"Etusivu\",\"item\":\"https:\/\/kalajaretkeily.fi\/fi\/\"},{\"@type\":\"ListItem\",\"position\":2,\"name\":\"Turvallisuus asiat KalajaRetkeilyn toiminnassa.\"}]},{\"@type\":\"WebSite\",\"@id\":\"https:\/\/kalajaretkeily.fi\/fi\/#website\",\"url\":\"https:\/\/kalajaretkeily.fi\/fi\/\",\"name\":\"KalajaRetkeily\",\"description\":\"Kajakin vuokraus\",\"publisher\":{\"@id\":\"https:\/\/kalajaretkeily.fi\/fi\/#organization\"},\"potentialAction\":[{\"@type\":\"SearchAction\",\"target\":{\"@type\":\"EntryPoint\",\"urlTemplate\":\"https:\/\/kalajaretkeily.fi\/fi\/?s={search_term_string}\"},\"query-input\":{\"@type\":\"PropertyValueSpecification\",\"valueRequired\":true,\"valueName\":\"search_term_string\"}}],\"inLanguage\":\"fi\"},{\"@type\":\"Organization\",\"@id\":\"https:\/\/kalajaretkeily.fi\/fi\/#organization\",\"name\":\"KalajaRetkeily\",\"url\":\"https:\/\/kalajaretkeily.fi\/fi\/\",\"logo\":{\"@type\":\"ImageObject\",\"inLanguage\":\"fi\",\"@id\":\"https:\/\/kalajaretkeily.fi\/fi\/#\/schema\/logo\/image\/\",\"url\":\"https:\/\/kalajaretkeily.fi\/fi\/wp-content\/uploads\/2019\/05\/cropped-kalajalogo-1.png\",\"contentUrl\":\"https:\/\/kalajaretkeily.fi\/fi\/wp-content\/uploads\/2019\/05\/cropped-kalajalogo-1.png\",\"width\":241,\"height\":50,\"caption\":\"KalajaRetkeily\"},\"image\":{\"@id\":\"https:\/\/kalajaretkeily.fi\/fi\/#\/schema\/logo\/image\/\"}}]}<\/script>\n<!-- \/ Yoast SEO plugin. -->","yoast_head_json":{"title":"Turvallisuus asiat KalajaRetkeilyn toiminnassa. - KalajaRetkeily","robots":{"index":"index","follow":"follow","max-snippet":"max-snippet:-1","max-image-preview":"max-image-preview:large","max-video-preview":"max-video-preview:-1"},"canonical":"https:\/\/kalajaretkeily.fi\/fi\/turvallisuus\/","og_locale":"fi_FI","og_type":"article","og_title":"Turvallisuus asiat KalajaRetkeilyn toiminnassa. - KalajaRetkeily","og_description":"On ensiarvoisen t\u00e4rke\u00e4\u00e4, ett\u00e4 tutustutte n\u00e4ihin turvallisuusohjeisiin ja ehtoihin ennakolta. N\u00e4in v\u00e4lt\u00e4tte vahinkoja jo ennalta ja varmistatte itsellenne mukavan ja turvallisen luontoel\u00e4myksen. Tutustu my\u00f6s palvelun k\u00e4ytt\u00f6-, varaus- ja peruutusehtoihin! Turvallisuusohjeet Kun olet vuokraamassa kajakkia, kanoottia tai SUP-lautaa lue turvallisuusohjeet ennen vuokraamista sek\u00e4 ennen kuin l\u00e4hdet vesille. Niiss\u00e4 on melonnan turvallisuuteen liittyvi\u00e4 ohjeita ja neuvoja, joihin&nbsp;kannattaa [&hellip;]","og_url":"https:\/\/kalajaretkeily.fi\/fi\/turvallisuus\/","og_site_name":"KalajaRetkeily","article_modified_time":"2023-06-17T20:03:02+00:00","twitter_card":"summary_large_image","twitter_misc":{"Arvioitu lukuaika":"1 minuutti"},"schema":{"@context":"https:\/\/schema.org","@graph":[{"@type":"WebPage","@id":"https:\/\/kalajaretkeily.fi\/fi\/turvallisuus\/","url":"https:\/\/kalajaretkeily.fi\/fi\/turvallisuus\/","name":"Turvallisuus asiat KalajaRetkeilyn toiminnassa. - KalajaRetkeily","isPartOf":{"@id":"https:\/\/kalajaretkeily.fi\/fi\/#website"},"datePublished":"2019-04-29T15:40:26+00:00","dateModified":"2023-06-17T20:03:02+00:00","breadcrumb":{"@id":"https:\/\/kalajaretkeily.fi\/fi\/turvallisuus\/#breadcrumb"},"inLanguage":"fi","potentialAction":[{"@type":"ReadAction","target":["https:\/\/kalajaretkeily.fi\/fi\/turvallisuus\/"]}]},{"@type":"BreadcrumbList","@id":"https:\/\/kalajaretkeily.fi\/fi\/turvallisuus\/#breadcrumb","itemListElement":[{"@type":"ListItem","position":1,"name":"Etusivu","item":"https:\/\/kalajaretkeily.fi\/fi\/"},{"@type":"ListItem","position":2,"name":"Turvallisuus asiat KalajaRetkeilyn toiminnassa."}]},{"@type":"WebSite","@id":"https:\/\/kalajaretkeily.fi\/fi\/#website","url":"https:\/\/kalajaretkeily.fi\/fi\/","name":"KalajaRetkeily","description":"Kajakin vuokraus","publisher":{"@id":"https:\/\/kalajaretkeily.fi\/fi\/#organization"},"potentialAction":[{"@type":"SearchAction","target":{"@type":"EntryPoint","urlTemplate":"https:\/\/kalajaretkeily.fi\/fi\/?s={search_term_string}"},"query-input":{"@type":"PropertyValueSpecification","valueRequired":true,"valueName":"search_term_string"}}],"inLanguage":"fi"},{"@type":"Organization","@id":"https:\/\/kalajaretkeily.fi\/fi\/#organization","name":"KalajaRetkeily","url":"https:\/\/kalajaretkeily.fi\/fi\/","logo":{"@type":"ImageObject","inLanguage":"fi","@id":"https:\/\/kalajaretkeily.fi\/fi\/#\/schema\/logo\/image\/","url":"https:\/\/kalajaretkeily.fi\/fi\/wp-content\/uploads\/2019\/05\/cropped-kalajalogo-1.png","contentUrl":"https:\/\/kalajaretkeily.fi\/fi\/wp-content\/uploads\/2019\/05\/cropped-kalajalogo-1.png","width":241,"height":50,"caption":"KalajaRetkeily"},"image":{"@id":"https:\/\/kalajaretkeily.fi\/fi\/#\/schema\/logo\/image\/"}}]}},"_links":{"self":[{"href":"https:\/\/kalajaretkeily.fi\/fi\/wp-json\/wp\/v2\/pages\/208","targetHints":{"allow":["GET"]}}],"collection":[{"href":"https:\/\/kalajaretkeily.fi\/fi\/wp-json\/wp\/v2\/pages"}],"about":[{"href":"https:\/\/kalajaretkeily.fi\/fi\/wp-json\/wp\/v2\/types\/page"}],"author":[{"embeddable":true,"href":"https:\/\/kalajaretkeily.fi\/fi\/wp-json\/wp\/v2\/users\/1"}],"replies":[{"embeddable":true,"href":"https:\/\/kalajaretkeily.fi\/fi\/wp-json\/wp\/v2\/comments?post=208"}],"version-history":[{"count":0,"href":"https:\/\/kalajaretkeily.fi\/fi\/wp-json\/wp\/v2\/pages\/208\/revisions"}],"wp:attachment":[{"href":"https:\/\/kalajaretkeily.fi\/fi\/wp-json\/wp\/v2\/media?parent=208"}],"curies":[{"name":"wp","href":"https:\/\/api.w.org\/{rel}","templated":true}]}}