{"id":2079,"date":"2022-05-11T05:30:26","date_gmt":"2022-05-11T05:30:26","guid":{"rendered":"https:\/\/kalajaretkeily.fi\/fi\/?page_id=2079"},"modified":"2022-06-02T05:38:40","modified_gmt":"2022-06-02T05:38:40","slug":"majoitus-kahvilat-ravintolat-tekemista-ja-nakemista-seka-taksit","status":"publish","type":"page","link":"https:\/\/kalajaretkeily.fi\/fi\/majoitus-kahvilat-ravintolat-tekemista-ja-nakemista-seka-taksit\/","title":{"rendered":"Majoitus, kahvilat, ravintolat"},"content":{"rendered":"\n<h3 class=\"wp-block-heading\"><a href=\"https:\/\/www.tormala.fi\/home\/\" target=\"_blank\" rel=\"noreferrer noopener\"><mark>T\u00f6rm\u00e4l\u00e4n Loma ja Kurssikeskus<\/mark><\/a><\/h3>\n\n\n\n<ul class=\"wp-block-list\"><li>Kansallispuiston portti ja opastuskeskus Rautalammilla kansallispuiston maaosaan Kalajanvuorelle ja Kolmen vuoren vaellusreitille. Majoitusta, ruokaa ja tekemist\u00e4.<\/li><\/ul>\n\n\n\n<h3 class=\"wp-block-heading\"><a href=\"https:\/\/kurkiniemi.com\/\" target=\"_blank\" rel=\"noreferrer noopener\"><mark>Kurkiniemi<\/mark><\/a><\/h3>\n\n\n\n<ul class=\"wp-block-list\"><li>Vuokrattavia lomahuviloita kansallispuiston pohjoisrannalla Kurkiniemess\u00e4.<\/li><\/ul>\n\n\n\n<h3 class=\"wp-block-heading\"><a href=\"http:\/\/ravintolahetki.fi\/\" target=\"_blank\" rel=\"noreferrer noopener\"><mark>Ravintola Hetki<\/mark><\/a><\/h3>\n\n\n\n<ul class=\"wp-block-list\"><li>Lounasta, pitopalvelua ja retkiev\u00e4it\u00e4 Rautalammin keskustassa.<\/li><\/ul>\n\n\n\n<h3 class=\"wp-block-heading\"><a href=\"http:\/\/www.hayrylanranta.com\/\" target=\"_blank\" rel=\"noreferrer noopener\"><mark>H\u00e4yryl\u00e4nranta<\/mark><\/a><\/h3>\n\n\n\n<ul class=\"wp-block-list\"><li>Kansallispuiston portti Konneveden puolella. Venesatama, lounaspaikka, karavaanarialue, uimaranta ja my\u00f6s suosittu laivaristeilyjen l\u00e4ht\u00f6paikka.<\/li><\/ul>\n\n\n\n<h3 class=\"wp-block-heading\"><a href=\"https:\/\/visitkonnevesi.fi\/\" target=\"_blank\" rel=\"noreferrer noopener\"><mark>Tekemist\u00e4 Konnevedell\u00e4 ja kansallispuistossa<\/mark><\/a><\/h3>\n\n\n\n<ul class=\"wp-block-list\"><li>Visit Konnevesi -sivustolta l\u00f6yd\u00e4t kootusti palvelut Konneveden kunnan ja Etel\u00e4-Konneveden kansallispuiston alueelta.<\/li><\/ul>\n\n\n\n<h3 class=\"wp-block-heading\"><a href=\"https:\/\/www.rautalampi.fi\/koe-ja-nae\/\" target=\"_blank\" rel=\"noreferrer noopener\"><mark>Tekemist\u00e4 Rautalammilla ja kansallispuistossa<\/mark><\/a><\/h3>\n\n\n\n<ul class=\"wp-block-list\"><li>Rautalammin kunnan sivuilta l\u00f6yd\u00e4t Rautalammin kunnan alueella olevat palvelut.<\/li><\/ul>\n\n\n\n<h3 class=\"wp-block-heading\"><a href=\"https:\/\/rautalamminmuseo.fi\/\" target=\"_blank\" rel=\"noreferrer noopener\"><mark>Rautalammin Museo<\/mark><\/a><\/h3>\n\n\n\n<ul class=\"wp-block-list\"><li>Vuonna 1938 perustettu kulttuurihistoriallinen paikallismuseo, joka sijaitsee kirkonkyl\u00e4n p\u00e4\u00e4raitin varrella. Kolmikerroksisen, komean museorakennuksen on suunnitellut arkkitehti Toivo Anttila<a href=\"http:\/\/wp2018.rautalamminmuseo.fi\/museon-tarina\/\">.<\/a><\/li><\/ul>\n\n\n\n<h3 class=\"wp-block-heading\"><a href=\"https:\/\/www.rautalamminratsastuskeskus.fi\/\" target=\"_blank\" rel=\"noreferrer noopener\"><mark>Rautalammin Ratsastuskeskus<\/mark><\/a><\/h3>\n\n\n\n<ul class=\"wp-block-list\"><li>Ratsastuskoulu ja hevostoimintaa.<\/li><\/ul>\n\n\n\n<h3 class=\"wp-block-heading\"><a href=\"http:\/\/www.sisasavontilataksi.fi\/\" target=\"_blank\" rel=\"noreferrer noopener\"><mark>Sis\u00e4-Savon Tilataksi Oy<\/mark><\/a>,&nbsp;<a href=\"https:\/\/www.savolux.fi\/\" target=\"_blank\" rel=\"noreferrer noopener\"><mark>Savolux Ky<\/mark><\/a><\/h3>\n\n\n\n<ul class=\"wp-block-list\"><li>Taksipalveluja.<\/li><\/ul>\n","protected":false},"excerpt":{"rendered":"<p>T\u00f6rm\u00e4l\u00e4n Loma ja Kurssikeskus Kansallispuiston portti ja opastuskeskus Rautalammilla kansallispuiston maaosaan Kalajanvuorelle ja Kolmen vuoren vaellusreitille. Majoitusta, ruokaa ja tekemist\u00e4. Kurkiniemi Vuokrattavia lomahuviloita kansallispuiston pohjoisrannalla Kurkiniemess\u00e4. Ravintola Hetki Lounasta, pitopalvelua ja retkiev\u00e4it\u00e4 Rautalammin keskustassa. H\u00e4yryl\u00e4nranta Kansallispuiston portti Konneveden puolella. Venesatama, lounaspaikka, karavaanarialue, uimaranta ja my\u00f6s suosittu laivaristeilyjen l\u00e4ht\u00f6paikka. Tekemist\u00e4 Konnevedell\u00e4 ja kansallispuistossa Visit Konnevesi -sivustolta [&hellip;]<\/p>\n","protected":false},"author":1,"featured_media":0,"parent":0,"menu_order":0,"comment_status":"closed","ping_status":"closed","template":"","meta":{"footnotes":""},"class_list":["post-2079","page","type-page","status-publish","hentry"],"yoast_head":"<!-- This site is optimized with the Yoast SEO plugin v27.2 - https:\/\/yoast.com\/product\/yoast-seo-wordpress\/ -->\n<title>Majoitus, kahvilat, ravintolat - KalajaRetkeily<\/title>\n<meta name=\"robots\" content=\"index, follow, max-snippet:-1, max-image-preview:large, max-video-preview:-1\" \/>\n<link rel=\"canonical\" href=\"https:\/\/kalajaretkeily.fi\/fi\/majoitus-kahvilat-ravintolat-tekemista-ja-nakemista-seka-taksit\/\" \/>\n<meta property=\"og:locale\" content=\"fi_FI\" \/>\n<meta property=\"og:type\" content=\"article\" \/>\n<meta property=\"og:title\" content=\"Majoitus, kahvilat, ravintolat - KalajaRetkeily\" \/>\n<meta property=\"og:description\" content=\"T\u00f6rm\u00e4l\u00e4n Loma ja Kurssikeskus Kansallispuiston portti ja opastuskeskus Rautalammilla kansallispuiston maaosaan Kalajanvuorelle ja Kolmen vuoren vaellusreitille. Majoitusta, ruokaa ja tekemist\u00e4. Kurkiniemi Vuokrattavia lomahuviloita kansallispuiston pohjoisrannalla Kurkiniemess\u00e4. Ravintola Hetki Lounasta, pitopalvelua ja retkiev\u00e4it\u00e4 Rautalammin keskustassa. H\u00e4yryl\u00e4nranta Kansallispuiston portti Konneveden puolella. Venesatama, lounaspaikka, karavaanarialue, uimaranta ja my\u00f6s suosittu laivaristeilyjen l\u00e4ht\u00f6paikka. Tekemist\u00e4 Konnevedell\u00e4 ja kansallispuistossa Visit Konnevesi -sivustolta [&hellip;]\" \/>\n<meta property=\"og:url\" content=\"https:\/\/kalajaretkeily.fi\/fi\/majoitus-kahvilat-ravintolat-tekemista-ja-nakemista-seka-taksit\/\" \/>\n<meta property=\"og:site_name\" content=\"KalajaRetkeily\" \/>\n<meta property=\"article:modified_time\" content=\"2022-06-02T05:38:40+00:00\" \/>\n<meta name=\"twitter:card\" content=\"summary_large_image\" \/>\n<meta name=\"twitter:label1\" content=\"Arvioitu lukuaika\" \/>\n\t<meta name=\"twitter:data1\" content=\"1 minuutti\" \/>\n<script type=\"application\/ld+json\" class=\"yoast-schema-graph\">{\"@context\":\"https:\/\/schema.org\",\"@graph\":[{\"@type\":\"WebPage\",\"@id\":\"https:\/\/kalajaretkeily.fi\/fi\/majoitus-kahvilat-ravintolat-tekemista-ja-nakemista-seka-taksit\/\",\"url\":\"https:\/\/kalajaretkeily.fi\/fi\/majoitus-kahvilat-ravintolat-tekemista-ja-nakemista-seka-taksit\/\",\"name\":\"Majoitus, kahvilat, ravintolat - KalajaRetkeily\",\"isPartOf\":{\"@id\":\"https:\/\/kalajaretkeily.fi\/fi\/#website\"},\"datePublished\":\"2022-05-11T05:30:26+00:00\",\"dateModified\":\"2022-06-02T05:38:40+00:00\",\"breadcrumb\":{\"@id\":\"https:\/\/kalajaretkeily.fi\/fi\/majoitus-kahvilat-ravintolat-tekemista-ja-nakemista-seka-taksit\/#breadcrumb\"},\"inLanguage\":\"fi\",\"potentialAction\":[{\"@type\":\"ReadAction\",\"target\":[\"https:\/\/kalajaretkeily.fi\/fi\/majoitus-kahvilat-ravintolat-tekemista-ja-nakemista-seka-taksit\/\"]}]},{\"@type\":\"BreadcrumbList\",\"@id\":\"https:\/\/kalajaretkeily.fi\/fi\/majoitus-kahvilat-ravintolat-tekemista-ja-nakemista-seka-taksit\/#breadcrumb\",\"itemListElement\":[{\"@type\":\"ListItem\",\"position\":1,\"name\":\"Etusivu\",\"item\":\"https:\/\/kalajaretkeily.fi\/fi\/\"},{\"@type\":\"ListItem\",\"position\":2,\"name\":\"Majoitus, kahvilat, ravintolat\"}]},{\"@type\":\"WebSite\",\"@id\":\"https:\/\/kalajaretkeily.fi\/fi\/#website\",\"url\":\"https:\/\/kalajaretkeily.fi\/fi\/\",\"name\":\"KalajaRetkeily\",\"description\":\"Kajakin vuokraus\",\"publisher\":{\"@id\":\"https:\/\/kalajaretkeily.fi\/fi\/#organization\"},\"potentialAction\":[{\"@type\":\"SearchAction\",\"target\":{\"@type\":\"EntryPoint\",\"urlTemplate\":\"https:\/\/kalajaretkeily.fi\/fi\/?s={search_term_string}\"},\"query-input\":{\"@type\":\"PropertyValueSpecification\",\"valueRequired\":true,\"valueName\":\"search_term_string\"}}],\"inLanguage\":\"fi\"},{\"@type\":\"Organization\",\"@id\":\"https:\/\/kalajaretkeily.fi\/fi\/#organization\",\"name\":\"KalajaRetkeily\",\"url\":\"https:\/\/kalajaretkeily.fi\/fi\/\",\"logo\":{\"@type\":\"ImageObject\",\"inLanguage\":\"fi\",\"@id\":\"https:\/\/kalajaretkeily.fi\/fi\/#\/schema\/logo\/image\/\",\"url\":\"https:\/\/kalajaretkeily.fi\/fi\/wp-content\/uploads\/2019\/05\/cropped-kalajalogo-1.png\",\"contentUrl\":\"https:\/\/kalajaretkeily.fi\/fi\/wp-content\/uploads\/2019\/05\/cropped-kalajalogo-1.png\",\"width\":241,\"height\":50,\"caption\":\"KalajaRetkeily\"},\"image\":{\"@id\":\"https:\/\/kalajaretkeily.fi\/fi\/#\/schema\/logo\/image\/\"}}]}<\/script>\n<!-- \/ Yoast SEO plugin. -->","yoast_head_json":{"title":"Majoitus, kahvilat, ravintolat - KalajaRetkeily","robots":{"index":"index","follow":"follow","max-snippet":"max-snippet:-1","max-image-preview":"max-image-preview:large","max-video-preview":"max-video-preview:-1"},"canonical":"https:\/\/kalajaretkeily.fi\/fi\/majoitus-kahvilat-ravintolat-tekemista-ja-nakemista-seka-taksit\/","og_locale":"fi_FI","og_type":"article","og_title":"Majoitus, kahvilat, ravintolat - KalajaRetkeily","og_description":"T\u00f6rm\u00e4l\u00e4n Loma ja Kurssikeskus Kansallispuiston portti ja opastuskeskus Rautalammilla kansallispuiston maaosaan Kalajanvuorelle ja Kolmen vuoren vaellusreitille. Majoitusta, ruokaa ja tekemist\u00e4. Kurkiniemi Vuokrattavia lomahuviloita kansallispuiston pohjoisrannalla Kurkiniemess\u00e4. Ravintola Hetki Lounasta, pitopalvelua ja retkiev\u00e4it\u00e4 Rautalammin keskustassa. H\u00e4yryl\u00e4nranta Kansallispuiston portti Konneveden puolella. Venesatama, lounaspaikka, karavaanarialue, uimaranta ja my\u00f6s suosittu laivaristeilyjen l\u00e4ht\u00f6paikka. Tekemist\u00e4 Konnevedell\u00e4 ja kansallispuistossa Visit Konnevesi -sivustolta [&hellip;]","og_url":"https:\/\/kalajaretkeily.fi\/fi\/majoitus-kahvilat-ravintolat-tekemista-ja-nakemista-seka-taksit\/","og_site_name":"KalajaRetkeily","article_modified_time":"2022-06-02T05:38:40+00:00","twitter_card":"summary_large_image","twitter_misc":{"Arvioitu lukuaika":"1 minuutti"},"schema":{"@context":"https:\/\/schema.org","@graph":[{"@type":"WebPage","@id":"https:\/\/kalajaretkeily.fi\/fi\/majoitus-kahvilat-ravintolat-tekemista-ja-nakemista-seka-taksit\/","url":"https:\/\/kalajaretkeily.fi\/fi\/majoitus-kahvilat-ravintolat-tekemista-ja-nakemista-seka-taksit\/","name":"Majoitus, kahvilat, ravintolat - KalajaRetkeily","isPartOf":{"@id":"https:\/\/kalajaretkeily.fi\/fi\/#website"},"datePublished":"2022-05-11T05:30:26+00:00","dateModified":"2022-06-02T05:38:40+00:00","breadcrumb":{"@id":"https:\/\/kalajaretkeily.fi\/fi\/majoitus-kahvilat-ravintolat-tekemista-ja-nakemista-seka-taksit\/#breadcrumb"},"inLanguage":"fi","potentialAction":[{"@type":"ReadAction","target":["https:\/\/kalajaretkeily.fi\/fi\/majoitus-kahvilat-ravintolat-tekemista-ja-nakemista-seka-taksit\/"]}]},{"@type":"BreadcrumbList","@id":"https:\/\/kalajaretkeily.fi\/fi\/majoitus-kahvilat-ravintolat-tekemista-ja-nakemista-seka-taksit\/#breadcrumb","itemListElement":[{"@type":"ListItem","position":1,"name":"Etusivu","item":"https:\/\/kalajaretkeily.fi\/fi\/"},{"@type":"ListItem","position":2,"name":"Majoitus, kahvilat, ravintolat"}]},{"@type":"WebSite","@id":"https:\/\/kalajaretkeily.fi\/fi\/#website","url":"https:\/\/kalajaretkeily.fi\/fi\/","name":"KalajaRetkeily","description":"Kajakin vuokraus","publisher":{"@id":"https:\/\/kalajaretkeily.fi\/fi\/#organization"},"potentialAction":[{"@type":"SearchAction","target":{"@type":"EntryPoint","urlTemplate":"https:\/\/kalajaretkeily.fi\/fi\/?s={search_term_string}"},"query-input":{"@type":"PropertyValueSpecification","valueRequired":true,"valueName":"search_term_string"}}],"inLanguage":"fi"},{"@type":"Organization","@id":"https:\/\/kalajaretkeily.fi\/fi\/#organization","name":"KalajaRetkeily","url":"https:\/\/kalajaretkeily.fi\/fi\/","logo":{"@type":"ImageObject","inLanguage":"fi","@id":"https:\/\/kalajaretkeily.fi\/fi\/#\/schema\/logo\/image\/","url":"https:\/\/kalajaretkeily.fi\/fi\/wp-content\/uploads\/2019\/05\/cropped-kalajalogo-1.png","contentUrl":"https:\/\/kalajaretkeily.fi\/fi\/wp-content\/uploads\/2019\/05\/cropped-kalajalogo-1.png","width":241,"height":50,"caption":"KalajaRetkeily"},"image":{"@id":"https:\/\/kalajaretkeily.fi\/fi\/#\/schema\/logo\/image\/"}}]}},"_links":{"self":[{"href":"https:\/\/kalajaretkeily.fi\/fi\/wp-json\/wp\/v2\/pages\/2079","targetHints":{"allow":["GET"]}}],"collection":[{"href":"https:\/\/kalajaretkeily.fi\/fi\/wp-json\/wp\/v2\/pages"}],"about":[{"href":"https:\/\/kalajaretkeily.fi\/fi\/wp-json\/wp\/v2\/types\/page"}],"author":[{"embeddable":true,"href":"https:\/\/kalajaretkeily.fi\/fi\/wp-json\/wp\/v2\/users\/1"}],"replies":[{"embeddable":true,"href":"https:\/\/kalajaretkeily.fi\/fi\/wp-json\/wp\/v2\/comments?post=2079"}],"version-history":[{"count":0,"href":"https:\/\/kalajaretkeily.fi\/fi\/wp-json\/wp\/v2\/pages\/2079\/revisions"}],"wp:attachment":[{"href":"https:\/\/kalajaretkeily.fi\/fi\/wp-json\/wp\/v2\/media?parent=2079"}],"curies":[{"name":"wp","href":"https:\/\/api.w.org\/{rel}","templated":true}]}}