{"id":187,"date":"2019-04-29T15:18:55","date_gmt":"2019-04-29T15:18:55","guid":{"rendered":"https:\/\/kalajaretkeily.fi\/fi\/?page_id=187"},"modified":"2023-01-31T06:45:45","modified_gmt":"2023-01-31T06:45:45","slug":"patikkaretki-kalajanvuorelle","status":"publish","type":"page","link":"https:\/\/kalajaretkeily.fi\/fi\/muut-palvelut\/patikkaretki-kalajanvuorelle\/","title":{"rendered":"Lumikenk\u00e4retki, Kalajanvuorelle ja j\u00e4reiden haapojen jylhiin maisemiin"},"content":{"rendered":"\n<figure class=\"wp-block-image size-large\"><img fetchpriority=\"high\" decoding=\"async\" width=\"1024\" height=\"576\" src=\"https:\/\/kalajaretkeily.fi\/fi\/wp-content\/uploads\/2023\/01\/Lumikenka-retkella-2-edited-1024x576.jpg\" alt=\"\" class=\"wp-image-3646\" srcset=\"https:\/\/kalajaretkeily.fi\/fi\/wp-content\/uploads\/2023\/01\/Lumikenka-retkella-2-edited-1024x576.jpg 1024w, https:\/\/kalajaretkeily.fi\/fi\/wp-content\/uploads\/2023\/01\/Lumikenka-retkella-2-edited-300x169.jpg 300w, https:\/\/kalajaretkeily.fi\/fi\/wp-content\/uploads\/2023\/01\/Lumikenka-retkella-2-edited-768x432.jpg 768w, https:\/\/kalajaretkeily.fi\/fi\/wp-content\/uploads\/2023\/01\/Lumikenka-retkella-2-edited-1536x864.jpg 1536w, https:\/\/kalajaretkeily.fi\/fi\/wp-content\/uploads\/2023\/01\/Lumikenka-retkella-2-edited-2048x1152.jpg 2048w, https:\/\/kalajaretkeily.fi\/fi\/wp-content\/uploads\/2023\/01\/Lumikenka-retkella-2-edited-24x14.jpg 24w, https:\/\/kalajaretkeily.fi\/fi\/wp-content\/uploads\/2023\/01\/Lumikenka-retkella-2-edited-36x20.jpg 36w, https:\/\/kalajaretkeily.fi\/fi\/wp-content\/uploads\/2023\/01\/Lumikenka-retkella-2-edited-48x27.jpg 48w\" sizes=\"(max-width: 1024px) 100vw, 1024px\" \/><\/figure>\n\n\n\n<h2 class=\"wp-block-heading\">L\u00e4hde kanssamme valloittamaan kansallispuiston korkein kohta, 77 metri\u00e4 viereisen Vuori-Kalajan lammen yl\u00e4puolelle nouseva Kalajanvuoren huippu. <\/h2>\n\n\n\n<h3 class=\"wp-block-heading\">Kansallispuiston jylh\u00e4t maisemat j\u00e4\u00e4v\u00e4t retkeilij\u00f6iden mieleen. Retkell\u00e4 kurkistetaan mahtavalta  jyrk\u00e4nteelt\u00e4, ihastellaan Kalajanvuoren laelta Etel\u00e4-Konneveden kansallispuiston maisemia ja luonnon pieni\u00e4 ihmeit\u00e4 sek\u00e4 herkutellaan nokipannukahvia retkiev\u00e4ill\u00e4.<\/h3>\n\n\n\n<figure class=\"wp-block-image size-large\"><img decoding=\"async\" width=\"1024\" height=\"576\" src=\"https:\/\/kalajaretkeily.fi\/fi\/wp-content\/uploads\/2022\/09\/Syksykuvia-2-edited-1024x576.jpg\" alt=\"\" class=\"wp-image-2870\" srcset=\"https:\/\/kalajaretkeily.fi\/fi\/wp-content\/uploads\/2022\/09\/Syksykuvia-2-edited-1024x576.jpg 1024w, https:\/\/kalajaretkeily.fi\/fi\/wp-content\/uploads\/2022\/09\/Syksykuvia-2-edited-300x169.jpg 300w, https:\/\/kalajaretkeily.fi\/fi\/wp-content\/uploads\/2022\/09\/Syksykuvia-2-edited-768x432.jpg 768w, https:\/\/kalajaretkeily.fi\/fi\/wp-content\/uploads\/2022\/09\/Syksykuvia-2-edited-1536x864.jpg 1536w, https:\/\/kalajaretkeily.fi\/fi\/wp-content\/uploads\/2022\/09\/Syksykuvia-2-edited-2048x1152.jpg 2048w, https:\/\/kalajaretkeily.fi\/fi\/wp-content\/uploads\/2022\/09\/Syksykuvia-2-edited-24x14.jpg 24w, https:\/\/kalajaretkeily.fi\/fi\/wp-content\/uploads\/2022\/09\/Syksykuvia-2-edited-36x20.jpg 36w, https:\/\/kalajaretkeily.fi\/fi\/wp-content\/uploads\/2022\/09\/Syksykuvia-2-edited-48x27.jpg 48w\" sizes=\"(max-width: 1024px) 100vw, 1024px\" \/><figcaption class=\"wp-element-caption\">Kalajavuoren p\u00e4\u00e4lt\u00e4.<\/figcaption><\/figure>\n\n\n\n<p><strong>Etel\u00e4-Konneveden kansallispuistossa el\u00e4\u00e4 eritt\u00e4in merkitt\u00e4v\u00e4 haapoihin sidoksissa oleva lajisto. Rinteiden suojissa on s\u00e4ilynyt vanhoja luonnonmetsi\u00e4, joiden valtavat, kaarnarunkoiset haavat tarjoavat elintilaa monille uhanalaisille lajeille. Haapa on Suomessa mets\u00e4n avainlaji, jolla el\u00e4\u00e4 hyvin monilajinen hy\u00f6nteisten, j\u00e4k\u00e4lien ja k\u00e4\u00e4pien yhteis\u00f6.&nbsp; Monimuotoisuuden kannalta erityisen arvokkaita ovat vanhat, lahoavat ja ontot haavat. <a href=\"https:\/\/www.luontoon.fi\/etela-konnevesi\/luontojahistoria\" target=\"_blank\" rel=\"noopener\" title=\"Lue lis\u00e4\u00e4.\">Lue lis\u00e4\u00e4.<\/a><\/strong><\/p>\n\n\n\n<h2 class=\"wp-block-heading\">Vaatimukset osallistujille:  <\/h2>\n\n\n\n<p>Osallistujilla on oltava s\u00e4\u00e4h\u00e4n sopiva vaatetus, tukevat maastoon sopivat jalkineet ja oma juomapullo sek\u00e4 p\u00e4iv\u00e4reppu. Kalajan parkkipaikalta Kalajan laavulle ja Vuori-kalajan lammen rantaa kiert\u00e4v\u00e4 polku ovat helppoja ja soveltuvat kaikille. Reitti  Kalajanvuoren ymp\u00e4ri sis\u00e4lt\u00e4\u00e4 jyrkki\u00e4 nousuja ja laskuja, joten se vaatii hieman itsens\u00e4 haastamista, terveet jalat ja normaalin kunnon. Lue lis\u00e4\u00e4 Kalajan kierroksesta <strong><a href=\"https:\/\/www.luontoon.fi\/etela-konnevesi\/reitit\" target=\"_blank\" rel=\"noopener\" title=\"\">Etel\u00e4-Konneveden kansallispuiston sivuilta.<\/a><\/strong>  <\/p>\n\n\n\n<h2 class=\"wp-block-heading\">Retkikuvaus: <\/h2>\n\n\n\n<p>Retkemme alkaa Kalajan parkkipaikalta, josta k\u00e4velemme oppaan kanssa 900 m polkua pitkin Kalajan kodalle.<br>Kalajan laavulla pid\u00e4mme pienen tauon, jonka j\u00e4lkeen l\u00e4hdemme kipuamaan Kalajanvuoren huipulle. Kalajanvuorelle noustessa hy\u00f6dynnet\u00e4\u00e4n uusia juuri rakennettuja portaita, pys\u00e4hdyt\u00e4\u00e4n muutaman kerran tasaamaan hengityst\u00e4 ja ihastelemaan Kitulammelle avautuvia maisemia.  Kalajanvuorelta avautuu huimaavat maisemat Etel\u00e4-Konnevesi -j\u00e4rvelle kansallispuistoon ja toiselta puolelta alas Kalajanvuoren jyrk\u00e4nteelt\u00e4. Paluumatkalla rannalla kuunnellaan j\u00e4ttil\u00e4ishaapojen havinaa ja pys\u00e4hdyt\u00e4\u00e4n vanhan k\u00e4mp\u00e4n pihapiiriin, jossa kuullaan Karjalasta sodan jaloista evakkona Rautalammille tulleen Tarasoffin tarina. M\u00f6kin ymp\u00e4rist\u00f6ss\u00e4 lent\u00e4\u00e4 usein my\u00f6s korppeja. Palatessa Kalajan laavulle nautitaan nuotiolla keitetty\u00e4 nokipannukahvia sek\u00e4 retkiev\u00e4it\u00e4.<\/p>\n\n\n\n<h2 class=\"wp-block-heading\">Kesto<\/h2>\n\n\n\n<p>Noin 4 h ja matkaa tulee 5 km.<\/p>\n\n\n\n<h2 class=\"wp-block-heading\">Saapuminen<\/h2>\n\n\n\n<p>Kalajan parkkipaikka, T\u00f6rm\u00e4l\u00e4n mets\u00e4tie 136 Rautalampi.  Ajo-ohjeet parkkipaikalle  <strong><a aria-label=\"Google Maps (avautuu uudessa v\u00e4lilehdess\u00e4)\" href=\"https:\/\/www.google.fi\/maps\/place\/Etel%C3%A4-Konneveden+Kansallispuisto\/@62.5913006,26.7059762,17z\/data=!3m1!4b1!4m5!3m4!1s0x4684e360fbb8de4b:0x19872ee9ce981e7!8m2!3d62.5912981!4d26.7081649\" target=\"_blank\" rel=\"noreferrer noopener\">Google Maps<\/a><\/strong>.<\/p>\n\n\n\n<h2 class=\"wp-block-heading\">Hinta<\/h2>\n\n\n\n<p><strong>Hinta 39\u20ac\/henkil\u00f6<\/strong>, sis\u00e4lt\u00e4\u00e4 verot, ohjaajan palvelut, Lumikeng\u00e4t ja sauvat lainaan, k\u00e4ytt\u00f6- ja lupamaksut, nokipannukahvit. Minimiveloitus 156 euroa, joka sis\u00e4lt\u00e4\u00e4 1-4 osallistujaa.<\/p>\n\n\n\n<h2 class=\"wp-block-heading\">Varaaminen <\/h2>\n\n\n\n<p>Retki on saatavilla ymp\u00e4ri vuoden, paksun lumen aikaan toteutamme sen lumikenk\u00e4retken\u00e4.  Varaukset  puhelimitse 0405268562 tai s\u00e4hk\u00f6postilla: <a aria-label=\" (avautuu uudessa v\u00e4lilehdess\u00e4)\" href=\"info@kalajaretkeily.fi\" target=\"_blank\" rel=\"noreferrer noopener\"><strong>info@kalajaretkeily.fi<\/strong><\/a><\/p>\n","protected":false},"excerpt":{"rendered":"<p>L\u00e4hde kanssamme valloittamaan kansallispuiston korkein kohta, 77 metri\u00e4 viereisen Vuori-Kalajan lammen yl\u00e4puolelle nouseva Kalajanvuoren huippu. Kansallispuiston jylh\u00e4t maisemat j\u00e4\u00e4v\u00e4t retkeilij\u00f6iden mieleen. Retkell\u00e4 kurkistetaan mahtavalta jyrk\u00e4nteelt\u00e4, ihastellaan Kalajanvuoren laelta Etel\u00e4-Konneveden kansallispuiston maisemia ja luonnon pieni\u00e4 ihmeit\u00e4 sek\u00e4 herkutellaan nokipannukahvia retkiev\u00e4ill\u00e4. Etel\u00e4-Konneveden kansallispuistossa el\u00e4\u00e4 eritt\u00e4in merkitt\u00e4v\u00e4 haapoihin sidoksissa oleva lajisto. Rinteiden suojissa on s\u00e4ilynyt vanhoja luonnonmetsi\u00e4, joiden [&hellip;]<\/p>\n","protected":false},"author":1,"featured_media":195,"parent":129,"menu_order":0,"comment_status":"closed","ping_status":"closed","template":"","meta":{"footnotes":""},"class_list":["post-187","page","type-page","status-publish","has-post-thumbnail","hentry"],"yoast_head":"<!-- This site is optimized with the Yoast SEO plugin v27.2 - https:\/\/yoast.com\/product\/yoast-seo-wordpress\/ -->\n<title>Lumikenk\u00e4retki, Kalajanvuorelle ja j\u00e4reiden haapojen jylhiin maisemiin - KalajaRetkeily<\/title>\n<meta name=\"robots\" content=\"index, follow, max-snippet:-1, max-image-preview:large, max-video-preview:-1\" \/>\n<link rel=\"canonical\" href=\"https:\/\/kalajaretkeily.fi\/fi\/muut-palvelut\/patikkaretki-kalajanvuorelle\/\" \/>\n<meta property=\"og:locale\" content=\"fi_FI\" \/>\n<meta property=\"og:type\" content=\"article\" \/>\n<meta property=\"og:title\" content=\"Lumikenk\u00e4retki, Kalajanvuorelle ja j\u00e4reiden haapojen jylhiin maisemiin - KalajaRetkeily\" \/>\n<meta property=\"og:description\" content=\"L\u00e4hde kanssamme valloittamaan kansallispuiston korkein kohta, 77 metri\u00e4 viereisen Vuori-Kalajan lammen yl\u00e4puolelle nouseva Kalajanvuoren huippu. Kansallispuiston jylh\u00e4t maisemat j\u00e4\u00e4v\u00e4t retkeilij\u00f6iden mieleen. Retkell\u00e4 kurkistetaan mahtavalta jyrk\u00e4nteelt\u00e4, ihastellaan Kalajanvuoren laelta Etel\u00e4-Konneveden kansallispuiston maisemia ja luonnon pieni\u00e4 ihmeit\u00e4 sek\u00e4 herkutellaan nokipannukahvia retkiev\u00e4ill\u00e4. Etel\u00e4-Konneveden kansallispuistossa el\u00e4\u00e4 eritt\u00e4in merkitt\u00e4v\u00e4 haapoihin sidoksissa oleva lajisto. Rinteiden suojissa on s\u00e4ilynyt vanhoja luonnonmetsi\u00e4, joiden [&hellip;]\" \/>\n<meta property=\"og:url\" content=\"https:\/\/kalajaretkeily.fi\/fi\/muut-palvelut\/patikkaretki-kalajanvuorelle\/\" \/>\n<meta property=\"og:site_name\" content=\"KalajaRetkeily\" \/>\n<meta property=\"article:modified_time\" content=\"2023-01-31T06:45:45+00:00\" \/>\n<meta property=\"og:image\" content=\"https:\/\/kalajaretkeily.fi\/fi\/wp-content\/uploads\/2019\/04\/evaat.jpg\" \/>\n\t<meta property=\"og:image:width\" content=\"1280\" \/>\n\t<meta property=\"og:image:height\" content=\"853\" \/>\n\t<meta property=\"og:image:type\" content=\"image\/jpeg\" \/>\n<meta name=\"twitter:card\" content=\"summary_large_image\" \/>\n<meta name=\"twitter:label1\" content=\"Arvioitu lukuaika\" \/>\n\t<meta name=\"twitter:data1\" content=\"2 minuuttia\" \/>\n<script type=\"application\/ld+json\" class=\"yoast-schema-graph\">{\"@context\":\"https:\/\/schema.org\",\"@graph\":[{\"@type\":\"WebPage\",\"@id\":\"https:\/\/kalajaretkeily.fi\/fi\/muut-palvelut\/patikkaretki-kalajanvuorelle\/\",\"url\":\"https:\/\/kalajaretkeily.fi\/fi\/muut-palvelut\/patikkaretki-kalajanvuorelle\/\",\"name\":\"Lumikenk\u00e4retki, Kalajanvuorelle ja j\u00e4reiden haapojen jylhiin maisemiin - KalajaRetkeily\",\"isPartOf\":{\"@id\":\"https:\/\/kalajaretkeily.fi\/fi\/#website\"},\"primaryImageOfPage\":{\"@id\":\"https:\/\/kalajaretkeily.fi\/fi\/muut-palvelut\/patikkaretki-kalajanvuorelle\/#primaryimage\"},\"image\":{\"@id\":\"https:\/\/kalajaretkeily.fi\/fi\/muut-palvelut\/patikkaretki-kalajanvuorelle\/#primaryimage\"},\"thumbnailUrl\":\"https:\/\/kalajaretkeily.fi\/fi\/wp-content\/uploads\/2019\/04\/evaat.jpg\",\"datePublished\":\"2019-04-29T15:18:55+00:00\",\"dateModified\":\"2023-01-31T06:45:45+00:00\",\"breadcrumb\":{\"@id\":\"https:\/\/kalajaretkeily.fi\/fi\/muut-palvelut\/patikkaretki-kalajanvuorelle\/#breadcrumb\"},\"inLanguage\":\"fi\",\"potentialAction\":[{\"@type\":\"ReadAction\",\"target\":[\"https:\/\/kalajaretkeily.fi\/fi\/muut-palvelut\/patikkaretki-kalajanvuorelle\/\"]}]},{\"@type\":\"ImageObject\",\"inLanguage\":\"fi\",\"@id\":\"https:\/\/kalajaretkeily.fi\/fi\/muut-palvelut\/patikkaretki-kalajanvuorelle\/#primaryimage\",\"url\":\"https:\/\/kalajaretkeily.fi\/fi\/wp-content\/uploads\/2019\/04\/evaat.jpg\",\"contentUrl\":\"https:\/\/kalajaretkeily.fi\/fi\/wp-content\/uploads\/2019\/04\/evaat.jpg\",\"width\":1280,\"height\":853},{\"@type\":\"BreadcrumbList\",\"@id\":\"https:\/\/kalajaretkeily.fi\/fi\/muut-palvelut\/patikkaretki-kalajanvuorelle\/#breadcrumb\",\"itemListElement\":[{\"@type\":\"ListItem\",\"position\":1,\"name\":\"Etusivu\",\"item\":\"https:\/\/kalajaretkeily.fi\/fi\/\"},{\"@type\":\"ListItem\",\"position\":2,\"name\":\"Muut palvelut\",\"item\":\"https:\/\/kalajaretkeily.fi\/fi\/muut-palvelut\/\"},{\"@type\":\"ListItem\",\"position\":3,\"name\":\"Lumikenk\u00e4retki, Kalajanvuorelle ja j\u00e4reiden haapojen jylhiin maisemiin\"}]},{\"@type\":\"WebSite\",\"@id\":\"https:\/\/kalajaretkeily.fi\/fi\/#website\",\"url\":\"https:\/\/kalajaretkeily.fi\/fi\/\",\"name\":\"KalajaRetkeily\",\"description\":\"Kajakin vuokraus\",\"publisher\":{\"@id\":\"https:\/\/kalajaretkeily.fi\/fi\/#organization\"},\"potentialAction\":[{\"@type\":\"SearchAction\",\"target\":{\"@type\":\"EntryPoint\",\"urlTemplate\":\"https:\/\/kalajaretkeily.fi\/fi\/?s={search_term_string}\"},\"query-input\":{\"@type\":\"PropertyValueSpecification\",\"valueRequired\":true,\"valueName\":\"search_term_string\"}}],\"inLanguage\":\"fi\"},{\"@type\":\"Organization\",\"@id\":\"https:\/\/kalajaretkeily.fi\/fi\/#organization\",\"name\":\"KalajaRetkeily\",\"url\":\"https:\/\/kalajaretkeily.fi\/fi\/\",\"logo\":{\"@type\":\"ImageObject\",\"inLanguage\":\"fi\",\"@id\":\"https:\/\/kalajaretkeily.fi\/fi\/#\/schema\/logo\/image\/\",\"url\":\"https:\/\/kalajaretkeily.fi\/fi\/wp-content\/uploads\/2019\/05\/cropped-kalajalogo-1.png\",\"contentUrl\":\"https:\/\/kalajaretkeily.fi\/fi\/wp-content\/uploads\/2019\/05\/cropped-kalajalogo-1.png\",\"width\":241,\"height\":50,\"caption\":\"KalajaRetkeily\"},\"image\":{\"@id\":\"https:\/\/kalajaretkeily.fi\/fi\/#\/schema\/logo\/image\/\"}}]}<\/script>\n<!-- \/ Yoast SEO plugin. -->","yoast_head_json":{"title":"Lumikenk\u00e4retki, Kalajanvuorelle ja j\u00e4reiden haapojen jylhiin maisemiin - KalajaRetkeily","robots":{"index":"index","follow":"follow","max-snippet":"max-snippet:-1","max-image-preview":"max-image-preview:large","max-video-preview":"max-video-preview:-1"},"canonical":"https:\/\/kalajaretkeily.fi\/fi\/muut-palvelut\/patikkaretki-kalajanvuorelle\/","og_locale":"fi_FI","og_type":"article","og_title":"Lumikenk\u00e4retki, Kalajanvuorelle ja j\u00e4reiden haapojen jylhiin maisemiin - KalajaRetkeily","og_description":"L\u00e4hde kanssamme valloittamaan kansallispuiston korkein kohta, 77 metri\u00e4 viereisen Vuori-Kalajan lammen yl\u00e4puolelle nouseva Kalajanvuoren huippu. Kansallispuiston jylh\u00e4t maisemat j\u00e4\u00e4v\u00e4t retkeilij\u00f6iden mieleen. Retkell\u00e4 kurkistetaan mahtavalta jyrk\u00e4nteelt\u00e4, ihastellaan Kalajanvuoren laelta Etel\u00e4-Konneveden kansallispuiston maisemia ja luonnon pieni\u00e4 ihmeit\u00e4 sek\u00e4 herkutellaan nokipannukahvia retkiev\u00e4ill\u00e4. Etel\u00e4-Konneveden kansallispuistossa el\u00e4\u00e4 eritt\u00e4in merkitt\u00e4v\u00e4 haapoihin sidoksissa oleva lajisto. Rinteiden suojissa on s\u00e4ilynyt vanhoja luonnonmetsi\u00e4, joiden [&hellip;]","og_url":"https:\/\/kalajaretkeily.fi\/fi\/muut-palvelut\/patikkaretki-kalajanvuorelle\/","og_site_name":"KalajaRetkeily","article_modified_time":"2023-01-31T06:45:45+00:00","og_image":[{"width":1280,"height":853,"url":"https:\/\/kalajaretkeily.fi\/fi\/wp-content\/uploads\/2019\/04\/evaat.jpg","type":"image\/jpeg"}],"twitter_card":"summary_large_image","twitter_misc":{"Arvioitu lukuaika":"2 minuuttia"},"schema":{"@context":"https:\/\/schema.org","@graph":[{"@type":"WebPage","@id":"https:\/\/kalajaretkeily.fi\/fi\/muut-palvelut\/patikkaretki-kalajanvuorelle\/","url":"https:\/\/kalajaretkeily.fi\/fi\/muut-palvelut\/patikkaretki-kalajanvuorelle\/","name":"Lumikenk\u00e4retki, Kalajanvuorelle ja j\u00e4reiden haapojen jylhiin maisemiin - KalajaRetkeily","isPartOf":{"@id":"https:\/\/kalajaretkeily.fi\/fi\/#website"},"primaryImageOfPage":{"@id":"https:\/\/kalajaretkeily.fi\/fi\/muut-palvelut\/patikkaretki-kalajanvuorelle\/#primaryimage"},"image":{"@id":"https:\/\/kalajaretkeily.fi\/fi\/muut-palvelut\/patikkaretki-kalajanvuorelle\/#primaryimage"},"thumbnailUrl":"https:\/\/kalajaretkeily.fi\/fi\/wp-content\/uploads\/2019\/04\/evaat.jpg","datePublished":"2019-04-29T15:18:55+00:00","dateModified":"2023-01-31T06:45:45+00:00","breadcrumb":{"@id":"https:\/\/kalajaretkeily.fi\/fi\/muut-palvelut\/patikkaretki-kalajanvuorelle\/#breadcrumb"},"inLanguage":"fi","potentialAction":[{"@type":"ReadAction","target":["https:\/\/kalajaretkeily.fi\/fi\/muut-palvelut\/patikkaretki-kalajanvuorelle\/"]}]},{"@type":"ImageObject","inLanguage":"fi","@id":"https:\/\/kalajaretkeily.fi\/fi\/muut-palvelut\/patikkaretki-kalajanvuorelle\/#primaryimage","url":"https:\/\/kalajaretkeily.fi\/fi\/wp-content\/uploads\/2019\/04\/evaat.jpg","contentUrl":"https:\/\/kalajaretkeily.fi\/fi\/wp-content\/uploads\/2019\/04\/evaat.jpg","width":1280,"height":853},{"@type":"BreadcrumbList","@id":"https:\/\/kalajaretkeily.fi\/fi\/muut-palvelut\/patikkaretki-kalajanvuorelle\/#breadcrumb","itemListElement":[{"@type":"ListItem","position":1,"name":"Etusivu","item":"https:\/\/kalajaretkeily.fi\/fi\/"},{"@type":"ListItem","position":2,"name":"Muut palvelut","item":"https:\/\/kalajaretkeily.fi\/fi\/muut-palvelut\/"},{"@type":"ListItem","position":3,"name":"Lumikenk\u00e4retki, Kalajanvuorelle ja j\u00e4reiden haapojen jylhiin maisemiin"}]},{"@type":"WebSite","@id":"https:\/\/kalajaretkeily.fi\/fi\/#website","url":"https:\/\/kalajaretkeily.fi\/fi\/","name":"KalajaRetkeily","description":"Kajakin vuokraus","publisher":{"@id":"https:\/\/kalajaretkeily.fi\/fi\/#organization"},"potentialAction":[{"@type":"SearchAction","target":{"@type":"EntryPoint","urlTemplate":"https:\/\/kalajaretkeily.fi\/fi\/?s={search_term_string}"},"query-input":{"@type":"PropertyValueSpecification","valueRequired":true,"valueName":"search_term_string"}}],"inLanguage":"fi"},{"@type":"Organization","@id":"https:\/\/kalajaretkeily.fi\/fi\/#organization","name":"KalajaRetkeily","url":"https:\/\/kalajaretkeily.fi\/fi\/","logo":{"@type":"ImageObject","inLanguage":"fi","@id":"https:\/\/kalajaretkeily.fi\/fi\/#\/schema\/logo\/image\/","url":"https:\/\/kalajaretkeily.fi\/fi\/wp-content\/uploads\/2019\/05\/cropped-kalajalogo-1.png","contentUrl":"https:\/\/kalajaretkeily.fi\/fi\/wp-content\/uploads\/2019\/05\/cropped-kalajalogo-1.png","width":241,"height":50,"caption":"KalajaRetkeily"},"image":{"@id":"https:\/\/kalajaretkeily.fi\/fi\/#\/schema\/logo\/image\/"}}]}},"_links":{"self":[{"href":"https:\/\/kalajaretkeily.fi\/fi\/wp-json\/wp\/v2\/pages\/187","targetHints":{"allow":["GET"]}}],"collection":[{"href":"https:\/\/kalajaretkeily.fi\/fi\/wp-json\/wp\/v2\/pages"}],"about":[{"href":"https:\/\/kalajaretkeily.fi\/fi\/wp-json\/wp\/v2\/types\/page"}],"author":[{"embeddable":true,"href":"https:\/\/kalajaretkeily.fi\/fi\/wp-json\/wp\/v2\/users\/1"}],"replies":[{"embeddable":true,"href":"https:\/\/kalajaretkeily.fi\/fi\/wp-json\/wp\/v2\/comments?post=187"}],"version-history":[{"count":0,"href":"https:\/\/kalajaretkeily.fi\/fi\/wp-json\/wp\/v2\/pages\/187\/revisions"}],"up":[{"embeddable":true,"href":"https:\/\/kalajaretkeily.fi\/fi\/wp-json\/wp\/v2\/pages\/129"}],"wp:featuredmedia":[{"embeddable":true,"href":"https:\/\/kalajaretkeily.fi\/fi\/wp-json\/wp\/v2\/media\/195"}],"wp:attachment":[{"href":"https:\/\/kalajaretkeily.fi\/fi\/wp-json\/wp\/v2\/media?parent=187"}],"curies":[{"name":"wp","href":"https:\/\/api.w.org\/{rel}","templated":true}]}}