{"id":138,"date":"2019-04-10T15:07:33","date_gmt":"2019-04-10T15:07:33","guid":{"rendered":"https:\/\/kalajaretkeily.fi\/fi\/?page_id=138"},"modified":"2023-07-09T07:21:22","modified_gmt":"2023-07-09T07:21:22","slug":"kesayon-melonta-etela-konnevedella","status":"publish","type":"page","link":"https:\/\/kalajaretkeily.fi\/fi\/retket\/kesayon-melonta-etela-konnevedella\/","title":{"rendered":"Rauhallinen kes\u00e4illan melonta Etel\u00e4-Konneveden kansallispuiston syliss\u00e4"},"content":{"rendered":"\n<figure class=\"wp-block-image size-large is-style-default\"><img decoding=\"async\" src=\"https:\/\/kalajaretkeily.fi\/fi\/wp-content\/uploads\/2022\/04\/IMG_20210619_222701-1024x768.jpg\" alt=\"\" class=\"wp-image-1701\"\/><figcaption class=\"wp-element-caption\">Kuva: Anna Aijasaho<\/figcaption><\/figure>\n\n\n\n<h2 class=\"wp-block-heading\" id=\"lahde-kanssamme-melomaan-auringon-laskiessa-jarvi-rauhoittuu-illan-syliin\">L\u00e4hde rauhalliselle kes\u00e4illan melontaretkelle mukaan. P\u00e4\u00e4semme aistimaan kuinka auringon laskiessa j\u00e4rvi rauhoittuu illan syliin.<\/h2>\n\n\n\n<p><strong>Kansallispuiston hiljaisuus, laineen liplatus kajakin laitaa vasten, kes\u00e4illan laskevan auringon punerrus taivaanrannassa. Ne luovat oman ainutlaatuisen tunnelmansa joka j\u00e4\u00e4 osallistujien mieleen. Ensimm\u00e4iset kulkijat liikkuivat Etel\u00e4-Konnevedell\u00e4 heti j\u00e4\u00e4kauden j\u00e4lkeen. Sit\u00e4 l\u00e4htien j\u00e4rvi on ollut sek\u00e4 kulkuv\u00e4yl\u00e4, ett\u00e4 ruoka-aitta niin kauempaa tulleille er\u00e4nk\u00e4vij\u00f6ille kuin paikallisille asukkaillekin. Me katselemme t\u00e4m\u00e4n ikiaikaisen j\u00e4rven samoja kalliorantoja kuin nuo muinaiset kulkijat ja melomme heid\u00e4n vanavedess\u00e4\u00e4n.<\/strong><\/p>\n\n\n\n<figure class=\"wp-block-image size-large is-style-default\"><img fetchpriority=\"high\" decoding=\"async\" width=\"1024\" height=\"683\" src=\"https:\/\/kalajaretkeily.fi\/fi\/wp-content\/uploads\/2021\/03\/Kesayon-melonta-Etela-Konnevesi-2-1024x683.png\" alt=\"Kajakkeja j\u00e4rvell\u00e4 h\u00e4m\u00e4r\u00e4ss\u00e4\" class=\"wp-image-884\" srcset=\"https:\/\/kalajaretkeily.fi\/fi\/wp-content\/uploads\/2021\/03\/Kesayon-melonta-Etela-Konnevesi-2-1024x683.png 1024w, https:\/\/kalajaretkeily.fi\/fi\/wp-content\/uploads\/2021\/03\/Kesayon-melonta-Etela-Konnevesi-2-300x200.png 300w, https:\/\/kalajaretkeily.fi\/fi\/wp-content\/uploads\/2021\/03\/Kesayon-melonta-Etela-Konnevesi-2-768x512.png 768w, https:\/\/kalajaretkeily.fi\/fi\/wp-content\/uploads\/2021\/03\/Kesayon-melonta-Etela-Konnevesi-2.png 1080w\" sizes=\"(max-width: 1024px) 100vw, 1024px\" \/><figcaption class=\"wp-element-caption\">J\u00e4rvi tyyntyy usein auringonlaskun j\u00e4lkeen<\/figcaption><\/figure>\n\n\n\n<h2 class=\"wp-block-heading\">Retkikuvaus<\/h2>\n\n\n\n<p>Lyhyen alkuopastuksen j\u00e4lkeen melomme Saukkosaaren jyrk\u00e4nteen alle, tutkailemme majavan j\u00e4lki\u00e4 ja tervehdimme  Etel\u00e4-Konneveden kansallispuiston rauhaa vartioivaa kalliomuodostelmaa &#8211; K\u00e4pyn\u00e4n Ukkoa. <br>Melontaretken aikana rantaudumme pieneen kalliosaareen nimelt\u00e4\u00e4n Varpusenlinna, jossa nautimme pannukahvia tai teet\u00e4. Melontaretki soveltuu hyvin my\u00f6s v\u00e4hemm\u00e4n kokeneille melojille ja kansallispuiston hiljaisuudesta nautiskelijoille, koska melomme rauhallista vauhtia suojaisilla vesill\u00e4.<\/p>\n\n\n\n<figure class=\"wp-block-image size-large is-style-default\"><img decoding=\"async\" width=\"1024\" height=\"683\" src=\"https:\/\/kalajaretkeily.fi\/fi\/wp-content\/uploads\/2021\/03\/Kesayon-melonta-auringonlasku-Etela-Konnevesi-22-1024x683.png\" alt=\"kajakki rantakivill\u00e4 auringonlasku\" class=\"wp-image-882\" srcset=\"https:\/\/kalajaretkeily.fi\/fi\/wp-content\/uploads\/2021\/03\/Kesayon-melonta-auringonlasku-Etela-Konnevesi-22-1024x683.png 1024w, https:\/\/kalajaretkeily.fi\/fi\/wp-content\/uploads\/2021\/03\/Kesayon-melonta-auringonlasku-Etela-Konnevesi-22-300x200.png 300w, https:\/\/kalajaretkeily.fi\/fi\/wp-content\/uploads\/2021\/03\/Kesayon-melonta-auringonlasku-Etela-Konnevesi-22-768x512.png 768w, https:\/\/kalajaretkeily.fi\/fi\/wp-content\/uploads\/2021\/03\/Kesayon-melonta-auringonlasku-Etela-Konnevesi-22.png 1080w\" sizes=\"(max-width: 1024px) 100vw, 1024px\" \/><figcaption class=\"wp-element-caption\">Auringonlaskusta nauttimassa Majasaaren k\u00e4rjess\u00e4<\/figcaption><\/figure>\n\n\n\n<h2 class=\"wp-block-heading\">Vaatimukset osallistujille<\/h2>\n\n\n\n<p>Osallistujien on osattava uida ja alle 18 vuotiaat voivat osallistua melontaan vain huoltajan seurassa tai kirjallisella luvalla.<\/p>\n\n\n\n<h2 class=\"wp-block-heading\" id=\"turvallisuus\">Turvallisuus<\/h2>\n\n\n\n<p id=\"turvallisuus\">Mik\u00e4li s\u00e4\u00e4olosuhteet (tuulen voimakkuus yli 8 m\/s) eiv\u00e4t salli melontaretken turvallista toteuttamista, niin varaamme oikeuden muuttaa ja tarvittaessa lyhent\u00e4\u00e4 retkiohjelmaa tai vaihtaa p\u00e4iv\u00e4m\u00e4\u00e4r\u00e4\u00e4 retkelle. Melonta- ja Soutuliiton kouluttamalla Melontaohjaajalla on voimassa oleva EA1 &amp; EA2-kortti, matkailualan turvallisuuspassi (MaTuPa) sek\u00e4 hygieniapassi.&nbsp;<\/p>\n\n\n\n<p><a href=\"https:\/\/www.olenmeloja.fi\/melonta\/turvallisuus\/\" target=\"_blank\" rel=\"noreferrer noopener\"><strong>www.olenmeloja.fi\/melonta\/turvallisuus\/<\/strong><\/a><\/p>\n\n\n\n<h2 class=\"wp-block-heading\" id=\"lahto-paluu\">Tapaaminen:<\/h2>\n\n\n\n<p>Tapaaminen klo 18:00 KalajaRetkeilyn melontavajan luona: Hanhitaipaleen satamassa, satamatie 143, 77700 Rautalampi. <\/p>\n\n\n\n<p>Google Maps: <a href=\"https:\/\/www.google.fi\/maps\/dir\/\/Hanhitaipaleen+Kalasatama,+Satamatie+145,+77700+Rautalampi\/@62.5514061,26.6867402,13.73z\/data=!4m9!4m8!1m0!1m5!1m1!1s0x4684e038bdf2829f:0x94a4ab0805b9f7f1!2m2!1d26.7246503!2d62.5589102!3e0\" target=\"_blank\" rel=\"noreferrer noopener\"><strong>Hanhitaipaleen satama.<\/strong><\/a><\/p>\n\n\n\n<p>Kysy rohkeasti, tervetuloa melomaan!<\/p>\n\n\n\n<h2 class=\"wp-block-heading\">Kesto<\/h2>\n\n\n\n<p>Melontaretken kesto on&nbsp;5 h ja melontamatka noin 12 km.&nbsp;<\/p>\n\n\n\n<figure class=\"wp-block-image size-large is-style-default\"><img decoding=\"async\" width=\"1024\" height=\"683\" src=\"https:\/\/kalajaretkeily.fi\/fi\/wp-content\/uploads\/2021\/03\/Kesayon-melonta-Etela-Konnevesi-1-1024x683.png\" alt=\"Kajakkeja j\u00e4rvell\u00e4 auringon lasku\" class=\"wp-image-883\" srcset=\"https:\/\/kalajaretkeily.fi\/fi\/wp-content\/uploads\/2021\/03\/Kesayon-melonta-Etela-Konnevesi-1-1024x683.png 1024w, https:\/\/kalajaretkeily.fi\/fi\/wp-content\/uploads\/2021\/03\/Kesayon-melonta-Etela-Konnevesi-1-300x200.png 300w, https:\/\/kalajaretkeily.fi\/fi\/wp-content\/uploads\/2021\/03\/Kesayon-melonta-Etela-Konnevesi-1-768x512.png 768w, https:\/\/kalajaretkeily.fi\/fi\/wp-content\/uploads\/2021\/03\/Kesayon-melonta-Etela-Konnevesi-1.png 1080w\" sizes=\"(max-width: 1024px) 100vw, 1024px\" \/><figcaption class=\"wp-element-caption\">Auringon lasku v\u00e4rj\u00e4\u00e4 taivaan ja veden punertavaksi<\/figcaption><\/figure>\n\n\n\n<h2 class=\"wp-block-heading\">Hinta<\/h2>\n\n\n\n<p><strong>79\u20ac\/henkil\u00f6<\/strong>, minimiveloitus 236\u20ac, joka sis\u00e4lt\u00e4\u00e4 1-4 melojaa.<br>Hinta sis\u00e4lt\u00e4\u00e4 verot, kajakin, opastuksen.\u00a0Ryhm\u00e4koko 4-8 henke\u00e4.<\/p>\n\n\n<p><iframe style=\"width:300px;height:360px\" src=\"https:\/\/holvi.com\/shop\/outdooradventuresfinland\/product\/38fe3118202bbe7d03234502428619ac\/embedded\/\" frameborder=\"0\"><\/iframe><\/p>\n\n\n\n<h2 class=\"wp-block-heading\" id=\"muut-varaukset\">Muut varaukset<\/h2>\n\n\n\n<p>Yksityiset varaukset omalle ryhm\u00e4lle puhelimitse 0405268562\/Vesa tai s\u00e4hk\u00f6postilla info@kalajaretkeily.fi<\/p>\n\n\n\n<h2 class=\"wp-block-heading\" id=\"lisatietoja\">Lis\u00e4tietoja<\/h2>\n\n\n\n<p>Etel\u00e4-Konneveden kansallispuistoon voit tutustua etuk\u00e4teen <a href=\"https:\/\/www.luontoon.fi\/etela-konnevesi\" target=\"_blank\" rel=\"noreferrer noopener\" title=\"luontoon.fi\">luontoon.fi<\/a> sivuilta. <\/p>\n\n\n\n<p><a href=\"https:\/\/kalajaretkeily.fi\/fi\/wp-content\/uploads\/2019\/11\/Ennakko-ohjeita-melontaretkille-osallistujille.pdf\" target=\"_blank\" rel=\"noreferrer noopener\" title=\"https:\/\/kalajaretkeily.fi\/fi\/wp-content\/uploads\/2019\/11\/Ennakko-ohjeita-melontaretkille-osallistujille.pdf\">Ennakko-ohjeita melontaretkelle osallistujille<\/a><\/p>\n\n\n\n<p>Vastuullisena j\u00e4rjest\u00e4j\u00e4n\u00e4 toimii Outdoor Adventures Finland (y-tunnus&nbsp;3255796-2).<\/p>\n","protected":false},"excerpt":{"rendered":"<p>L\u00e4hde rauhalliselle kes\u00e4illan melontaretkelle mukaan. P\u00e4\u00e4semme aistimaan kuinka auringon laskiessa j\u00e4rvi rauhoittuu illan syliin. Kansallispuiston hiljaisuus, laineen liplatus kajakin laitaa vasten, kes\u00e4illan laskevan auringon punerrus taivaanrannassa. Ne luovat oman ainutlaatuisen tunnelmansa joka j\u00e4\u00e4 osallistujien mieleen. Ensimm\u00e4iset kulkijat liikkuivat Etel\u00e4-Konnevedell\u00e4 heti j\u00e4\u00e4kauden j\u00e4lkeen. Sit\u00e4 l\u00e4htien j\u00e4rvi on ollut sek\u00e4 kulkuv\u00e4yl\u00e4, ett\u00e4 ruoka-aitta niin kauempaa tulleille er\u00e4nk\u00e4vij\u00f6ille [&hellip;]<\/p>\n","protected":false},"author":1,"featured_media":0,"parent":123,"menu_order":0,"comment_status":"closed","ping_status":"closed","template":"","meta":{"footnotes":""},"class_list":["post-138","page","type-page","status-publish","hentry"],"yoast_head":"<!-- This site is optimized with the Yoast SEO plugin v27.2 - https:\/\/yoast.com\/product\/yoast-seo-wordpress\/ -->\n<title>Rauhallinen kes\u00e4illan melonta Etel\u00e4-Konneveden kansallispuiston syliss\u00e4 - KalajaRetkeily<\/title>\n<meta name=\"robots\" content=\"index, follow, max-snippet:-1, max-image-preview:large, max-video-preview:-1\" \/>\n<link rel=\"canonical\" href=\"https:\/\/kalajaretkeily.fi\/fi\/retket\/kesayon-melonta-etela-konnevedella\/\" \/>\n<meta property=\"og:locale\" content=\"fi_FI\" \/>\n<meta property=\"og:type\" content=\"article\" \/>\n<meta property=\"og:title\" content=\"Rauhallinen kes\u00e4illan melonta Etel\u00e4-Konneveden kansallispuiston syliss\u00e4 - KalajaRetkeily\" \/>\n<meta property=\"og:description\" content=\"L\u00e4hde rauhalliselle kes\u00e4illan melontaretkelle mukaan. P\u00e4\u00e4semme aistimaan kuinka auringon laskiessa j\u00e4rvi rauhoittuu illan syliin. Kansallispuiston hiljaisuus, laineen liplatus kajakin laitaa vasten, kes\u00e4illan laskevan auringon punerrus taivaanrannassa. Ne luovat oman ainutlaatuisen tunnelmansa joka j\u00e4\u00e4 osallistujien mieleen. Ensimm\u00e4iset kulkijat liikkuivat Etel\u00e4-Konnevedell\u00e4 heti j\u00e4\u00e4kauden j\u00e4lkeen. Sit\u00e4 l\u00e4htien j\u00e4rvi on ollut sek\u00e4 kulkuv\u00e4yl\u00e4, ett\u00e4 ruoka-aitta niin kauempaa tulleille er\u00e4nk\u00e4vij\u00f6ille [&hellip;]\" \/>\n<meta property=\"og:url\" content=\"https:\/\/kalajaretkeily.fi\/fi\/retket\/kesayon-melonta-etela-konnevedella\/\" \/>\n<meta property=\"og:site_name\" content=\"KalajaRetkeily\" \/>\n<meta property=\"article:modified_time\" content=\"2023-07-09T07:21:22+00:00\" \/>\n<meta property=\"og:image\" content=\"https:\/\/kalajaretkeily.fi\/fi\/wp-content\/uploads\/2022\/04\/IMG_20210619_222701-1024x768.jpg\" \/>\n<meta name=\"twitter:card\" content=\"summary_large_image\" \/>\n<meta name=\"twitter:label1\" content=\"Arvioitu lukuaika\" \/>\n\t<meta name=\"twitter:data1\" content=\"2 minuuttia\" \/>\n<script type=\"application\/ld+json\" class=\"yoast-schema-graph\">{\"@context\":\"https:\/\/schema.org\",\"@graph\":[{\"@type\":\"WebPage\",\"@id\":\"https:\/\/kalajaretkeily.fi\/fi\/retket\/kesayon-melonta-etela-konnevedella\/\",\"url\":\"https:\/\/kalajaretkeily.fi\/fi\/retket\/kesayon-melonta-etela-konnevedella\/\",\"name\":\"Rauhallinen kes\u00e4illan melonta Etel\u00e4-Konneveden kansallispuiston syliss\u00e4 - KalajaRetkeily\",\"isPartOf\":{\"@id\":\"https:\/\/kalajaretkeily.fi\/fi\/#website\"},\"primaryImageOfPage\":{\"@id\":\"https:\/\/kalajaretkeily.fi\/fi\/retket\/kesayon-melonta-etela-konnevedella\/#primaryimage\"},\"image\":{\"@id\":\"https:\/\/kalajaretkeily.fi\/fi\/retket\/kesayon-melonta-etela-konnevedella\/#primaryimage\"},\"thumbnailUrl\":\"https:\/\/kalajaretkeily.fi\/fi\/wp-content\/uploads\/2022\/04\/IMG_20210619_222701-1024x768.jpg\",\"datePublished\":\"2019-04-10T15:07:33+00:00\",\"dateModified\":\"2023-07-09T07:21:22+00:00\",\"breadcrumb\":{\"@id\":\"https:\/\/kalajaretkeily.fi\/fi\/retket\/kesayon-melonta-etela-konnevedella\/#breadcrumb\"},\"inLanguage\":\"fi\",\"potentialAction\":[{\"@type\":\"ReadAction\",\"target\":[\"https:\/\/kalajaretkeily.fi\/fi\/retket\/kesayon-melonta-etela-konnevedella\/\"]}]},{\"@type\":\"ImageObject\",\"inLanguage\":\"fi\",\"@id\":\"https:\/\/kalajaretkeily.fi\/fi\/retket\/kesayon-melonta-etela-konnevedella\/#primaryimage\",\"url\":\"https:\/\/kalajaretkeily.fi\/fi\/wp-content\/uploads\/2022\/04\/IMG_20210619_222701.jpg\",\"contentUrl\":\"https:\/\/kalajaretkeily.fi\/fi\/wp-content\/uploads\/2022\/04\/IMG_20210619_222701.jpg\",\"width\":3648,\"height\":2736,\"caption\":\"Kuva: Anna Aijasaho\"},{\"@type\":\"BreadcrumbList\",\"@id\":\"https:\/\/kalajaretkeily.fi\/fi\/retket\/kesayon-melonta-etela-konnevedella\/#breadcrumb\",\"itemListElement\":[{\"@type\":\"ListItem\",\"position\":1,\"name\":\"Etusivu\",\"item\":\"https:\/\/kalajaretkeily.fi\/fi\/\"},{\"@type\":\"ListItem\",\"position\":2,\"name\":\"Melontaretki\u00e4 ja -kursseja\",\"item\":\"https:\/\/kalajaretkeily.fi\/fi\/retket\/\"},{\"@type\":\"ListItem\",\"position\":3,\"name\":\"Rauhallinen kes\u00e4illan melonta Etel\u00e4-Konneveden kansallispuiston syliss\u00e4\"}]},{\"@type\":\"WebSite\",\"@id\":\"https:\/\/kalajaretkeily.fi\/fi\/#website\",\"url\":\"https:\/\/kalajaretkeily.fi\/fi\/\",\"name\":\"KalajaRetkeily\",\"description\":\"Kajakin vuokraus\",\"publisher\":{\"@id\":\"https:\/\/kalajaretkeily.fi\/fi\/#organization\"},\"potentialAction\":[{\"@type\":\"SearchAction\",\"target\":{\"@type\":\"EntryPoint\",\"urlTemplate\":\"https:\/\/kalajaretkeily.fi\/fi\/?s={search_term_string}\"},\"query-input\":{\"@type\":\"PropertyValueSpecification\",\"valueRequired\":true,\"valueName\":\"search_term_string\"}}],\"inLanguage\":\"fi\"},{\"@type\":\"Organization\",\"@id\":\"https:\/\/kalajaretkeily.fi\/fi\/#organization\",\"name\":\"KalajaRetkeily\",\"url\":\"https:\/\/kalajaretkeily.fi\/fi\/\",\"logo\":{\"@type\":\"ImageObject\",\"inLanguage\":\"fi\",\"@id\":\"https:\/\/kalajaretkeily.fi\/fi\/#\/schema\/logo\/image\/\",\"url\":\"https:\/\/kalajaretkeily.fi\/fi\/wp-content\/uploads\/2019\/05\/cropped-kalajalogo-1.png\",\"contentUrl\":\"https:\/\/kalajaretkeily.fi\/fi\/wp-content\/uploads\/2019\/05\/cropped-kalajalogo-1.png\",\"width\":241,\"height\":50,\"caption\":\"KalajaRetkeily\"},\"image\":{\"@id\":\"https:\/\/kalajaretkeily.fi\/fi\/#\/schema\/logo\/image\/\"}}]}<\/script>\n<!-- \/ Yoast SEO plugin. -->","yoast_head_json":{"title":"Rauhallinen kes\u00e4illan melonta Etel\u00e4-Konneveden kansallispuiston syliss\u00e4 - KalajaRetkeily","robots":{"index":"index","follow":"follow","max-snippet":"max-snippet:-1","max-image-preview":"max-image-preview:large","max-video-preview":"max-video-preview:-1"},"canonical":"https:\/\/kalajaretkeily.fi\/fi\/retket\/kesayon-melonta-etela-konnevedella\/","og_locale":"fi_FI","og_type":"article","og_title":"Rauhallinen kes\u00e4illan melonta Etel\u00e4-Konneveden kansallispuiston syliss\u00e4 - KalajaRetkeily","og_description":"L\u00e4hde rauhalliselle kes\u00e4illan melontaretkelle mukaan. P\u00e4\u00e4semme aistimaan kuinka auringon laskiessa j\u00e4rvi rauhoittuu illan syliin. Kansallispuiston hiljaisuus, laineen liplatus kajakin laitaa vasten, kes\u00e4illan laskevan auringon punerrus taivaanrannassa. Ne luovat oman ainutlaatuisen tunnelmansa joka j\u00e4\u00e4 osallistujien mieleen. Ensimm\u00e4iset kulkijat liikkuivat Etel\u00e4-Konnevedell\u00e4 heti j\u00e4\u00e4kauden j\u00e4lkeen. Sit\u00e4 l\u00e4htien j\u00e4rvi on ollut sek\u00e4 kulkuv\u00e4yl\u00e4, ett\u00e4 ruoka-aitta niin kauempaa tulleille er\u00e4nk\u00e4vij\u00f6ille [&hellip;]","og_url":"https:\/\/kalajaretkeily.fi\/fi\/retket\/kesayon-melonta-etela-konnevedella\/","og_site_name":"KalajaRetkeily","article_modified_time":"2023-07-09T07:21:22+00:00","og_image":[{"url":"https:\/\/kalajaretkeily.fi\/fi\/wp-content\/uploads\/2022\/04\/IMG_20210619_222701-1024x768.jpg","type":"","width":"","height":""}],"twitter_card":"summary_large_image","twitter_misc":{"Arvioitu lukuaika":"2 minuuttia"},"schema":{"@context":"https:\/\/schema.org","@graph":[{"@type":"WebPage","@id":"https:\/\/kalajaretkeily.fi\/fi\/retket\/kesayon-melonta-etela-konnevedella\/","url":"https:\/\/kalajaretkeily.fi\/fi\/retket\/kesayon-melonta-etela-konnevedella\/","name":"Rauhallinen kes\u00e4illan melonta Etel\u00e4-Konneveden kansallispuiston syliss\u00e4 - KalajaRetkeily","isPartOf":{"@id":"https:\/\/kalajaretkeily.fi\/fi\/#website"},"primaryImageOfPage":{"@id":"https:\/\/kalajaretkeily.fi\/fi\/retket\/kesayon-melonta-etela-konnevedella\/#primaryimage"},"image":{"@id":"https:\/\/kalajaretkeily.fi\/fi\/retket\/kesayon-melonta-etela-konnevedella\/#primaryimage"},"thumbnailUrl":"https:\/\/kalajaretkeily.fi\/fi\/wp-content\/uploads\/2022\/04\/IMG_20210619_222701-1024x768.jpg","datePublished":"2019-04-10T15:07:33+00:00","dateModified":"2023-07-09T07:21:22+00:00","breadcrumb":{"@id":"https:\/\/kalajaretkeily.fi\/fi\/retket\/kesayon-melonta-etela-konnevedella\/#breadcrumb"},"inLanguage":"fi","potentialAction":[{"@type":"ReadAction","target":["https:\/\/kalajaretkeily.fi\/fi\/retket\/kesayon-melonta-etela-konnevedella\/"]}]},{"@type":"ImageObject","inLanguage":"fi","@id":"https:\/\/kalajaretkeily.fi\/fi\/retket\/kesayon-melonta-etela-konnevedella\/#primaryimage","url":"https:\/\/kalajaretkeily.fi\/fi\/wp-content\/uploads\/2022\/04\/IMG_20210619_222701.jpg","contentUrl":"https:\/\/kalajaretkeily.fi\/fi\/wp-content\/uploads\/2022\/04\/IMG_20210619_222701.jpg","width":3648,"height":2736,"caption":"Kuva: Anna Aijasaho"},{"@type":"BreadcrumbList","@id":"https:\/\/kalajaretkeily.fi\/fi\/retket\/kesayon-melonta-etela-konnevedella\/#breadcrumb","itemListElement":[{"@type":"ListItem","position":1,"name":"Etusivu","item":"https:\/\/kalajaretkeily.fi\/fi\/"},{"@type":"ListItem","position":2,"name":"Melontaretki\u00e4 ja -kursseja","item":"https:\/\/kalajaretkeily.fi\/fi\/retket\/"},{"@type":"ListItem","position":3,"name":"Rauhallinen kes\u00e4illan melonta Etel\u00e4-Konneveden kansallispuiston syliss\u00e4"}]},{"@type":"WebSite","@id":"https:\/\/kalajaretkeily.fi\/fi\/#website","url":"https:\/\/kalajaretkeily.fi\/fi\/","name":"KalajaRetkeily","description":"Kajakin vuokraus","publisher":{"@id":"https:\/\/kalajaretkeily.fi\/fi\/#organization"},"potentialAction":[{"@type":"SearchAction","target":{"@type":"EntryPoint","urlTemplate":"https:\/\/kalajaretkeily.fi\/fi\/?s={search_term_string}"},"query-input":{"@type":"PropertyValueSpecification","valueRequired":true,"valueName":"search_term_string"}}],"inLanguage":"fi"},{"@type":"Organization","@id":"https:\/\/kalajaretkeily.fi\/fi\/#organization","name":"KalajaRetkeily","url":"https:\/\/kalajaretkeily.fi\/fi\/","logo":{"@type":"ImageObject","inLanguage":"fi","@id":"https:\/\/kalajaretkeily.fi\/fi\/#\/schema\/logo\/image\/","url":"https:\/\/kalajaretkeily.fi\/fi\/wp-content\/uploads\/2019\/05\/cropped-kalajalogo-1.png","contentUrl":"https:\/\/kalajaretkeily.fi\/fi\/wp-content\/uploads\/2019\/05\/cropped-kalajalogo-1.png","width":241,"height":50,"caption":"KalajaRetkeily"},"image":{"@id":"https:\/\/kalajaretkeily.fi\/fi\/#\/schema\/logo\/image\/"}}]}},"_links":{"self":[{"href":"https:\/\/kalajaretkeily.fi\/fi\/wp-json\/wp\/v2\/pages\/138","targetHints":{"allow":["GET"]}}],"collection":[{"href":"https:\/\/kalajaretkeily.fi\/fi\/wp-json\/wp\/v2\/pages"}],"about":[{"href":"https:\/\/kalajaretkeily.fi\/fi\/wp-json\/wp\/v2\/types\/page"}],"author":[{"embeddable":true,"href":"https:\/\/kalajaretkeily.fi\/fi\/wp-json\/wp\/v2\/users\/1"}],"replies":[{"embeddable":true,"href":"https:\/\/kalajaretkeily.fi\/fi\/wp-json\/wp\/v2\/comments?post=138"}],"version-history":[{"count":0,"href":"https:\/\/kalajaretkeily.fi\/fi\/wp-json\/wp\/v2\/pages\/138\/revisions"}],"up":[{"embeddable":true,"href":"https:\/\/kalajaretkeily.fi\/fi\/wp-json\/wp\/v2\/pages\/123"}],"wp:attachment":[{"href":"https:\/\/kalajaretkeily.fi\/fi\/wp-json\/wp\/v2\/media?parent=138"}],"curies":[{"name":"wp","href":"https:\/\/api.w.org\/{rel}","templated":true}]}}