{"id":129,"date":"2019-04-10T15:04:19","date_gmt":"2019-04-10T15:04:19","guid":{"rendered":"https:\/\/kalajaretkeily.fi\/fi\/?page_id=129"},"modified":"2021-05-05T14:47:22","modified_gmt":"2021-05-05T14:47:22","slug":"muut-palvelut","status":"publish","type":"page","link":"https:\/\/kalajaretkeily.fi\/fi\/muut-palvelut\/","title":{"rendered":"Muut palvelut"},"content":{"rendered":"\n<figure class=\"wp-block-image\"><img fetchpriority=\"high\" decoding=\"async\" width=\"1024\" height=\"682\" src=\"https:\/\/kalajaretkeily.fi\/fi\/wp-content\/uploads\/2019\/04\/evaat-1024x682.jpg\" alt=\"\" class=\"wp-image-195\" srcset=\"https:\/\/kalajaretkeily.fi\/fi\/wp-content\/uploads\/2019\/04\/evaat-1024x682.jpg 1024w, https:\/\/kalajaretkeily.fi\/fi\/wp-content\/uploads\/2019\/04\/evaat-300x200.jpg 300w, https:\/\/kalajaretkeily.fi\/fi\/wp-content\/uploads\/2019\/04\/evaat-768x512.jpg 768w, https:\/\/kalajaretkeily.fi\/fi\/wp-content\/uploads\/2019\/04\/evaat.jpg 1280w\" sizes=\"(max-width: 1024px) 100vw, 1024px\" \/><\/figure>\n\n\n\n<p>KalajaRetkeilyn muut palvelut.<\/p>\n\n\n\n<p><a href=\"https:\/\/kalajaretkeily.fi\/fi\/muut-palvelut\/kartat-ja-lahjakortit\/\">Kartat ja lahjakortit<\/a><\/p>\n\n\n\n<p><a href=\"https:\/\/kalajaretkeily.fi\/fi\/muut-palvelut\/eraruokailut\/\">Er\u00e4ruokailut<\/a><\/p>\n\n\n\n<p><a href=\"https:\/\/kalajaretkeily.fi\/fi\/muut-palvelut\/patikkaretki-kalajanvuorelle\/\">Patikkaretki Kalajanvuorelle<\/a><\/p>\n\n\n\n<p><a href=\"https:\/\/kalajaretkeily.fi\/fi\/muut-palvelut\/lumikenkaretki\/\">Lumikenk\u00e4retki<\/a><\/p>\n\n\n\n<p><a href=\"https:\/\/kalajaretkeily.fi\/fi\/muut-palvelut\/lumivalineiden-vuokraus\/\">Lumiv\u00e4lineiden vuokraus<\/a><\/p>\n","protected":false},"excerpt":{"rendered":"<p>KalajaRetkeilyn muut palvelut. Kartat ja lahjakortit Er\u00e4ruokailut Patikkaretki Kalajanvuorelle Lumikenk\u00e4retki Lumiv\u00e4lineiden vuokraus<\/p>\n","protected":false},"author":1,"featured_media":0,"parent":0,"menu_order":0,"comment_status":"closed","ping_status":"closed","template":"","meta":{"footnotes":""},"class_list":["post-129","page","type-page","status-publish","hentry"],"yoast_head":"<!-- This site is optimized with the Yoast SEO plugin v27.2 - https:\/\/yoast.com\/product\/yoast-seo-wordpress\/ -->\n<title>Muut palvelut - KalajaRetkeily<\/title>\n<meta name=\"robots\" content=\"index, follow, max-snippet:-1, max-image-preview:large, max-video-preview:-1\" \/>\n<link rel=\"canonical\" href=\"https:\/\/kalajaretkeily.fi\/fi\/muut-palvelut\/\" \/>\n<meta property=\"og:locale\" content=\"fi_FI\" \/>\n<meta property=\"og:type\" content=\"article\" \/>\n<meta property=\"og:title\" content=\"Muut palvelut - KalajaRetkeily\" \/>\n<meta property=\"og:description\" content=\"KalajaRetkeilyn muut palvelut. Kartat ja lahjakortit Er\u00e4ruokailut Patikkaretki Kalajanvuorelle Lumikenk\u00e4retki Lumiv\u00e4lineiden vuokraus\" \/>\n<meta property=\"og:url\" content=\"https:\/\/kalajaretkeily.fi\/fi\/muut-palvelut\/\" \/>\n<meta property=\"og:site_name\" content=\"KalajaRetkeily\" \/>\n<meta property=\"article:modified_time\" content=\"2021-05-05T14:47:22+00:00\" \/>\n<meta property=\"og:image\" content=\"https:\/\/kalajaretkeily.fi\/fi\/wp-content\/uploads\/2019\/04\/evaat-1024x682.jpg\" \/>\n<meta name=\"twitter:card\" content=\"summary_large_image\" \/>\n<script type=\"application\/ld+json\" class=\"yoast-schema-graph\">{\"@context\":\"https:\/\/schema.org\",\"@graph\":[{\"@type\":\"WebPage\",\"@id\":\"https:\/\/kalajaretkeily.fi\/fi\/muut-palvelut\/\",\"url\":\"https:\/\/kalajaretkeily.fi\/fi\/muut-palvelut\/\",\"name\":\"Muut palvelut - KalajaRetkeily\",\"isPartOf\":{\"@id\":\"https:\/\/kalajaretkeily.fi\/fi\/#website\"},\"primaryImageOfPage\":{\"@id\":\"https:\/\/kalajaretkeily.fi\/fi\/muut-palvelut\/#primaryimage\"},\"image\":{\"@id\":\"https:\/\/kalajaretkeily.fi\/fi\/muut-palvelut\/#primaryimage\"},\"thumbnailUrl\":\"https:\/\/kalajaretkeily.fi\/fi\/wp-content\/uploads\/2019\/04\/evaat-1024x682.jpg\",\"datePublished\":\"2019-04-10T15:04:19+00:00\",\"dateModified\":\"2021-05-05T14:47:22+00:00\",\"breadcrumb\":{\"@id\":\"https:\/\/kalajaretkeily.fi\/fi\/muut-palvelut\/#breadcrumb\"},\"inLanguage\":\"fi\",\"potentialAction\":[{\"@type\":\"ReadAction\",\"target\":[\"https:\/\/kalajaretkeily.fi\/fi\/muut-palvelut\/\"]}]},{\"@type\":\"ImageObject\",\"inLanguage\":\"fi\",\"@id\":\"https:\/\/kalajaretkeily.fi\/fi\/muut-palvelut\/#primaryimage\",\"url\":\"https:\/\/kalajaretkeily.fi\/fi\/wp-content\/uploads\/2019\/04\/evaat.jpg\",\"contentUrl\":\"https:\/\/kalajaretkeily.fi\/fi\/wp-content\/uploads\/2019\/04\/evaat.jpg\",\"width\":1280,\"height\":853},{\"@type\":\"BreadcrumbList\",\"@id\":\"https:\/\/kalajaretkeily.fi\/fi\/muut-palvelut\/#breadcrumb\",\"itemListElement\":[{\"@type\":\"ListItem\",\"position\":1,\"name\":\"Etusivu\",\"item\":\"https:\/\/kalajaretkeily.fi\/fi\/\"},{\"@type\":\"ListItem\",\"position\":2,\"name\":\"Muut palvelut\"}]},{\"@type\":\"WebSite\",\"@id\":\"https:\/\/kalajaretkeily.fi\/fi\/#website\",\"url\":\"https:\/\/kalajaretkeily.fi\/fi\/\",\"name\":\"KalajaRetkeily\",\"description\":\"Kajakin vuokraus\",\"publisher\":{\"@id\":\"https:\/\/kalajaretkeily.fi\/fi\/#organization\"},\"potentialAction\":[{\"@type\":\"SearchAction\",\"target\":{\"@type\":\"EntryPoint\",\"urlTemplate\":\"https:\/\/kalajaretkeily.fi\/fi\/?s={search_term_string}\"},\"query-input\":{\"@type\":\"PropertyValueSpecification\",\"valueRequired\":true,\"valueName\":\"search_term_string\"}}],\"inLanguage\":\"fi\"},{\"@type\":\"Organization\",\"@id\":\"https:\/\/kalajaretkeily.fi\/fi\/#organization\",\"name\":\"KalajaRetkeily\",\"url\":\"https:\/\/kalajaretkeily.fi\/fi\/\",\"logo\":{\"@type\":\"ImageObject\",\"inLanguage\":\"fi\",\"@id\":\"https:\/\/kalajaretkeily.fi\/fi\/#\/schema\/logo\/image\/\",\"url\":\"https:\/\/kalajaretkeily.fi\/fi\/wp-content\/uploads\/2019\/05\/cropped-kalajalogo-1.png\",\"contentUrl\":\"https:\/\/kalajaretkeily.fi\/fi\/wp-content\/uploads\/2019\/05\/cropped-kalajalogo-1.png\",\"width\":241,\"height\":50,\"caption\":\"KalajaRetkeily\"},\"image\":{\"@id\":\"https:\/\/kalajaretkeily.fi\/fi\/#\/schema\/logo\/image\/\"}}]}<\/script>\n<!-- \/ Yoast SEO plugin. -->","yoast_head_json":{"title":"Muut palvelut - KalajaRetkeily","robots":{"index":"index","follow":"follow","max-snippet":"max-snippet:-1","max-image-preview":"max-image-preview:large","max-video-preview":"max-video-preview:-1"},"canonical":"https:\/\/kalajaretkeily.fi\/fi\/muut-palvelut\/","og_locale":"fi_FI","og_type":"article","og_title":"Muut palvelut - KalajaRetkeily","og_description":"KalajaRetkeilyn muut palvelut. Kartat ja lahjakortit Er\u00e4ruokailut Patikkaretki Kalajanvuorelle Lumikenk\u00e4retki Lumiv\u00e4lineiden vuokraus","og_url":"https:\/\/kalajaretkeily.fi\/fi\/muut-palvelut\/","og_site_name":"KalajaRetkeily","article_modified_time":"2021-05-05T14:47:22+00:00","og_image":[{"url":"https:\/\/kalajaretkeily.fi\/fi\/wp-content\/uploads\/2019\/04\/evaat-1024x682.jpg","type":"","width":"","height":""}],"twitter_card":"summary_large_image","schema":{"@context":"https:\/\/schema.org","@graph":[{"@type":"WebPage","@id":"https:\/\/kalajaretkeily.fi\/fi\/muut-palvelut\/","url":"https:\/\/kalajaretkeily.fi\/fi\/muut-palvelut\/","name":"Muut palvelut - KalajaRetkeily","isPartOf":{"@id":"https:\/\/kalajaretkeily.fi\/fi\/#website"},"primaryImageOfPage":{"@id":"https:\/\/kalajaretkeily.fi\/fi\/muut-palvelut\/#primaryimage"},"image":{"@id":"https:\/\/kalajaretkeily.fi\/fi\/muut-palvelut\/#primaryimage"},"thumbnailUrl":"https:\/\/kalajaretkeily.fi\/fi\/wp-content\/uploads\/2019\/04\/evaat-1024x682.jpg","datePublished":"2019-04-10T15:04:19+00:00","dateModified":"2021-05-05T14:47:22+00:00","breadcrumb":{"@id":"https:\/\/kalajaretkeily.fi\/fi\/muut-palvelut\/#breadcrumb"},"inLanguage":"fi","potentialAction":[{"@type":"ReadAction","target":["https:\/\/kalajaretkeily.fi\/fi\/muut-palvelut\/"]}]},{"@type":"ImageObject","inLanguage":"fi","@id":"https:\/\/kalajaretkeily.fi\/fi\/muut-palvelut\/#primaryimage","url":"https:\/\/kalajaretkeily.fi\/fi\/wp-content\/uploads\/2019\/04\/evaat.jpg","contentUrl":"https:\/\/kalajaretkeily.fi\/fi\/wp-content\/uploads\/2019\/04\/evaat.jpg","width":1280,"height":853},{"@type":"BreadcrumbList","@id":"https:\/\/kalajaretkeily.fi\/fi\/muut-palvelut\/#breadcrumb","itemListElement":[{"@type":"ListItem","position":1,"name":"Etusivu","item":"https:\/\/kalajaretkeily.fi\/fi\/"},{"@type":"ListItem","position":2,"name":"Muut palvelut"}]},{"@type":"WebSite","@id":"https:\/\/kalajaretkeily.fi\/fi\/#website","url":"https:\/\/kalajaretkeily.fi\/fi\/","name":"KalajaRetkeily","description":"Kajakin vuokraus","publisher":{"@id":"https:\/\/kalajaretkeily.fi\/fi\/#organization"},"potentialAction":[{"@type":"SearchAction","target":{"@type":"EntryPoint","urlTemplate":"https:\/\/kalajaretkeily.fi\/fi\/?s={search_term_string}"},"query-input":{"@type":"PropertyValueSpecification","valueRequired":true,"valueName":"search_term_string"}}],"inLanguage":"fi"},{"@type":"Organization","@id":"https:\/\/kalajaretkeily.fi\/fi\/#organization","name":"KalajaRetkeily","url":"https:\/\/kalajaretkeily.fi\/fi\/","logo":{"@type":"ImageObject","inLanguage":"fi","@id":"https:\/\/kalajaretkeily.fi\/fi\/#\/schema\/logo\/image\/","url":"https:\/\/kalajaretkeily.fi\/fi\/wp-content\/uploads\/2019\/05\/cropped-kalajalogo-1.png","contentUrl":"https:\/\/kalajaretkeily.fi\/fi\/wp-content\/uploads\/2019\/05\/cropped-kalajalogo-1.png","width":241,"height":50,"caption":"KalajaRetkeily"},"image":{"@id":"https:\/\/kalajaretkeily.fi\/fi\/#\/schema\/logo\/image\/"}}]}},"_links":{"self":[{"href":"https:\/\/kalajaretkeily.fi\/fi\/wp-json\/wp\/v2\/pages\/129","targetHints":{"allow":["GET"]}}],"collection":[{"href":"https:\/\/kalajaretkeily.fi\/fi\/wp-json\/wp\/v2\/pages"}],"about":[{"href":"https:\/\/kalajaretkeily.fi\/fi\/wp-json\/wp\/v2\/types\/page"}],"author":[{"embeddable":true,"href":"https:\/\/kalajaretkeily.fi\/fi\/wp-json\/wp\/v2\/users\/1"}],"replies":[{"embeddable":true,"href":"https:\/\/kalajaretkeily.fi\/fi\/wp-json\/wp\/v2\/comments?post=129"}],"version-history":[{"count":0,"href":"https:\/\/kalajaretkeily.fi\/fi\/wp-json\/wp\/v2\/pages\/129\/revisions"}],"wp:attachment":[{"href":"https:\/\/kalajaretkeily.fi\/fi\/wp-json\/wp\/v2\/media?parent=129"}],"curies":[{"name":"wp","href":"https:\/\/api.w.org\/{rel}","templated":true}]}}