{"id":29,"date":"2019-06-05T06:57:25","date_gmt":"2019-06-05T06:57:25","guid":{"rendered":"https:\/\/kalajaretkeily.fi\/en\/?page_id=29"},"modified":"2023-06-23T11:00:01","modified_gmt":"2023-06-23T08:00:01","slug":"enchantment-of-a-summer-night-paddling-trip-in-southern-konnevesi-national-park","status":"publish","type":"page","link":"https:\/\/kalajaretkeily.fi\/en\/kayaktours\/enchantment-of-a-summer-night-paddling-trip-in-southern-konnevesi-national-park\/","title":{"rendered":"Summer night Paddling trip in Southern Konnevesi National Park"},"content":{"rendered":"\n<figure class=\"wp-block-image size-large\"><img loading=\"lazy\" decoding=\"async\" width=\"1024\" height=\"576\" src=\"https:\/\/kalajaretkeily.fi\/en\/wp-content\/uploads\/2023\/06\/20230619_223854-1024x576.jpg\" alt=\"\" class=\"wp-image-359\" srcset=\"https:\/\/kalajaretkeily.fi\/en\/wp-content\/uploads\/2023\/06\/20230619_223854-1024x576.jpg 1024w, https:\/\/kalajaretkeily.fi\/en\/wp-content\/uploads\/2023\/06\/20230619_223854-300x169.jpg 300w, https:\/\/kalajaretkeily.fi\/en\/wp-content\/uploads\/2023\/06\/20230619_223854-768x432.jpg 768w, https:\/\/kalajaretkeily.fi\/en\/wp-content\/uploads\/2023\/06\/20230619_223854-1536x865.jpg 1536w, https:\/\/kalajaretkeily.fi\/en\/wp-content\/uploads\/2023\/06\/20230619_223854-2048x1153.jpg 2048w\" sizes=\"auto, (max-width: 1024px) 100vw, 1024px\" \/><\/figure>\n\n\n\n<p>Join\nus on a paddling trip in the dusk of approaching night. \n<\/p>\n\n\n\n<p><strong>The peace of the National Park, waves splashing against the kayak, the red glow of the setting sun on the horizon, a fire crackling in the settling dark and the delicious food enjoyed in its light.  They create their own unique atmosphere, which makes an ever-lasting memory.<\/strong><\/p>\n\n\n\n<p>The trip is also suitable for less experienced paddlers since we will paddle at a slow pace in calm waters.  The kayaking trip is 10-15 km depending on the route chosen, and the duration 4 -5 h, starting at 7 pm and return being before midnight.<\/p>\n\n\n\n<figure class=\"wp-block-image size-large\"><img loading=\"lazy\" decoding=\"async\" width=\"1024\" height=\"576\" src=\"https:\/\/kalajaretkeily.fi\/en\/wp-content\/uploads\/2023\/06\/20230620_122926-1024x576.jpg\" alt=\"\" class=\"wp-image-367\" srcset=\"https:\/\/kalajaretkeily.fi\/en\/wp-content\/uploads\/2023\/06\/20230620_122926-1024x576.jpg 1024w, https:\/\/kalajaretkeily.fi\/en\/wp-content\/uploads\/2023\/06\/20230620_122926-300x169.jpg 300w, https:\/\/kalajaretkeily.fi\/en\/wp-content\/uploads\/2023\/06\/20230620_122926-768x432.jpg 768w, https:\/\/kalajaretkeily.fi\/en\/wp-content\/uploads\/2023\/06\/20230620_122926-1536x864.jpg 1536w, https:\/\/kalajaretkeily.fi\/en\/wp-content\/uploads\/2023\/06\/20230620_122926-2048x1152.jpg 2048w\" sizes=\"auto, (max-width: 1024px) 100vw, 1024px\" \/><\/figure>\n\n\n\n<p> <strong>Price: <\/strong>65 euros\/participant, includes VAT 10%.  The Minimum charge of 260 euros (includes 1-4 partcipants).  <strong>Price includes:<\/strong>\u00a0\u00a0The services of a licenced paddling guide during the trip, the required equipment (kayaks, paddles, spraydecks, paddling vests).<\/p>\n\n\n\n<figure class=\"wp-block-image size-large\"><img loading=\"lazy\" decoding=\"async\" width=\"2560\" height=\"1440\" src=\"https:\/\/kalajaretkeily.fi\/en\/wp-content\/uploads\/2023\/06\/20220621_230922-edited-scaled.jpg\" alt=\"\" class=\"wp-image-370\" srcset=\"https:\/\/kalajaretkeily.fi\/en\/wp-content\/uploads\/2023\/06\/20220621_230922-edited-scaled.jpg 2560w, https:\/\/kalajaretkeily.fi\/en\/wp-content\/uploads\/2023\/06\/20220621_230922-edited-300x169.jpg 300w, https:\/\/kalajaretkeily.fi\/en\/wp-content\/uploads\/2023\/06\/20220621_230922-edited-1024x576.jpg 1024w, https:\/\/kalajaretkeily.fi\/en\/wp-content\/uploads\/2023\/06\/20220621_230922-edited-768x432.jpg 768w, https:\/\/kalajaretkeily.fi\/en\/wp-content\/uploads\/2023\/06\/20220621_230922-edited-1536x864.jpg 1536w, https:\/\/kalajaretkeily.fi\/en\/wp-content\/uploads\/2023\/06\/20220621_230922-edited-2048x1152.jpg 2048w\" sizes=\"auto, (max-width: 2560px) 100vw, 2560px\" \/><\/figure>\n\n\n\n<p><strong>Book your trip: &nbsp;<\/strong>Please book your trip by phone&nbsp;+358 40 5268562 or email&nbsp;<a href=\"mailto:info@kalajaretkeily.fi\">info@kalajaretkeily.fi<\/a>.  Available upon agreement, June 15th &#8211; September 31th 2022.<\/p>\n\n\n\n<p><strong>Location:<\/strong>&nbsp;Southern Konnevesi National Park, Starting and ending at the Hanhitaipale Harbor (address: Satamatie 143, 77700 Rautalampi). Distances: Jyv\u00e4skyl\u00e4 city centre 112 km and the travelling time is 1h 30 min. Jyv\u00e4skyl\u00e4 airport 92 km, travelling time 1h 15 min. Kuopio city centre 85 km, travelling time 1h 10 min. Kuopio airport 100 km, travelling time 1h 20 min.<\/p>\n\n\n\n<p><strong>Requirements for the participants:<\/strong>&nbsp;The participants must be over 18 years old. Children under 18 can participate in the company of a guardian.&nbsp; The minimum weight of the participants is 40 kg and maximum weight 120 kg. It is also necessary to be able to swim for at least 5 meters. The participants are required to have clothes appropriate for the weather and footwear suitable for paddling. They can also paddle barefoot.<\/p>\n\n\n\n<p>There is an outhouse available at the starting point in Hanhitaipale harbor. <\/p>\n\n\n\n<div class=\"wp-block-file\"><a id=\"wp-block-file--media-1409fae4-3f16-4efa-9426-fee129432fe1\" href=\"https:\/\/kalajaretkeily.fi\/en\/wp-content\/uploads\/2019\/11\/Things-to-know-before-a-paddling-tour.pdf\">Things to know before a paddling tour<\/a><a href=\"https:\/\/kalajaretkeily.fi\/en\/wp-content\/uploads\/2019\/11\/Things-to-know-before-a-paddling-tour.pdf\" class=\"wp-block-file__button wp-element-button\" download aria-describedby=\"wp-block-file--media-1409fae4-3f16-4efa-9426-fee129432fe1\">Read<\/a><\/div>\n","protected":false},"excerpt":{"rendered":"<p>Join us on a paddling trip in the dusk of approaching night. The peace of the National Park, waves splashing against the kayak, the red glow of the setting sun &#8230;<\/p>\n","protected":false},"author":1,"featured_media":0,"parent":21,"menu_order":0,"comment_status":"closed","ping_status":"closed","template":"","meta":{"footnotes":""},"class_list":["post-29","page","type-page","status-publish","hentry"],"aioseo_notices":[],"_links":{"self":[{"href":"https:\/\/kalajaretkeily.fi\/en\/wp-json\/wp\/v2\/pages\/29","targetHints":{"allow":["GET"]}}],"collection":[{"href":"https:\/\/kalajaretkeily.fi\/en\/wp-json\/wp\/v2\/pages"}],"about":[{"href":"https:\/\/kalajaretkeily.fi\/en\/wp-json\/wp\/v2\/types\/page"}],"author":[{"embeddable":true,"href":"https:\/\/kalajaretkeily.fi\/en\/wp-json\/wp\/v2\/users\/1"}],"replies":[{"embeddable":true,"href":"https:\/\/kalajaretkeily.fi\/en\/wp-json\/wp\/v2\/comments?post=29"}],"version-history":[{"count":14,"href":"https:\/\/kalajaretkeily.fi\/en\/wp-json\/wp\/v2\/pages\/29\/revisions"}],"predecessor-version":[{"id":371,"href":"https:\/\/kalajaretkeily.fi\/en\/wp-json\/wp\/v2\/pages\/29\/revisions\/371"}],"up":[{"embeddable":true,"href":"https:\/\/kalajaretkeily.fi\/en\/wp-json\/wp\/v2\/pages\/21"}],"wp:attachment":[{"href":"https:\/\/kalajaretkeily.fi\/en\/wp-json\/wp\/v2\/media?parent=29"}],"curies":[{"name":"wp","href":"https:\/\/api.w.org\/{rel}","templated":true}]}}