{"id":24,"date":"2019-06-05T06:47:17","date_gmt":"2019-06-05T06:47:17","guid":{"rendered":"https:\/\/kalajaretkeily.fi\/en\/?page_id=24"},"modified":"2023-06-24T11:32:54","modified_gmt":"2023-06-24T08:32:54","slug":"osprey-tour-paddling-in-southern-konnevesi-national-park","status":"publish","type":"page","link":"https:\/\/kalajaretkeily.fi\/en\/kayaktours\/osprey-tour-paddling-in-southern-konnevesi-national-park\/","title":{"rendered":"Osprey Tour \u2013 Paddling in Southern Konnevesi National Park"},"content":{"rendered":"\n<figure class=\"wp-block-image size-large\"><img loading=\"lazy\" decoding=\"async\" width=\"1024\" height=\"768\" src=\"https:\/\/kalajaretkeily.fi\/en\/wp-content\/uploads\/2022\/07\/20210716_161809-1024x768.jpg\" alt=\"\" class=\"wp-image-305\" srcset=\"https:\/\/kalajaretkeily.fi\/en\/wp-content\/uploads\/2022\/07\/20210716_161809-1024x768.jpg 1024w, https:\/\/kalajaretkeily.fi\/en\/wp-content\/uploads\/2022\/07\/20210716_161809-300x225.jpg 300w, https:\/\/kalajaretkeily.fi\/en\/wp-content\/uploads\/2022\/07\/20210716_161809-768x576.jpg 768w, https:\/\/kalajaretkeily.fi\/en\/wp-content\/uploads\/2022\/07\/20210716_161809-1536x1152.jpg 1536w, https:\/\/kalajaretkeily.fi\/en\/wp-content\/uploads\/2022\/07\/20210716_161809-2048x1536.jpg 2048w\" sizes=\"auto, (max-width: 1024px) 100vw, 1024px\" \/><\/figure>\n\n\n\n<p><strong> This tour takes place in South -Eastern part of Etel\u00e4 -Konnevesi lake in Southern Konnevesi National Park. \u00a0The area is\u00a0sheltered and labyrinth-like archipelago with the most impressive rocks and the narrowest straits of the area. There are things to see and experiences for everybody from beginners to advanced paddlers. The speciality of the area is the biggest osprey population in the Central Finland region and plenty of their huts. The tour includes a break in the Kaituri lean-to, where we have snacks.<\/strong><\/p>\n\n\n\n<p> The trip is also suitable for less experienced paddlers since we will paddle at a slow pace in calm waters.\u00a0 The kayaking trip is 11-14 km depending on the route chosen and lasts for c. 5 hours.<\/p>\n\n\n\n<figure class=\"wp-block-image size-large\"><img loading=\"lazy\" decoding=\"async\" width=\"1024\" height=\"576\" src=\"https:\/\/kalajaretkeily.fi\/en\/wp-content\/uploads\/2023\/06\/20230620_122926-1024x576.jpg\" alt=\"\" class=\"wp-image-367\" srcset=\"https:\/\/kalajaretkeily.fi\/en\/wp-content\/uploads\/2023\/06\/20230620_122926-1024x576.jpg 1024w, https:\/\/kalajaretkeily.fi\/en\/wp-content\/uploads\/2023\/06\/20230620_122926-300x169.jpg 300w, https:\/\/kalajaretkeily.fi\/en\/wp-content\/uploads\/2023\/06\/20230620_122926-768x432.jpg 768w, https:\/\/kalajaretkeily.fi\/en\/wp-content\/uploads\/2023\/06\/20230620_122926-1536x864.jpg 1536w, https:\/\/kalajaretkeily.fi\/en\/wp-content\/uploads\/2023\/06\/20230620_122926-2048x1152.jpg 2048w\" sizes=\"auto, (max-width: 1024px) 100vw, 1024px\" \/><\/figure>\n\n\n\n<p><strong>Price:\u00a0<\/strong><\/p>\n\n\n\n<p><strong>79 euros\/participant<\/strong>, includes VAT 10%. The minimum charge of 316 euros (includes 1-4 participants). <strong>Price includes:<\/strong>\u00a0\u00a0The services of a licenced paddling guide during the trip, the required equipment (kayaks, paddles, spraydecks, paddling vests), \u00a0coffee\/tea.<\/p>\n\n\n\n<figure class=\"wp-block-image\"><img loading=\"lazy\" decoding=\"async\" width=\"1024\" height=\"768\" src=\"https:\/\/kalajaretkeily.fi\/en\/wp-content\/uploads\/2019\/07\/20180714_095852-1024x768.jpg\" alt=\"\" class=\"wp-image-145\" srcset=\"https:\/\/kalajaretkeily.fi\/en\/wp-content\/uploads\/2019\/07\/20180714_095852-1024x768.jpg 1024w, https:\/\/kalajaretkeily.fi\/en\/wp-content\/uploads\/2019\/07\/20180714_095852-300x225.jpg 300w, https:\/\/kalajaretkeily.fi\/en\/wp-content\/uploads\/2019\/07\/20180714_095852-768x576.jpg 768w\" sizes=\"auto, (max-width: 1024px) 100vw, 1024px\" \/><figcaption class=\"wp-element-caption\">Saukkosaari Cliff<\/figcaption><\/figure>\n\n\n\n<p><strong>Book your trip: &nbsp;<\/strong>Please book your trip by phone&nbsp;+358 40 5268562 or email&nbsp;<a href=\"mailto:info@kalajaretkeily.fi\">info@kalajaretkeily.fi<\/a>. Available upon agreement, June 15th \u2013 September 31th, 2022.<\/p>\n\n\n\n<figure class=\"wp-block-image\"><img loading=\"lazy\" decoding=\"async\" width=\"1024\" height=\"768\" src=\"https:\/\/kalajaretkeily.fi\/en\/wp-content\/uploads\/2019\/07\/20180706_111719-1024x768.jpg\" alt=\"\" class=\"wp-image-148\" srcset=\"https:\/\/kalajaretkeily.fi\/en\/wp-content\/uploads\/2019\/07\/20180706_111719-1024x768.jpg 1024w, https:\/\/kalajaretkeily.fi\/en\/wp-content\/uploads\/2019\/07\/20180706_111719-300x225.jpg 300w, https:\/\/kalajaretkeily.fi\/en\/wp-content\/uploads\/2019\/07\/20180706_111719-768x576.jpg 768w\" sizes=\"auto, (max-width: 1024px) 100vw, 1024px\" \/><\/figure>\n\n\n\n<p><strong>Location:<\/strong>&nbsp;Southern Konnevesi National Park, Starting and ending at the Hanhitaipale Harbor (address: Satamatie 143, 77700 Rautalampi). Distances: Jyv\u00e4skyl\u00e4 city centre 112 km and the travelling time is 1h 30 min. Jyv\u00e4skyl\u00e4 airport 92 km, travelling time 1h 15 min. Kuopio city centre 85 km, travelling time 1h 10 min. Kuopio airport 100 km, travelling time 1h 20 min.<\/p>\n\n\n\n<figure class=\"wp-block-image size-large\"><img loading=\"lazy\" decoding=\"async\" width=\"1024\" height=\"768\" src=\"https:\/\/kalajaretkeily.fi\/en\/wp-content\/uploads\/2022\/07\/20220621_122011-1024x768.jpg\" alt=\"\" class=\"wp-image-307\" srcset=\"https:\/\/kalajaretkeily.fi\/en\/wp-content\/uploads\/2022\/07\/20220621_122011-1024x768.jpg 1024w, https:\/\/kalajaretkeily.fi\/en\/wp-content\/uploads\/2022\/07\/20220621_122011-300x225.jpg 300w, https:\/\/kalajaretkeily.fi\/en\/wp-content\/uploads\/2022\/07\/20220621_122011-768x576.jpg 768w, https:\/\/kalajaretkeily.fi\/en\/wp-content\/uploads\/2022\/07\/20220621_122011-1536x1152.jpg 1536w, https:\/\/kalajaretkeily.fi\/en\/wp-content\/uploads\/2022\/07\/20220621_122011-2048x1536.jpg 2048w\" sizes=\"auto, (max-width: 1024px) 100vw, 1024px\" \/><\/figure>\n\n\n\n<p><strong>Requirements for the participants:<\/strong>&nbsp;The participants need to be over 18 years old. Children under 18 can participate in the company of a guardian.&nbsp; The minimum weight of the participants is 40 kg and maximum weight 120 kg. It is also necessary to be able to swim for at least 5 meters. The participants are required to have clothes appropriate for the weather and footwear suitable for paddling. They can also paddle barefoot.<\/p>\n\n\n\n<p>There is an outhouse available at the starting point in Hanhitaipale harbor.<\/p>\n\n\n\n<div class=\"wp-block-file\"><a id=\"wp-block-file--media-c3eceaf1-71c2-427b-931d-a80615eaab0a\" href=\"https:\/\/kalajaretkeily.fi\/en\/wp-content\/uploads\/2019\/11\/Things-to-know-before-a-paddling-tour.pdf\">Things to know before a paddling tour<\/a><a href=\"https:\/\/kalajaretkeily.fi\/en\/wp-content\/uploads\/2019\/11\/Things-to-know-before-a-paddling-tour.pdf\" class=\"wp-block-file__button wp-element-button\" download aria-describedby=\"wp-block-file--media-c3eceaf1-71c2-427b-931d-a80615eaab0a\">Read<\/a><\/div>\n","protected":false},"excerpt":{"rendered":"<p>This tour takes place in South -Eastern part of Etel\u00e4 -Konnevesi lake in Southern Konnevesi National Park. \u00a0The area is\u00a0sheltered and labyrinth-like archipelago with the most impressive rocks and the &#8230;<\/p>\n","protected":false},"author":1,"featured_media":0,"parent":21,"menu_order":0,"comment_status":"closed","ping_status":"closed","template":"","meta":{"footnotes":""},"class_list":["post-24","page","type-page","status-publish","hentry"],"aioseo_notices":[],"_links":{"self":[{"href":"https:\/\/kalajaretkeily.fi\/en\/wp-json\/wp\/v2\/pages\/24","targetHints":{"allow":["GET"]}}],"collection":[{"href":"https:\/\/kalajaretkeily.fi\/en\/wp-json\/wp\/v2\/pages"}],"about":[{"href":"https:\/\/kalajaretkeily.fi\/en\/wp-json\/wp\/v2\/types\/page"}],"author":[{"embeddable":true,"href":"https:\/\/kalajaretkeily.fi\/en\/wp-json\/wp\/v2\/users\/1"}],"replies":[{"embeddable":true,"href":"https:\/\/kalajaretkeily.fi\/en\/wp-json\/wp\/v2\/comments?post=24"}],"version-history":[{"count":10,"href":"https:\/\/kalajaretkeily.fi\/en\/wp-json\/wp\/v2\/pages\/24\/revisions"}],"predecessor-version":[{"id":375,"href":"https:\/\/kalajaretkeily.fi\/en\/wp-json\/wp\/v2\/pages\/24\/revisions\/375"}],"up":[{"embeddable":true,"href":"https:\/\/kalajaretkeily.fi\/en\/wp-json\/wp\/v2\/pages\/21"}],"wp:attachment":[{"href":"https:\/\/kalajaretkeily.fi\/en\/wp-json\/wp\/v2\/media?parent=24"}],"curies":[{"name":"wp","href":"https:\/\/api.w.org\/{rel}","templated":true}]}}